{"id":99084,"date":"2024-10-14T08:06:45","date_gmt":"2024-10-14T08:06:45","guid":{"rendered":"https:\/\/moto-oprema.com\/Artikel\/fox-180-mx-frauen-rennen-spec-trikot-dunkel-lila\/"},"modified":"2024-10-14T08:06:45","modified_gmt":"2024-10-14T08:06:45","slug":"fox-180-mx-frauen-rennen-spec-trikot-dunkel-lila","status":"publish","type":"product","link":"https:\/\/moto-oprema.com\/de\/Artikel\/fox-180-mx-frauen-rennen-spec-trikot-dunkel-lila\/","title":{"rendered":"FOX 180 MX FRAUEN RENNEN SPEC TRIKOT DUNKEL LILA"},"content":{"rendered":"<p>Das FOX 180 Race Spec Motocross T-Shirt f\u00fcr Damen bietet alles, was Sie zum Motocrossfahren brauchen. Vom Anf\u00e4nger zum Profi zu werden, ist keine leichte Aufgabe. Das 180 Race Apparel wurde entwickelt, um diese Fahrer zu unterst\u00fctzen.  <\/p>\n<p>Das 180er Trikot basiert auf einem feuchtigkeitsableitenden Stoff, der den K\u00f6rper k\u00fchl, trocken und komfortabel h\u00e4lt. Seitliche Mesh-Eins\u00e4tze erh\u00f6hen die Luftzirkulation und helfen bei der Regulierung der K\u00f6rpertemperatur und des Feuchtigkeitsmanagements. Leichte B\u00fcndchen sorgen f\u00fcr eine optimale Passform, ohne zu dr\u00fccken, und das Drop-Tail-Design sorgt daf\u00fcr, dass das Shirt immer perfekt sitzt.  <\/p>\n<p>Material: 100 % Polyester<\/p>\n","protected":false},"excerpt":{"rendered":"<p>Das FOX 180 Race Spec Motocross T-Shirt f\u00fcr Damen bietet alles, was Sie zum Motocrossfahren brauchen&#8230;.<\/p>\n","protected":false},"featured_media":31361,"comment_status":"open","ping_status":"open","template":"","meta":{"_acf_changed":false},"brand":[2115],"gender":[2170],"product_brand":[],"product_cat":[2028,2029],"product_tag":[],"class_list":{"0":"post-99084","1":"product","2":"type-product","3":"status-publish","4":"has-post-thumbnail","6":"brand-fox-de","7":"gender-zenska-de","8":"product_cat-motocross-ausrustung","9":"product_cat-mx-dresi-de","10":"pa_size-l-de","11":"pa_size-m-de","12":"pa_size-s-de","13":"pa_size-xl-de","14":"pa_size-xxl-de","16":"first","17":"instock","18":"sale","19":"taxable","20":"shipping-taxable","21":"purchasable","22":"product-type-variable"},"acf":[],"_links":{"self":[{"href":"https:\/\/moto-oprema.com\/de\/wp-json\/wp\/v2\/product\/99084","targetHints":{"allow":["GET"]}}],"collection":[{"href":"https:\/\/moto-oprema.com\/de\/wp-json\/wp\/v2\/product"}],"about":[{"href":"https:\/\/moto-oprema.com\/de\/wp-json\/wp\/v2\/types\/product"}],"replies":[{"embeddable":true,"href":"https:\/\/moto-oprema.com\/de\/wp-json\/wp\/v2\/comments?post=99084"}],"wp:featuredmedia":[{"embeddable":true,"href":"https:\/\/moto-oprema.com\/de\/wp-json\/wp\/v2\/media\/31361"}],"wp:attachment":[{"href":"https:\/\/moto-oprema.com\/de\/wp-json\/wp\/v2\/media?parent=99084"}],"wp:term":[{"taxonomy":"brand","embeddable":true,"href":"https:\/\/moto-oprema.com\/de\/wp-json\/wp\/v2\/brand?post=99084"},{"taxonomy":"gender","embeddable":true,"href":"https:\/\/moto-oprema.com\/de\/wp-json\/wp\/v2\/gender?post=99084"},{"taxonomy":"product_brand","embeddable":true,"href":"https:\/\/moto-oprema.com\/de\/wp-json\/wp\/v2\/product_brand?post=99084"},{"taxonomy":"product_cat","embeddable":true,"href":"https:\/\/moto-oprema.com\/de\/wp-json\/wp\/v2\/product_cat?post=99084"},{"taxonomy":"product_tag","embeddable":true,"href":"https:\/\/moto-oprema.com\/de\/wp-json\/wp\/v2\/product_tag?post=99084"}],"curies":[{"name":"wp","href":"https:\/\/api.w.org\/{rel}","templated":true}]}}