{"id":99043,"date":"2024-10-18T07:57:05","date_gmt":"2024-10-18T07:57:05","guid":{"rendered":"https:\/\/moto-oprema.com\/Artikel\/alpinestars-tech-air-off-road-airbag-system-rot\/"},"modified":"2024-10-18T07:57:05","modified_gmt":"2024-10-18T07:57:05","slug":"alpinestars-tech-air-off-road-airbag-system-rot","status":"publish","type":"product","link":"https:\/\/moto-oprema.com\/de\/Artikel\/alpinestars-tech-air-off-road-airbag-system-rot\/","title":{"rendered":"ALPINESTARS TECH-AIR OFF-ROAD AIRBAG SYSTEM ROT"},"content":{"rendered":"<p>Tech-Air\u00ae Off-Road ist ein von der FIM zugelassenes Airbagsystem, das speziell f\u00fcr den harten Rallyesport entwickelt wurde und einen un\u00fcbertroffenen Schutz f\u00fcr den Oberk\u00f6rper bietet. Das Tech-Air\u00ae Off-Road System wurde unter den h\u00e4rtesten Bedingungen der Rallye Dakar, dem h\u00e4rtesten Off-Road-Rennen der Welt, entwickelt und seit 2017 getestet. Es bietet die fortschrittlichste aktive Airbag-Technologie f\u00fcr das Fahren im Gel\u00e4nde.<br \/>\nDas Tech-Air\u00ae Off-Road System mit aufgeblasenem aktivem Airbag bietet vollen CE Level 1 Schutz f\u00fcr Brust und R\u00fccken sowie Schutz f\u00fcr Schultern, Nacken und Schl\u00fcsselbeine im Falle eines Unfalls. Das System ist in die Alpinestars Off-Road Protection Jacke integriert, die \u00fcber einen passiven Schutz der Stufe 1 f\u00fcr den R\u00fccken und die Gliedma\u00dfen, einen integrierten Schutz an den Armen und einen passiven Schutz der Stufe 2 f\u00fcr die Brust verf\u00fcgt, so dass der Fahrer besser vor Steinen, Ger\u00f6ll und anderen Hindernissen gesch\u00fctzt ist, mit denen er auf dem Trail in Ber\u00fchrung kommen kann. Das System wurde f\u00fcr das Fahren in jedem Gel\u00e4nde entwickelt und verf\u00fcgt \u00fcber drei Fahrmodi: ENDURO, RALLY und STREET, was es zur perfekten Wahl f\u00fcr alle Arten von Stra\u00dfen- und Offroad-Fahrten macht.     <\/p>\n<p>TECH-AIR\u00ae OFF-ROAD MODE: ENDURO, RALLY AND STREET<br \/>\nDas Tech-Air\u00ae Off-Road System bietet Schutz in den Modi ENDURO, RALLY und STREET, einschlie\u00dflich des Aufpralls auf Hindernisse und des Kontrollverlusts (allgemein als &#8222;low-side&#8220; und &#8222;high-side&#8220; Crashs bezeichnet).<\/p>\n<p>Der ENDURO-Modus ist f\u00fcr Fahrten mit niedriger bis mittlerer Geschwindigkeit optimiert, bei denen der Benutzer auf ungesch\u00fctztem Untergrund wie Schotter, Flussbetten, Schlamm und anderem nat\u00fcrlichen Terrain f\u00e4hrt. Typischerweise beinhalten diese Fahrszenarien mehrere Richtungswechsel und die \u00dcberwindung von Hindernissen und Steigungen bei niedrigen Geschwindigkeiten. <\/p>\n<p>Der RALLY-Modus ist f\u00fcr schnelle Offroad-Kurse in jedem Gel\u00e4nde optimiert und wird f\u00fcr Fahrten empfohlen, die durch l\u00e4ngere gerade Abschnitte mit mehr Bodenwellen und verschiedenen Gel\u00e4ndetypen gekennzeichnet sind, die bei hohen Geschwindigkeiten zu bew\u00e4ltigen sind, was bei typischen Enduro-Veranstaltungen schwierig ist. Typische Umgebungen, in denen diese Fahrszenarien auftreten, sind vor allem W\u00fcstengel\u00e4nde (mit D\u00fcnen und sandigen B\u00f6den), Schotter und offene Landschaften. <\/p>\n<p>Der STREET-Modus ist f\u00fcr asphaltierte Stra\u00dfen optimiert und ber\u00fccksichtigt Situationen, in denen das Motorrad des Fahrers im Stand auf ein anderes Fahrzeug trifft.<\/p>\n<p>HAUPTMERKMALE DES TECH-AIR\u00ae OFF-ROAD-FAHRSYSTEMS<\/p>\n<p>Tech-Air\u00ae Off-Road ist das erste Airbagsystem, das speziell f\u00fcr das Fahren im Gel\u00e4nde entwickelt wurde. Es verf\u00fcgt \u00fcber drei Fahrmodi: ENDURO, RALLY und STREET.<\/p>\n<p>Sie k\u00f6nnen den Fahrmodus auch einfach w\u00e4hrend der Fahrt \u00e4ndern, indem Sie eine Taste auf dem LED-Display an der Vorderseite des Systems oder \u00fcber die Tech-Air\u00ae App dr\u00fccken.<\/p>\n<p>Das Tech-Air\u00ae OFF-ROAD System verf\u00fcgt \u00fcber zwei Gasgeneratoren. Das bedeutet, dass das System bei zwei vollen Gasgeneratoren zwei separate Airbagausl\u00f6sungen erm\u00f6glicht, so dass im Falle eines Unfalls nur ein Gasgenerator aktiviert wird, um das gesamte Airbagsystem aufzublasen.<\/p>\n<p>Das \u00d6ffnen der Schnellverschlussabdeckung erm\u00f6glicht den schnellen Austausch des Inflators durch den Benutzer (nur in L\u00e4ndern verf\u00fcgbar, in denen die lokalen Vorschriften den Austausch des Inflators durch Privatpersonen erlauben).<\/p>\n<p>V\u00f6llig autonomes und unabh\u00e4ngiges System; 3 Beschleunigungsmesser (1 triaxialer Beschleunigungsmesser) und 3 Gyroskope (1 triaxiales Gyroskop) sind in die elektronische Steuereinheit (ECU) integriert und gew\u00e4hrleisten die beste Aufprall\u00fcberwachungsleistung und aktiven Airbagschutz in verschiedenen dynamischen Offroad-Fahrszenarien. F\u00fcr den Betrieb des Systems sind keine externen Sensoren erforderlich. <\/p>\n<p>Das Tech-Air\u00ae OFF-ROAD System verwendet einen integrierten und zertifizierten Lithium-Ionen-Akku mit einer vollen Ladeautonomie von 30 Stunden und einer Ladezeit von ca. 4 Stunden; wenn Sie den Akku ca. eine Stunde lang aufladen, k\u00f6nnen Sie ihn ca. acht Stunden lang im Motorbetrieb nutzen.<\/p>\n<p>Das LED-Display ist mit einem integrierten Ladeanschluss ausgestattet, der das Aufladen des Systems bequem und einfach macht. Stecken Sie einfach das USB-C-Kabel in den Ladeanschluss des LED-Anzeigesystems und verbinden Sie es mit einer Stromquelle. <\/p>\n<p>Einfach zu bedienen: Um das Tech-Air\u00ae Off-Road System zu aktivieren, schlie\u00dfen Sie einfach den Rei\u00dfverschluss des Systems und es wird automatisch entfaltet und das Airbagsystem aktiviert. Um den Airbag zu deaktivieren, \u00f6ffnen Sie den Rei\u00dfverschluss und das System wird automatisch deaktiviert. <\/p>\n<p>Auf der Steuereinheit befindet sich ein spezieller Schiebeschalter f\u00fcr den Sendemodus, der das System beim Einschalten in den Schlafmodus versetzt. Der Schalter f\u00fcr den Sendemodus ist nur zug\u00e4nglich, wenn die hintere Schutzabdeckung entfernt wurde und erm\u00f6glicht es, die Batterie vom System zu trennen. <\/p>\n<p>&nbsp;<\/p>\n","protected":false},"excerpt":{"rendered":"","protected":false},"featured_media":31543,"comment_status":"open","ping_status":"closed","template":"","meta":{"_acf_changed":false},"brand":[2111],"gender":[],"product_brand":[],"product_cat":[2221,1357,2028,2079,2209],"product_tag":[],"class_list":{"0":"post-99043","1":"product","2":"type-product","3":"status-publish","4":"has-post-thumbnail","6":"brand-alpinestars-de","7":"product_cat-airbags-de","8":"product_cat-ausrustung-fur-motorradfahrer","9":"product_cat-motocross-ausrustung","10":"product_cat-mx-schilder","11":"product_cat-schutzschilde-und-airbags","12":"pa_size-2xl-de","13":"pa_size-l-de","14":"pa_size-m-de","15":"pa_size-s-de","16":"pa_size-xl-de","18":"first","19":"instock","20":"taxable","21":"shipping-taxable","22":"purchasable","23":"product-type-variable"},"acf":[],"_links":{"self":[{"href":"https:\/\/moto-oprema.com\/de\/wp-json\/wp\/v2\/product\/99043","targetHints":{"allow":["GET"]}}],"collection":[{"href":"https:\/\/moto-oprema.com\/de\/wp-json\/wp\/v2\/product"}],"about":[{"href":"https:\/\/moto-oprema.com\/de\/wp-json\/wp\/v2\/types\/product"}],"replies":[{"embeddable":true,"href":"https:\/\/moto-oprema.com\/de\/wp-json\/wp\/v2\/comments?post=99043"}],"wp:featuredmedia":[{"embeddable":true,"href":"https:\/\/moto-oprema.com\/de\/wp-json\/wp\/v2\/media\/31543"}],"wp:attachment":[{"href":"https:\/\/moto-oprema.com\/de\/wp-json\/wp\/v2\/media?parent=99043"}],"wp:term":[{"taxonomy":"brand","embeddable":true,"href":"https:\/\/moto-oprema.com\/de\/wp-json\/wp\/v2\/brand?post=99043"},{"taxonomy":"gender","embeddable":true,"href":"https:\/\/moto-oprema.com\/de\/wp-json\/wp\/v2\/gender?post=99043"},{"taxonomy":"product_brand","embeddable":true,"href":"https:\/\/moto-oprema.com\/de\/wp-json\/wp\/v2\/product_brand?post=99043"},{"taxonomy":"product_cat","embeddable":true,"href":"https:\/\/moto-oprema.com\/de\/wp-json\/wp\/v2\/product_cat?post=99043"},{"taxonomy":"product_tag","embeddable":true,"href":"https:\/\/moto-oprema.com\/de\/wp-json\/wp\/v2\/product_tag?post=99043"}],"curies":[{"name":"wp","href":"https:\/\/api.w.org\/{rel}","templated":true}]}}