{"id":99029,"date":"2024-10-18T07:03:32","date_gmt":"2024-10-18T07:03:32","guid":{"rendered":"https:\/\/moto-oprema.com\/Artikel\/alpinestars-supertech-rk-10-kniehosen-schwarz\/"},"modified":"2024-10-18T07:03:32","modified_gmt":"2024-10-18T07:03:32","slug":"alpinestars-supertech-rk-10-kniehosen-schwarz","status":"publish","type":"product","link":"https:\/\/moto-oprema.com\/de\/Artikel\/alpinestars-supertech-rk-10-kniehosen-schwarz\/","title":{"rendered":"ALPINESTARS SUPERTECH RK-10 KNIEHOSEN SCHWARZ"},"content":{"rendered":"<p>Mit ihrem kompakten, flachen Design, das bei dynamischen Bewegungen eine \u00fcberragende Offroad-Performance bietet, wurde die Supertech RK-10 Knieorthese entwickelt, um ein H\u00f6chstma\u00df an Knieunterst\u00fctzung zu bieten. Die RK-10 ist ultraleicht, ultra-atmungsaktiv, ultra-komfortabel und ultra-sch\u00fctzend. Sie verf\u00fcgt \u00fcber einen freischwebenden Nucleon Plasma Knieprotektor, der in eine innovative asymmetrische, geschmiedete Kohlefaser-Rahmenkonstruktion integriert ist, die ein H\u00f6chstma\u00df an Steifigkeit und \u00fcberlegene gewichtsreduzierende Eigenschaften bietet.<br \/>\nDieser 34-lagige Kohlefaserrahmen wurde auf der Grundlage des Feedbacks von professionellen MX-Fahrern entwickelt und bietet ein optimales Gleichgewicht zwischen Flexibilit\u00e4t und Steifigkeit, um dem Fahrer ein H\u00f6chstma\u00df an Komfort und Unterst\u00fctzung zu bieten und gleichzeitig das Verletzungsrisiko f\u00fcr die medialen und lateralen Seitenb\u00e4nder, die vorderen und hinteren Kreuzb\u00e4nder sowie den lateralen und medialen Meniskus zu minimieren.<br \/>\nDie Geometrie dieses Rahmens wurde anhand unz\u00e4hliger 3D-Scans von Profisportlern pr\u00e4zise entwickelt, um ein optimales Innenvolumen und eine pr\u00e4zise Scharnierbreite f\u00fcr maximalen Komfort w\u00e4hrend des Gebrauchs zu gew\u00e4hrleisten.<br \/>\nDie Spitzen der Ober- und Unterseite des Rahmens haben eine innovative, weiche und flexible Konstruktion mit einem sanften \u00dcbergang, der verhindert, dass die harten Kanten des Kohlefaserrahmens in direkten Kontakt mit der Haut kommen.<br \/>\nDie austauschbaren Knieschalen bestehen aus einer Polyurethan-Au\u00dfenschale mit einer Nucleon Plasma-Schutzschicht f\u00fcr eine optimale Kombination aus Aufprallschutz, Flexibilit\u00e4t und Kratzfestigkeit.<br \/>\nStrategisch positionierte obere und untere Knieverl\u00e4ngerungen sorgen f\u00fcr eine maximale Abdeckung unabh\u00e4ngig von den Beuge- und Streckwinkeln.<br \/>\nDas extrem stabile, kompakte, flache Vier-Punkt-Scharniersystem folgt perfekt der Gelenkbewegung des Knies, w\u00e4hrend die von 0 bis 30 Grad erh\u00e4ltlichen Dehnungsanschl\u00e4ge helfen, die Bandage auf den gew\u00fcnschten maximalen \u00d6ffnungswinkel einzustellen.<br \/>\nDie austauschbaren Scharnierabdeckungen gehen nahtlos von den Scharnieren in den Rahmen \u00fcber, so dass es keine Stufen in der Struktur gibt und die M\u00f6glichkeit eines Materialstaus vermieden wird.<br \/>\nNucleon Plasma ist ein hochelastisches Material, das aus biobasierten Polymeren hergestellt und zu einer Struktur geformt wird, die in alle Richtungen flexibel ist und gleichzeitig die F\u00e4higkeit besitzt, Aufprallenergie zu zerstreuen. Der leichte und gut bel\u00fcftete Knieschutz sorgt f\u00fcr eine starke Streuung und Absorption der Aufprallenergie, w\u00e4hrend er in allen Fahrpositionen einen maximalen Schutzbereich bietet. <\/p>\n<p>USDA-zertifiziertes organisches, nachhaltiges und biobasiertes sto\u00dfd\u00e4mpfendes Material.<br \/>\nDas weiche, griffige, rutschfeste Neoprenfutter bietet h\u00f6chsten Komfort f\u00fcr den Fahrer und h\u00e4lt den Knieschoner sicher in Position. Als Ersatzteil austauschbar.<br \/>\nDie Soft-Touch-Neoprenpolsterung der Kondylen verhindert zus\u00e4tzlich ein Verrutschen der Kniest\u00fctze und ist in verschiedenen St\u00e4rken f\u00fcr eine individuelle Passform erh\u00e4ltlich. <\/p>\n<p>Als Ersatzteil austauschbar.<br \/>\nDie X-Braces sind so profiliert, dass sie die Kniekehle nicht einklemmen, wenn sie vollst\u00e4ndig gebeugt ist.<br \/>\nNukleon-Plasma in den Schienbeinschonern f\u00fcr zus\u00e4tzlichen Schutz.<br \/>\nObere und untere Kniepolsterung, die nicht greift, um Reibung zu vermeiden.<br \/>\nDie hochfesten Schnallen sind robust, aber dennoch flexibel, so dass sie sich leicht befestigen und einstellen lassen.<br \/>\nDie zentralen Schnallen an den inneren Knien befinden sich innerhalb der Rahmen, um einen Kontakt mit dem Rad zu vermeiden.<br \/>\nDie RK-10 Knieschiene ist in vier Gr\u00f6\u00dfen (S, M, L und XL) erh\u00e4ltlich, um eine individuellere und sichere Passform zu gew\u00e4hrleisten.<br \/>\nKnieschutz: EN 1621-1:2012 LEVEL 1.<\/p>\n<p>&nbsp;<\/p>\n","protected":false},"excerpt":{"rendered":"<p>Mit ihrem kompakten, flachen Design, das bei dynamischen Bewegungen eine \u00fcberragende Offroad-Performance bietet, wurde die Supertech&#8230;<\/p>\n","protected":false},"featured_media":31526,"comment_status":"open","ping_status":"closed","template":"","meta":{"_acf_changed":false},"brand":[2111],"gender":[],"product_brand":[],"product_cat":[1357,2028],"product_tag":[],"class_list":{"0":"post-99029","1":"product","2":"type-product","3":"status-publish","4":"has-post-thumbnail","6":"brand-alpinestars-de","7":"product_cat-ausrustung-fur-motorradfahrer","8":"product_cat-motocross-ausrustung","9":"pa_size-l-de","10":"pa_size-m-de","11":"pa_size-s-de","12":"pa_size-xl-de","14":"first","15":"instock","16":"sale","17":"taxable","18":"shipping-taxable","19":"purchasable","20":"product-type-variable"},"acf":[],"_links":{"self":[{"href":"https:\/\/moto-oprema.com\/de\/wp-json\/wp\/v2\/product\/99029","targetHints":{"allow":["GET"]}}],"collection":[{"href":"https:\/\/moto-oprema.com\/de\/wp-json\/wp\/v2\/product"}],"about":[{"href":"https:\/\/moto-oprema.com\/de\/wp-json\/wp\/v2\/types\/product"}],"replies":[{"embeddable":true,"href":"https:\/\/moto-oprema.com\/de\/wp-json\/wp\/v2\/comments?post=99029"}],"wp:featuredmedia":[{"embeddable":true,"href":"https:\/\/moto-oprema.com\/de\/wp-json\/wp\/v2\/media\/31526"}],"wp:attachment":[{"href":"https:\/\/moto-oprema.com\/de\/wp-json\/wp\/v2\/media?parent=99029"}],"wp:term":[{"taxonomy":"brand","embeddable":true,"href":"https:\/\/moto-oprema.com\/de\/wp-json\/wp\/v2\/brand?post=99029"},{"taxonomy":"gender","embeddable":true,"href":"https:\/\/moto-oprema.com\/de\/wp-json\/wp\/v2\/gender?post=99029"},{"taxonomy":"product_brand","embeddable":true,"href":"https:\/\/moto-oprema.com\/de\/wp-json\/wp\/v2\/product_brand?post=99029"},{"taxonomy":"product_cat","embeddable":true,"href":"https:\/\/moto-oprema.com\/de\/wp-json\/wp\/v2\/product_cat?post=99029"},{"taxonomy":"product_tag","embeddable":true,"href":"https:\/\/moto-oprema.com\/de\/wp-json\/wp\/v2\/product_tag?post=99029"}],"curies":[{"name":"wp","href":"https:\/\/api.w.org\/{rel}","templated":true}]}}