{"id":99021,"date":"2024-10-10T10:39:02","date_gmt":"2024-10-10T10:39:02","guid":{"rendered":"https:\/\/moto-oprema.com\/Artikel\/fox-360-mx-trikot-teiler-stahlgrau\/"},"modified":"2024-10-10T10:39:02","modified_gmt":"2024-10-10T10:39:02","slug":"fox-360-mx-trikot-teiler-stahlgrau","status":"publish","type":"product","link":"https:\/\/moto-oprema.com\/de\/Artikel\/fox-360-mx-trikot-teiler-stahlgrau\/","title":{"rendered":"FOX 360 MX TRIKOT TEILER STAHLGRAU"},"content":{"rendered":"<div class=\"long-description\">\n<div class=\"item_short_desc\">\n<p>FOX 360 Teiler Motocross Trikot<\/p>\n<p>Das motocross-spezifische 360 Divider Trikot kombiniert pr\u00e4zise Haltbarkeit und agile Bewegung in einem genau zugeschnittenen Trikot. Jede Naht und jedes Paneel wurde speziell entwickelt, um die Festigkeit des Kleidungsst\u00fccks zu erh\u00f6hen. Das von einigen der weltbesten Motocross-Fahrer unter h\u00e4rtesten Bedingungen getestete 360 Trikot ist leicht und passgenau, mit TruDri\u00ae-Technologie, die den Schwei\u00df w\u00e4hrend der Fahrt vom K\u00f6rper wegleitet, und Active-Fit-\u00c4rmeln f\u00fcr erh\u00f6hte Atmungsaktivit\u00e4t und Luftzirkulation.  <\/p>\n<p>Merkmale:<\/p>\n<p>Das feuchtigkeitsableitende TruDri\u00ae-Material sorgt f\u00fcr eine weiche, leichte Passform und transportiert den Schwei\u00df vom K\u00f6rper weg, um Sie trocken zu halten.<br \/>\nVorgeformte \u00c4rmel schaffen eine nat\u00fcrliche Rider Attack Position (RAP\u2122) f\u00fcr eine bessere ergonomische Passform auf dem Rad<br \/>\nStrapazierf\u00e4hige Piqu\u00e9-Zonen-Eins\u00e4tze verbessern die Abriebfestigkeit<br \/>\nBel\u00fcftete Mesh-Eins\u00e4tze an den Seiten und am R\u00fccken f\u00fcr bessere Atmungsaktivit\u00e4t und Luftzirkulation<br \/>\nVerschwei\u00dfter Kragen und minimal dehnbare Manschette f\u00fcr \u00fcberragenden Komfort<br \/>\nDrop-Tail-Design sorgt daf\u00fcr, dass das Hemd in der Hose bleibt<br \/>\nGef\u00e4rbte und sublimierte Premium-Grafiken auf dem Oberstoff<\/p>\n<p>Material: 100 % Polyester<\/p>\n<\/div>\n<\/div>\n","protected":false},"excerpt":{"rendered":"<p>FOX 360 Teiler Motocross Trikot Das motocross-spezifische 360 Divider Trikot kombiniert pr\u00e4zise Haltbarkeit und agile Bewegung&#8230;<\/p>\n","protected":false},"featured_media":31309,"comment_status":"open","ping_status":"open","template":"","meta":{"_acf_changed":false},"brand":[2115],"gender":[],"product_brand":[],"product_cat":[2028,2029],"product_tag":[],"class_list":{"0":"post-99021","1":"product","2":"type-product","3":"status-publish","4":"has-post-thumbnail","6":"brand-fox-de","7":"product_cat-motocross-ausrustung","8":"product_cat-mx-dresi-de","9":"pa_size-l-de","10":"pa_size-m-de","11":"pa_size-s-de","12":"pa_size-xl-de","13":"pa_size-xxl-de","15":"first","16":"instock","17":"taxable","18":"shipping-taxable","19":"purchasable","20":"product-type-variable"},"acf":[],"_links":{"self":[{"href":"https:\/\/moto-oprema.com\/de\/wp-json\/wp\/v2\/product\/99021","targetHints":{"allow":["GET"]}}],"collection":[{"href":"https:\/\/moto-oprema.com\/de\/wp-json\/wp\/v2\/product"}],"about":[{"href":"https:\/\/moto-oprema.com\/de\/wp-json\/wp\/v2\/types\/product"}],"replies":[{"embeddable":true,"href":"https:\/\/moto-oprema.com\/de\/wp-json\/wp\/v2\/comments?post=99021"}],"wp:featuredmedia":[{"embeddable":true,"href":"https:\/\/moto-oprema.com\/de\/wp-json\/wp\/v2\/media\/31309"}],"wp:attachment":[{"href":"https:\/\/moto-oprema.com\/de\/wp-json\/wp\/v2\/media?parent=99021"}],"wp:term":[{"taxonomy":"brand","embeddable":true,"href":"https:\/\/moto-oprema.com\/de\/wp-json\/wp\/v2\/brand?post=99021"},{"taxonomy":"gender","embeddable":true,"href":"https:\/\/moto-oprema.com\/de\/wp-json\/wp\/v2\/gender?post=99021"},{"taxonomy":"product_brand","embeddable":true,"href":"https:\/\/moto-oprema.com\/de\/wp-json\/wp\/v2\/product_brand?post=99021"},{"taxonomy":"product_cat","embeddable":true,"href":"https:\/\/moto-oprema.com\/de\/wp-json\/wp\/v2\/product_cat?post=99021"},{"taxonomy":"product_tag","embeddable":true,"href":"https:\/\/moto-oprema.com\/de\/wp-json\/wp\/v2\/product_tag?post=99021"}],"curies":[{"name":"wp","href":"https:\/\/api.w.org\/{rel}","templated":true}]}}