{"id":98998,"date":"2024-10-10T09:11:27","date_gmt":"2024-10-10T09:11:27","guid":{"rendered":"https:\/\/moto-oprema.com\/Artikel\/fox-mx-flexair-unendlich-fluo-orange\/"},"modified":"2024-10-10T09:11:27","modified_gmt":"2024-10-10T09:11:27","slug":"fox-mx-flexair-unendlich-fluo-orange","status":"publish","type":"product","link":"https:\/\/moto-oprema.com\/de\/Artikel\/fox-mx-flexair-unendlich-fluo-orange\/","title":{"rendered":"FOX MX FLEXAIR UNENDLICH FLUO ORANGE"},"content":{"rendered":"<p>Flexair-Hosen sind so praktisch wie eine zweite Haut.<\/p>\n<p>Die FOX Flexair Pant ist eine rennerprobte, ultraleichte Motocross-Hose, die ein unvergleichliches Fahrerlebnis bietet.<\/p>\n<p>Leichte Materialien erh\u00f6hen Ihre Beweglichkeit und die RAP\u2122 Technologie optimiert die Passform der Hose in der Fahrposition. Vielseitige TruMotion\u00ae Stretch-Eins\u00e4tze erm\u00f6glichen eine unvergleichliche Bewegungsfreiheit, w\u00e4hrend strategisch platzierte Bel\u00fcftungs\u00f6ffnungen f\u00fcr maximalen Luftstrom sorgen und die K\u00f6rpertemperatur regulieren. Das doppellagige Kniesystem kombiniert eine Au\u00dfenschicht aus Vollnarbenleder mit einer verschlei\u00dffesten Innenschicht, um optimalen Schutz vor \u00e4u\u00dferen und inneren Belastungen zu bieten, und ist dank seines cleveren Designs mit Orthesen und Protektoren kompatibel. Das verst\u00e4rkte 600D-Sitzpolster erh\u00f6ht die Strapazierf\u00e4higkeit, ohne die Leistung zu beeintr\u00e4chtigen.   <\/p>\n<p>Zusammensetzung des Rohmaterials: <span class=\"HwtZe\" lang=\"sl\"><span class=\"jCAhz ChMk0b\"><span class=\"ryNqvb\">92 % Polyester, 8 % Elastan<\/span><\/span><\/span><\/p>\n<p>Futter: 100% Polyester<\/p>\n","protected":false},"excerpt":{"rendered":"<p>Fox Flexair MX-Hose.<\/p>\n","protected":false},"featured_media":31272,"comment_status":"open","ping_status":"closed","template":"","meta":{"_acf_changed":false},"brand":[2115],"gender":[2168],"product_brand":[],"product_cat":[2028,2069],"product_tag":[],"class_list":{"0":"post-98998","1":"product","2":"type-product","3":"status-publish","4":"has-post-thumbnail","6":"brand-fox-de","7":"gender-moski-de","8":"product_cat-motocross-ausrustung","9":"product_cat-mx-hose","10":"pa_size-30-de","11":"pa_size-32-de","12":"pa_size-34-de","13":"pa_size-36-de","15":"first","16":"onbackorder","17":"taxable","18":"shipping-taxable","19":"purchasable","20":"product-type-variable"},"acf":[],"_links":{"self":[{"href":"https:\/\/moto-oprema.com\/de\/wp-json\/wp\/v2\/product\/98998","targetHints":{"allow":["GET"]}}],"collection":[{"href":"https:\/\/moto-oprema.com\/de\/wp-json\/wp\/v2\/product"}],"about":[{"href":"https:\/\/moto-oprema.com\/de\/wp-json\/wp\/v2\/types\/product"}],"replies":[{"embeddable":true,"href":"https:\/\/moto-oprema.com\/de\/wp-json\/wp\/v2\/comments?post=98998"}],"wp:featuredmedia":[{"embeddable":true,"href":"https:\/\/moto-oprema.com\/de\/wp-json\/wp\/v2\/media\/31272"}],"wp:attachment":[{"href":"https:\/\/moto-oprema.com\/de\/wp-json\/wp\/v2\/media?parent=98998"}],"wp:term":[{"taxonomy":"brand","embeddable":true,"href":"https:\/\/moto-oprema.com\/de\/wp-json\/wp\/v2\/brand?post=98998"},{"taxonomy":"gender","embeddable":true,"href":"https:\/\/moto-oprema.com\/de\/wp-json\/wp\/v2\/gender?post=98998"},{"taxonomy":"product_brand","embeddable":true,"href":"https:\/\/moto-oprema.com\/de\/wp-json\/wp\/v2\/product_brand?post=98998"},{"taxonomy":"product_cat","embeddable":true,"href":"https:\/\/moto-oprema.com\/de\/wp-json\/wp\/v2\/product_cat?post=98998"},{"taxonomy":"product_tag","embeddable":true,"href":"https:\/\/moto-oprema.com\/de\/wp-json\/wp\/v2\/product_tag?post=98998"}],"curies":[{"name":"wp","href":"https:\/\/api.w.org\/{rel}","templated":true}]}}