{"id":98976,"date":"2024-10-10T10:02:55","date_gmt":"2024-10-10T10:02:55","guid":{"rendered":"https:\/\/moto-oprema.com\/Artikel\/fox-mx-shorts-360-divider-fluo-orange\/"},"modified":"2024-10-10T10:02:55","modified_gmt":"2024-10-10T10:02:55","slug":"fox-mx-shorts-360-divider-fluo-orange","status":"publish","type":"product","link":"https:\/\/moto-oprema.com\/de\/Artikel\/fox-mx-shorts-360-divider-fluo-orange\/","title":{"rendered":"FOX MX SHORTS 360 DIVIDER FLUO ORANGE"},"content":{"rendered":"<p>FOX 360 Divider Motocross-Shorts<\/p>\n<p>Die 360 Divider ist vollgepackt mit allen Merkmalen und Funktionen, die Sie f\u00fcr eine \u00fcberragende Leistung ben\u00f6tigen, die die Konkurrenz \u00fcbertrifft. Mit einem strapazierf\u00e4higen Hauptteil und strategisch platzierten Stretcheins\u00e4tzen ist die 360 Motocross-Hose so konzipiert, dass sie locker bleibt und allem standh\u00e4lt, was Ihnen auf der Stra\u00dfe begegnet. Bewegungsfreiheit ist das A und O in der Hitze des Gefechts, und diese Motocross-Hose liefert sie. Sie kombiniert TruMotion\u00ae zonales Stretchmaterial f\u00fcr praktisch uneingeschr\u00e4nkte Bewegungsfreiheit, w\u00e4hrend unsere Rider Attack Position (RAP\u2122) Konstruktion eine auf den Fahrer zugeschnittene Passform bietet, die Sie in die beste Position f\u00fcr den Sieg bringt.  <\/p>\n<p>Merkmale:<\/p>\n<p>F\u00fcr eine bessere ergonomische Passform auf dem Fahrrad: Rider Attack Position (RAP\u2122)-Konstruktion f\u00fcr eine bessere ergonomische Passform auf dem Fahrrad<br \/>\nTruMotion\u00ae Zonal Stretch-Eins\u00e4tze in alle Richtungen f\u00fcr un\u00fcbertroffene Beweglichkeit<br \/>\nCordura\u00ae Ripstop kombiniert mit 600D Zonal-Futter schafft eine un\u00fcbertroffene Kombination aus Haltbarkeit und Funktionalit\u00e4t<br \/>\nZweilagiges Kniesystem mit Vollnarbenleder-Au\u00dfenschicht und Innenschicht, abriebfest, sorgt f\u00fcr mehr Haltbarkeit gegen Kniesch\u00fctzer, Knieschoner und Fahrrad<br \/>\nLeichte und flexible Riemen reduzieren das Gewicht und erh\u00f6hen den Komfort<br \/>\nInnenfutter aus Mesh f\u00fcr mehr Komfort<br \/>\nVerst\u00e4rkte N\u00e4hte f\u00fcr mehr Haltbarkeit und verbesserte Rei\u00dffestigkeit<\/p>\n<p>Rohstoffzusammensetzung<br \/>\nMaterial: 100% Polyester; Kniepolster: 100% Leder (enth\u00e4lt nichttextile Teile tierischen Ursprungs)<\/p>\n","protected":false},"excerpt":{"rendered":"<p>Fox 360 MX-Hose.<\/p>\n","protected":false},"featured_media":31287,"comment_status":"open","ping_status":"open","template":"","meta":{"_acf_changed":false},"brand":[2115],"gender":[],"product_brand":[],"product_cat":[2028,2069],"product_tag":[],"class_list":{"0":"post-98976","1":"product","2":"type-product","3":"status-publish","4":"has-post-thumbnail","6":"brand-fox-de","7":"product_cat-motocross-ausrustung","8":"product_cat-mx-hose","9":"pa_size-30-de","10":"pa_size-32-de","11":"pa_size-34-de","12":"pa_size-36-de","14":"first","15":"instock","16":"taxable","17":"shipping-taxable","18":"purchasable","19":"product-type-variable"},"acf":[],"_links":{"self":[{"href":"https:\/\/moto-oprema.com\/de\/wp-json\/wp\/v2\/product\/98976","targetHints":{"allow":["GET"]}}],"collection":[{"href":"https:\/\/moto-oprema.com\/de\/wp-json\/wp\/v2\/product"}],"about":[{"href":"https:\/\/moto-oprema.com\/de\/wp-json\/wp\/v2\/types\/product"}],"replies":[{"embeddable":true,"href":"https:\/\/moto-oprema.com\/de\/wp-json\/wp\/v2\/comments?post=98976"}],"wp:featuredmedia":[{"embeddable":true,"href":"https:\/\/moto-oprema.com\/de\/wp-json\/wp\/v2\/media\/31287"}],"wp:attachment":[{"href":"https:\/\/moto-oprema.com\/de\/wp-json\/wp\/v2\/media?parent=98976"}],"wp:term":[{"taxonomy":"brand","embeddable":true,"href":"https:\/\/moto-oprema.com\/de\/wp-json\/wp\/v2\/brand?post=98976"},{"taxonomy":"gender","embeddable":true,"href":"https:\/\/moto-oprema.com\/de\/wp-json\/wp\/v2\/gender?post=98976"},{"taxonomy":"product_brand","embeddable":true,"href":"https:\/\/moto-oprema.com\/de\/wp-json\/wp\/v2\/product_brand?post=98976"},{"taxonomy":"product_cat","embeddable":true,"href":"https:\/\/moto-oprema.com\/de\/wp-json\/wp\/v2\/product_cat?post=98976"},{"taxonomy":"product_tag","embeddable":true,"href":"https:\/\/moto-oprema.com\/de\/wp-json\/wp\/v2\/product_tag?post=98976"}],"curies":[{"name":"wp","href":"https:\/\/api.w.org\/{rel}","templated":true}]}}