{"id":98950,"date":"2024-10-09T07:15:58","date_gmt":"2024-10-09T07:15:58","guid":{"rendered":"https:\/\/moto-oprema.com\/Artikel\/fox-180-mx-hose-lean-schwarz-blau\/"},"modified":"2024-10-09T07:15:58","modified_gmt":"2024-10-09T07:15:58","slug":"fox-180-mx-hose-lean-schwarz-blau","status":"publish","type":"product","link":"https:\/\/moto-oprema.com\/de\/Artikel\/fox-180-mx-hose-lean-schwarz-blau\/","title":{"rendered":"FOX 180 MX HOSE LEAN SCHWARZ BLAU"},"content":{"rendered":"<p>Die FOX 180 Lean Pants sind die ideale Wahl f\u00fcr den Einsatz auf Ihrem Motocross-Bike. Der \u00dcbergang vom Anf\u00e4nger zum gestandenen Profi ist keine leichte Aufgabe. Die 180 Rennbekleidung wurde entwickelt, um diese Fahrer zu unterst\u00fctzen.  <\/p>\n<p>Die 180er Hose nutzt die FOX Rider Attack Position (RAP\u2122) Technologie f\u00fcr erh\u00f6hten Komfort und optimale Passform in der Fahrposition. Dieser artikulierte Schnitt in Kombination mit TruMotion\u00ae Stretcheins\u00e4tzen erm\u00f6glicht Flexibilit\u00e4t und nat\u00fcrlichere Bewegungen auf dem Motorrad. F\u00fcr Strapazierf\u00e4higkeit ist die Hose aus strapazierf\u00e4higem 600D-Polyester auf dem Hauptteil gefertigt. Hitze- und abriebfeste Ledereins\u00e4tze an beiden Beinen sorgen f\u00fcr zus\u00e4tzliche Verst\u00e4rkung in den kritischsten Verschlei\u00dfbereichen.   <\/p>\n<p>Zusammensetzung des Rohmaterials:<\/p>\n<p>Obermaterial: 92 % Polyester, 5 % Rindsleder, 3 % Elasthan<br \/>\nFutter: 100 % Polyester<\/p>\n","protected":false},"excerpt":{"rendered":"<p>Die FOX 180 Lean Pants sind die ideale Wahl f\u00fcr den Einsatz auf Ihrem Motocross-Bike. Der&#8230;<\/p>\n","protected":false},"featured_media":31211,"comment_status":"open","ping_status":"open","template":"","meta":{"_acf_changed":false},"brand":[2115],"gender":[],"product_brand":[],"product_cat":[2028,2069],"product_tag":[],"class_list":{"0":"post-98950","1":"product","2":"type-product","3":"status-publish","4":"has-post-thumbnail","6":"brand-fox-de","7":"product_cat-motocross-ausrustung","8":"product_cat-mx-hose","9":"pa_size-30-de","10":"pa_size-32-de","11":"pa_size-34-de","12":"pa_size-36-de","13":"pa_size-38-de","15":"first","16":"instock","17":"taxable","18":"shipping-taxable","19":"purchasable","20":"product-type-variable"},"acf":[],"_links":{"self":[{"href":"https:\/\/moto-oprema.com\/de\/wp-json\/wp\/v2\/product\/98950","targetHints":{"allow":["GET"]}}],"collection":[{"href":"https:\/\/moto-oprema.com\/de\/wp-json\/wp\/v2\/product"}],"about":[{"href":"https:\/\/moto-oprema.com\/de\/wp-json\/wp\/v2\/types\/product"}],"replies":[{"embeddable":true,"href":"https:\/\/moto-oprema.com\/de\/wp-json\/wp\/v2\/comments?post=98950"}],"wp:featuredmedia":[{"embeddable":true,"href":"https:\/\/moto-oprema.com\/de\/wp-json\/wp\/v2\/media\/31211"}],"wp:attachment":[{"href":"https:\/\/moto-oprema.com\/de\/wp-json\/wp\/v2\/media?parent=98950"}],"wp:term":[{"taxonomy":"brand","embeddable":true,"href":"https:\/\/moto-oprema.com\/de\/wp-json\/wp\/v2\/brand?post=98950"},{"taxonomy":"gender","embeddable":true,"href":"https:\/\/moto-oprema.com\/de\/wp-json\/wp\/v2\/gender?post=98950"},{"taxonomy":"product_brand","embeddable":true,"href":"https:\/\/moto-oprema.com\/de\/wp-json\/wp\/v2\/product_brand?post=98950"},{"taxonomy":"product_cat","embeddable":true,"href":"https:\/\/moto-oprema.com\/de\/wp-json\/wp\/v2\/product_cat?post=98950"},{"taxonomy":"product_tag","embeddable":true,"href":"https:\/\/moto-oprema.com\/de\/wp-json\/wp\/v2\/product_tag?post=98950"}],"curies":[{"name":"wp","href":"https:\/\/api.w.org\/{rel}","templated":true}]}}