{"id":98937,"date":"2024-10-09T09:52:38","date_gmt":"2024-10-09T09:52:38","guid":{"rendered":"https:\/\/moto-oprema.com\/Artikel\/fox-mx-dress-flexair-50th-le-black\/"},"modified":"2024-10-09T09:52:38","modified_gmt":"2024-10-09T09:52:38","slug":"fox-mx-dress-flexair-50th-le-black","status":"publish","type":"product","link":"https:\/\/moto-oprema.com\/de\/Artikel\/fox-mx-dress-flexair-50th-le-black\/","title":{"rendered":"FOX MX DRESS FLEXAIR 50th LE BLACK"},"content":{"rendered":"<p>Die Zukunft des Motocross wird gerade geschrieben, und w\u00e4hrend Fox sein 50-j\u00e4hriges Jubil\u00e4um feiert und die n\u00e4chsten 50 Jahre der Innovation einl\u00e4utet, zeigen wegweisende, leistungsorientierte Produkte wie die limitierte Auflage des FOX Flexair 50th, wohin die Reise geht. Bewegungsfreiheit ist der Schl\u00fcssel zur Leistung auf dem Rad, und dieses Shirt verfolgt jede Ihrer Bewegungen in jeder Kurve. Leichte und flexible Materialien, die jede Ihrer Bewegungen mitmachen und sich perfekt an den menschlichen K\u00f6rper anpassen. Als Teil der Flexair Gear Reihe, die von einigen der weltweit f\u00fchrenden Motocross-Fahrern unter h\u00e4rtesten Rennbedingungen getestet wurde, ist dieses Trikot Ihr Partner auf dem Feld.    <\/p>\n<p>&#8211; TruDri\u2122 Hightech-Jacquard-Grundgewebe f\u00fcr erh\u00f6hte K\u00fchlung dank strategisch platzierter Bel\u00fcftungseins\u00e4tze<br \/>\n&#8211; Leichtes Material f\u00fcr uneingeschr\u00e4nkte Bewegungsfreiheit und eine pr\u00e4zise Passform<br \/>\n&#8211; Stretch-Nylon-Eins\u00e4tze an den \u00c4rmeln f\u00fcr erh\u00f6hte Abriebfestigkeit<br \/>\n&#8211; Active Fit-\u00c4rmel f\u00fcr verbesserte Atmungsaktivit\u00e4t und Luftzirkulation<br \/>\n&#8211; Dye-Panel-Grundgewebe mit hochwertigem Thermodruck und Logo-Siebdruck f\u00fcr eine vielseitige und langlebige \u00c4sthetik<br \/>\n&#8211; Verst\u00e4rkter Kragen f\u00fcr Abriebschutz und Gewichtsreduzierung<br \/>\n&#8211; Verst\u00e4rkte Stretch-B\u00fcndchen f\u00fcr eine athletische Passform und maximalen Komfort<br \/>\n&#8211; Erfolgreich getestet von den weltweit f\u00fchrenden Motocross-Fahrern unter h\u00e4rtesten Bedingungen<\/p>\n<p>Material: 100 % Polyester<\/p>\n","protected":false},"excerpt":{"rendered":"<p>Fox Flexair MX Trikot.<\/p>\n","protected":false},"featured_media":31236,"comment_status":"open","ping_status":"open","template":"","meta":{"_acf_changed":false},"brand":[2115],"gender":[],"product_brand":[],"product_cat":[2028,2029],"product_tag":[],"class_list":{"0":"post-98937","1":"product","2":"type-product","3":"status-publish","4":"has-post-thumbnail","6":"brand-fox-de","7":"product_cat-motocross-ausrustung","8":"product_cat-mx-dresi-de","9":"pa_size-l-de","10":"pa_size-m-de","11":"pa_size-xl-de","13":"first","14":"instock","15":"taxable","16":"shipping-taxable","17":"purchasable","18":"product-type-variable"},"acf":[],"_links":{"self":[{"href":"https:\/\/moto-oprema.com\/de\/wp-json\/wp\/v2\/product\/98937","targetHints":{"allow":["GET"]}}],"collection":[{"href":"https:\/\/moto-oprema.com\/de\/wp-json\/wp\/v2\/product"}],"about":[{"href":"https:\/\/moto-oprema.com\/de\/wp-json\/wp\/v2\/types\/product"}],"replies":[{"embeddable":true,"href":"https:\/\/moto-oprema.com\/de\/wp-json\/wp\/v2\/comments?post=98937"}],"wp:featuredmedia":[{"embeddable":true,"href":"https:\/\/moto-oprema.com\/de\/wp-json\/wp\/v2\/media\/31236"}],"wp:attachment":[{"href":"https:\/\/moto-oprema.com\/de\/wp-json\/wp\/v2\/media?parent=98937"}],"wp:term":[{"taxonomy":"brand","embeddable":true,"href":"https:\/\/moto-oprema.com\/de\/wp-json\/wp\/v2\/brand?post=98937"},{"taxonomy":"gender","embeddable":true,"href":"https:\/\/moto-oprema.com\/de\/wp-json\/wp\/v2\/gender?post=98937"},{"taxonomy":"product_brand","embeddable":true,"href":"https:\/\/moto-oprema.com\/de\/wp-json\/wp\/v2\/product_brand?post=98937"},{"taxonomy":"product_cat","embeddable":true,"href":"https:\/\/moto-oprema.com\/de\/wp-json\/wp\/v2\/product_cat?post=98937"},{"taxonomy":"product_tag","embeddable":true,"href":"https:\/\/moto-oprema.com\/de\/wp-json\/wp\/v2\/product_tag?post=98937"}],"curies":[{"name":"wp","href":"https:\/\/api.w.org\/{rel}","templated":true}]}}