{"id":98915,"date":"2024-10-09T07:31:24","date_gmt":"2024-10-09T07:31:24","guid":{"rendered":"https:\/\/moto-oprema.com\/Artikel\/fox-180-mx-trikot-schlank-schwarz-fluo-gelb\/"},"modified":"2024-10-09T07:31:24","modified_gmt":"2024-10-09T07:31:24","slug":"fox-180-mx-trikot-schlank-schwarz-fluo-gelb","status":"publish","type":"product","link":"https:\/\/moto-oprema.com\/de\/Artikel\/fox-180-mx-trikot-schlank-schwarz-fluo-gelb\/","title":{"rendered":"FOX 180 MX TRIKOT SCHLANK SCHWARZ FLUO GELB"},"content":{"rendered":"<p>FOX 180 Motocross Trikot f\u00fcr Motocross<\/p>\n<p>Das 180 Lean Trikot bietet alle grundlegenden Funktionen f\u00fcr MX-Rennen. Von Anf\u00e4ngern bis hin zu erfahrenen Veteranen, es ist keine leichte Aufgabe. 180 Racewear wurde entwickelt, um die Bed\u00fcrfnisse von Fahrern aller Niveaus zu erf\u00fcllen. Das 180 Trikot ist aus feuchtigkeitsableitendem Material mit atmungsaktiven Mesh-Eins\u00e4tzen gefertigt und h\u00fcllt Sie in k\u00fchlen, trockenen Komfort.   <\/p>\n<p>Merkmale:<\/p>\n<p>Feuchtigkeitstransport f\u00fcr trockenen Komfort<br \/>\nWeiches Material f\u00fcr eine bequeme und leichte Passform<br \/>\nMesh-Bel\u00fcftungseins\u00e4tze f\u00fcr erh\u00f6hte Atmungsaktivit\u00e4t und Luftzirkulation<br \/>\nMesh-Kragen und -B\u00fcndchen f\u00fcr optimale Passform und Komfort<br \/>\nFarbige oder sublimierte Grafikeins\u00e4tze f\u00fcr ein vielseitiges und dynamisches Farbdesign<br \/>\nDrop-Tail-Saum f\u00fcr eine optimale Passform der Hose<\/p>\n<p>100% Polyester<\/p>\n","protected":false},"excerpt":{"rendered":"<p>FOX 180 Motocross Trikot f\u00fcr Motocross Das 180 Lean Trikot bietet alle grundlegenden Funktionen f\u00fcr MX-Rennen&#8230;.<\/p>\n","protected":false},"featured_media":31229,"comment_status":"open","ping_status":"open","template":"","meta":{"_acf_changed":false},"brand":[2115],"gender":[],"product_brand":[],"product_cat":[2028,2029],"product_tag":[],"class_list":{"0":"post-98915","1":"product","2":"type-product","3":"status-publish","4":"has-post-thumbnail","6":"brand-fox-de","7":"product_cat-motocross-ausrustung","8":"product_cat-mx-dresi-de","9":"pa_size-l-de","10":"pa_size-m-de","11":"pa_size-s-de","12":"pa_size-xl-de","13":"pa_size-xxl-de","15":"first","16":"instock","17":"sale","18":"taxable","19":"shipping-taxable","20":"purchasable","21":"product-type-variable"},"acf":[],"_links":{"self":[{"href":"https:\/\/moto-oprema.com\/de\/wp-json\/wp\/v2\/product\/98915","targetHints":{"allow":["GET"]}}],"collection":[{"href":"https:\/\/moto-oprema.com\/de\/wp-json\/wp\/v2\/product"}],"about":[{"href":"https:\/\/moto-oprema.com\/de\/wp-json\/wp\/v2\/types\/product"}],"replies":[{"embeddable":true,"href":"https:\/\/moto-oprema.com\/de\/wp-json\/wp\/v2\/comments?post=98915"}],"wp:featuredmedia":[{"embeddable":true,"href":"https:\/\/moto-oprema.com\/de\/wp-json\/wp\/v2\/media\/31229"}],"wp:attachment":[{"href":"https:\/\/moto-oprema.com\/de\/wp-json\/wp\/v2\/media?parent=98915"}],"wp:term":[{"taxonomy":"brand","embeddable":true,"href":"https:\/\/moto-oprema.com\/de\/wp-json\/wp\/v2\/brand?post=98915"},{"taxonomy":"gender","embeddable":true,"href":"https:\/\/moto-oprema.com\/de\/wp-json\/wp\/v2\/gender?post=98915"},{"taxonomy":"product_brand","embeddable":true,"href":"https:\/\/moto-oprema.com\/de\/wp-json\/wp\/v2\/product_brand?post=98915"},{"taxonomy":"product_cat","embeddable":true,"href":"https:\/\/moto-oprema.com\/de\/wp-json\/wp\/v2\/product_cat?post=98915"},{"taxonomy":"product_tag","embeddable":true,"href":"https:\/\/moto-oprema.com\/de\/wp-json\/wp\/v2\/product_tag?post=98915"}],"curies":[{"name":"wp","href":"https:\/\/api.w.org\/{rel}","templated":true}]}}