{"id":98846,"date":"2024-09-20T08:49:19","date_gmt":"2024-09-20T08:49:19","guid":{"rendered":"https:\/\/moto-oprema.com\/Artikel\/alpinestars-t-sps-v2-wp-jacke-schwarz-fl-rot\/"},"modified":"2025-10-09T08:48:21","modified_gmt":"2025-10-09T08:48:21","slug":"alpinestars-t-sps-v2-wp-jacke-schwarz-fl-rot","status":"publish","type":"product","link":"https:\/\/moto-oprema.com\/de\/Artikel\/alpinestars-t-sps-v2-wp-jacke-schwarz-fl-rot\/","title":{"rendered":"ALPINESTARS T-SPS V2 WP JACKE SCHWARZ FL.ROT"},"content":{"rendered":"<div id=\"tw-target-text-container\" class=\"tw-ta-container tw-nfl\">\n<p>Die T-SPS v2 WP Allwetterjacke verf\u00fcgt \u00fcber einen \u00fcberarbeiteten sportlichen Schnitt mit einer neuen dynamischen Silhouette, die f\u00fcr mehr Fahrkomfort entwickelt wurde und einen stilisierten, vom Rennsport abgeleiteten Look bietet.<br \/>\nSie ist aus einer fortschrittlichen Mischung aus strapazierf\u00e4higem, abriebfestem 600D-Polyethylen-Gewebe, Schutz und \u00fcberragendem Fahrerkomfort gefertigt. Ausgestattet mit einer vollst\u00e4ndig verschwei\u00dften WP-Membran und einem herausnehmbaren Thermofutter sorgt die Jacke daf\u00fcr, dass der Fahrer bei kaltem oder schlechtem Wetter warm und trocken bleibt. Mit dem f\u00fchrenden Nucleon Flex Plus Schutz an Schultern und Ellbogen ist die T-SPS v2 WP Jacke ideal f\u00fcr das Fahren in der Stadt. F\u00fcr sportliche Fahrer, die eine stilvolle und vom Rennsport inspirierte WP-Textiljacke suchen, ist die T-SPS v2 die perfekte Wahl, die das ganze Jahr \u00fcber Komfort und Leistung bei nassem Wetter bietet.<br \/>\nStrapazierf\u00e4hige 600D-Polyester-Hauptkonstruktion mit internen Verst\u00e4rkungen an Schultern und Ellbogen f\u00fcr zus\u00e4tzliche Abriebfestigkeit.<br \/>\nFestes, wasserdichtes Innenfutter, das den Fahrer trocken h\u00e4lt.<br \/>\nHerausnehmbares Thermofutter, 80 g f\u00fcr den K\u00f6rper, 80 g f\u00fcr die \u00c4rmel, f\u00fcr optimale W\u00e4rme, Passform und Komfort.<br \/>\nDirekte Rei\u00dfverschluss\u00f6ffnungen, strategisch auf beiden Seiten des Rumpfes platziert, f\u00fcr optimalen Luftstrom durch alle Schichten, wenn sie ge\u00f6ffnet sind, und zur Bel\u00fcftung der festen WP-Membran.   <\/p>\n<p>Tech-Air\u00ae Ready<br \/>\nNucleon Flex Plus f\u00fcr Ellbogen- und Schulterschutz als Aufprallschutz.<br \/>\nF\u00fcr dieses Produkt gelten die folgenden Normen:<br \/>\nCE Kategorie II Pers\u00f6nliche Schutzausr\u00fcstung Verordnung EN 17092<br \/>\n&#8211; Klasse A.<\/p>\n<p>Zusammensetzung des Rohmaterials<\/p>\n<p>100% Polyester<\/p>\n<\/div>\n<div id=\"z6maec\" class=\"tw-ta-container tw-nfl\"><\/div>\n","protected":false},"excerpt":{"rendered":"<p>Farbe: Schwarz &#8211; Fluorrot<\/p>\n","protected":false},"featured_media":98803,"comment_status":"open","ping_status":"closed","template":"","meta":{"_acf_changed":false},"brand":[2111],"gender":[2168],"product_brand":[],"product_cat":[1357,2045,2048],"product_tag":[],"class_list":{"0":"post-98846","1":"product","2":"type-product","3":"status-publish","4":"has-post-thumbnail","6":"brand-alpinestars-de","7":"gender-moski-de","8":"product_cat-ausrustung-fur-motorradfahrer","9":"product_cat-jakne-de","10":"product_cat-textil-jacken","11":"pa_size-2xl-de","12":"pa_size-3xl-de","13":"pa_size-4xl-de","14":"pa_size-l-de","15":"pa_size-m-de","16":"pa_size-s-de","17":"pa_size-xl-de","19":"first","20":"instock","21":"sale","22":"taxable","23":"shipping-taxable","24":"purchasable","25":"product-type-variable"},"acf":[],"_links":{"self":[{"href":"https:\/\/moto-oprema.com\/de\/wp-json\/wp\/v2\/product\/98846","targetHints":{"allow":["GET"]}}],"collection":[{"href":"https:\/\/moto-oprema.com\/de\/wp-json\/wp\/v2\/product"}],"about":[{"href":"https:\/\/moto-oprema.com\/de\/wp-json\/wp\/v2\/types\/product"}],"replies":[{"embeddable":true,"href":"https:\/\/moto-oprema.com\/de\/wp-json\/wp\/v2\/comments?post=98846"}],"wp:featuredmedia":[{"embeddable":true,"href":"https:\/\/moto-oprema.com\/de\/wp-json\/wp\/v2\/media\/98803"}],"wp:attachment":[{"href":"https:\/\/moto-oprema.com\/de\/wp-json\/wp\/v2\/media?parent=98846"}],"wp:term":[{"taxonomy":"brand","embeddable":true,"href":"https:\/\/moto-oprema.com\/de\/wp-json\/wp\/v2\/brand?post=98846"},{"taxonomy":"gender","embeddable":true,"href":"https:\/\/moto-oprema.com\/de\/wp-json\/wp\/v2\/gender?post=98846"},{"taxonomy":"product_brand","embeddable":true,"href":"https:\/\/moto-oprema.com\/de\/wp-json\/wp\/v2\/product_brand?post=98846"},{"taxonomy":"product_cat","embeddable":true,"href":"https:\/\/moto-oprema.com\/de\/wp-json\/wp\/v2\/product_cat?post=98846"},{"taxonomy":"product_tag","embeddable":true,"href":"https:\/\/moto-oprema.com\/de\/wp-json\/wp\/v2\/product_tag?post=98846"}],"curies":[{"name":"wp","href":"https:\/\/api.w.org\/{rel}","templated":true}]}}