{"id":98825,"date":"2024-10-01T08:11:03","date_gmt":"2024-10-01T08:11:03","guid":{"rendered":"https:\/\/moto-oprema.com\/Artikel\/dainese-super-adventure-absoluteshell-hose-grau\/"},"modified":"2024-10-01T08:11:03","modified_gmt":"2024-10-01T08:11:03","slug":"dainese-super-adventure-absoluteshell-hose-grau","status":"publish","type":"product","link":"https:\/\/moto-oprema.com\/de\/Artikel\/dainese-super-adventure-absoluteshell-hose-grau\/","title":{"rendered":"DAINESE SUPER ADVENTURE ABSOLUTESHELL HOSE GRAU"},"content":{"rendered":"<p>Die Super Adventure Abs\u00f8luteshell\u2122 Hose ist die Motorradhose, die die Super Adventure Ausr\u00fcstung erg\u00e4nzt. Sie wurde entwickelt, um maximale Vielseitigkeit f\u00fcr diejenigen zu bieten, die in gem\u00e4\u00dfigtem oder sehr hei\u00dfem Klima bequem Off-Road-Abenteuer erleben m\u00f6chten, ohne dabei auf Sicherheit oder Funktionalit\u00e4t zu verzichten, egal ob Sie im Stehen oder im Sitzen fahren.<br \/>\nDie modulare Konstruktion macht diese Hose extrem vielseitig bei unterschiedlichen Wetterbedingungen.<br \/>\nSie verf\u00fcgt \u00fcber eine herausnehmbare Abs\u00f8luteshell\u2122-Membran, die zum Schutz vor Wasser \u00fcber der Hose oder als zus\u00e4tzliche W\u00e4rmebarriere im Inneren der Hose getragen werden kann, wenn die Temperaturen sinken, sowie \u00fcber atmungsaktive Netzeins\u00e4tze, die durch einfaches \u00d6ffnen der seitlichen Bel\u00fcftungsrei\u00dfverschl\u00fcsse und Umklappen der Taschenabdeckung genutzt werden k\u00f6nnen, wenn die Temperatur steigt.<br \/>\nDieses Kleidungsst\u00fcck ist vollgepackt mit Komfortmerkmalen f\u00fcr aktives Fahren im Gel\u00e4nde im Stehen, wie z.B. waschbare Ledereins\u00e4tze an den Innenseiten der Knie und die M\u00f6glichkeit, Abenteuer- oder Feldstiefel \u00fcber oder unter der Hose zu tragen. Spezielle Zwickel an den Beinabschl\u00fcssen und umfangreiche Verwendung von Stretchmaterial im Schritt und anderen strategischen Bereichen sowie Ripstop-Gewebeeins\u00e4tze an den Knien und H\u00fcften erg\u00e4nzen die Duratex\u2122-Gewebekonstruktion.<br \/>\nDie Super Adventure Abs\u00f8luteshell\u2122 Hose ist nach EN 17092 Klasse AA zertifiziert und verf\u00fcgt \u00fcber herausnehmbare, nach EN 1621.1 Level 2 zertifizierte und h\u00f6henverstellbare Verbundknieschoner sowie nach EN 1621.1 Level 1 zertifizierte Pro-Shape 2.0 Knieschoner an der H\u00fcfte. Erg\u00e4nzt wird die Ausstattung durch reflektierende Eins\u00e4tze f\u00fcr erh\u00f6hte aktive Sicherheit bei schlechten Sichtverh\u00e4ltnissen.<br \/>\nJe nach Vorliebe des Benutzers kann diese Hose an der Taille verstellt oder mit einem speziellen Rei\u00dfverschluss mit der Jacke verbunden werden, der auch am MAN PANTS BRACES KIT 23M angebracht werden kann. <\/p>\n<p>100% Nylon<\/p>\n","protected":false},"excerpt":{"rendered":"<p>Die Super Adventure Abs\u00f8luteshell\u2122 Hose ist die Motorradhose, die die Super Adventure Ausr\u00fcstung erg\u00e4nzt. Sie wurde&#8230;<\/p>\n","protected":false},"featured_media":31149,"comment_status":"open","ping_status":"open","template":"","meta":{"_acf_changed":false},"brand":[2113],"gender":[],"product_brand":[],"product_cat":[1357,2189],"product_tag":[],"class_list":{"0":"post-98825","1":"product","2":"type-product","3":"status-publish","4":"has-post-thumbnail","6":"brand-dainese-de","7":"product_cat-ausrustung-fur-motorradfahrer","8":"product_cat-hose","9":"pa_size-48-de","10":"pa_size-50-de","11":"pa_size-52-de","12":"pa_size-54-de","13":"pa_size-56-de","14":"pa_size-58-de","15":"pa_size-60-de","16":"pa_size-62-de","18":"first","19":"onbackorder","20":"sale","21":"taxable","22":"shipping-taxable","23":"purchasable","24":"product-type-variable"},"acf":[],"_links":{"self":[{"href":"https:\/\/moto-oprema.com\/de\/wp-json\/wp\/v2\/product\/98825","targetHints":{"allow":["GET"]}}],"collection":[{"href":"https:\/\/moto-oprema.com\/de\/wp-json\/wp\/v2\/product"}],"about":[{"href":"https:\/\/moto-oprema.com\/de\/wp-json\/wp\/v2\/types\/product"}],"replies":[{"embeddable":true,"href":"https:\/\/moto-oprema.com\/de\/wp-json\/wp\/v2\/comments?post=98825"}],"wp:featuredmedia":[{"embeddable":true,"href":"https:\/\/moto-oprema.com\/de\/wp-json\/wp\/v2\/media\/31149"}],"wp:attachment":[{"href":"https:\/\/moto-oprema.com\/de\/wp-json\/wp\/v2\/media?parent=98825"}],"wp:term":[{"taxonomy":"brand","embeddable":true,"href":"https:\/\/moto-oprema.com\/de\/wp-json\/wp\/v2\/brand?post=98825"},{"taxonomy":"gender","embeddable":true,"href":"https:\/\/moto-oprema.com\/de\/wp-json\/wp\/v2\/gender?post=98825"},{"taxonomy":"product_brand","embeddable":true,"href":"https:\/\/moto-oprema.com\/de\/wp-json\/wp\/v2\/product_brand?post=98825"},{"taxonomy":"product_cat","embeddable":true,"href":"https:\/\/moto-oprema.com\/de\/wp-json\/wp\/v2\/product_cat?post=98825"},{"taxonomy":"product_tag","embeddable":true,"href":"https:\/\/moto-oprema.com\/de\/wp-json\/wp\/v2\/product_tag?post=98825"}],"curies":[{"name":"wp","href":"https:\/\/api.w.org\/{rel}","templated":true}]}}