{"id":98771,"date":"2024-09-20T08:07:29","date_gmt":"2024-09-20T08:07:29","guid":{"rendered":"https:\/\/moto-oprema.com\/Artikel\/alpinestars-amt-8-stretch-drystar-xf-hose-schwarz\/"},"modified":"2024-09-20T08:07:29","modified_gmt":"2024-09-20T08:07:29","slug":"alpinestars-amt-8-stretch-drystar-xf-hose-schwarz","status":"publish","type":"product","link":"https:\/\/moto-oprema.com\/de\/Artikel\/alpinestars-amt-8-stretch-drystar-xf-hose-schwarz\/","title":{"rendered":"ALPINESTARS AMT-8 STRETCH DRYSTAR XF HOSE SCHWARZ"},"content":{"rendered":"<p>Die AMT-8 Stretch Drystar\u00aeXF, ein Neuzugang in der AMT (Alpinestars Motion Technology) Reihe, wurde entwickelt, um bei Langstreckenfahrten ein H\u00f6chstma\u00df an Komfort zu bieten. Wie die anderen Produkte der Reihe ist auch die AMT-8 ACTIVE fit Hose ergonomisch geformt, um Bewegungsfreiheit zu bieten, \u00fcberragenden Komfort und Schutz zu gew\u00e4hrleisten und gleichzeitig ein hohes Ma\u00df an Bel\u00fcftung und Atmungsaktivit\u00e4t zu bieten. Mit strategisch platzierten Hyperflow-Bel\u00fcftungs\u00f6ffnungen und einem wasserdichten Drystar\u00aeXF-Stretchfutter bietet die AMT-8 Hose dem Fahrer eine k\u00fchlende Bel\u00fcftung an den Stellen, die sie am meisten ben\u00f6tigen, und h\u00e4lt ihn bei widrigen Wetterbedingungen trocken.  <\/p>\n<ul>\n<li>Hoch atmungsaktive, 100%ige Stretch-Hose f\u00fcr unvergleichliche Flexibilit\u00e4t und \u00fcberragenden Reiterkomfort.<\/li>\n<li>ACTIVE Touring-Passform mit vorgeformten Beinen und ergonomischen Knien f\u00fcr ultimativen Fahrerkomfort.<\/li>\n<li>Die langen Bel\u00fcftungs\u00f6ffnungen mit Rei\u00dfverschluss an den Oberschenkeln bieten ein hohes Ma\u00df an k\u00fchlendem Luftstrom, wenn sie ge\u00f6ffnet sind, und wirken wie Schaufeln, die die Luft aus dem einstr\u00f6menden Luftstrom auffangen. Das Hyperflow-Bel\u00fcftungssystem in der AMT-8 Hose bietet eine gr\u00f6\u00dfere Oberfl\u00e4che f\u00fcr den Luftaustausch und die seitlichen Bel\u00fcftungs\u00f6ffnungen an den Oberschenkeln sind dank eines internen Seilr\u00fcckhaltesystems offen. <\/li>\n<li>Das wasserdichte Drystar\u00aeXF Stretch-Futter ist sehr vielseitig und kann als innere Windschicht verwendet werden, wenn es unter der Hose getragen wird, oder als WP-Schicht f\u00fcr Regenschutz, wenn es \u00fcber der Hose getragen wird. Wenn Sie das Futter nicht brauchen, k\u00f6nnen Sie es einfach in der integrierten Tasche verstauen und bequem in der R\u00fcckentasche der AMT-8 Jacke aufbewahren. <\/li>\n<\/ul>\n<p>Es gelten die folgenden Normen: Vollst\u00e4ndig zertifizierte Reitbekleidung nach CE-Norm<br \/>\n&#8211; Kategorie II EN17092-3:2020<br \/>\n&#8211; Klasse AA.<\/p>\n","protected":false},"excerpt":{"rendered":"<p>Die AMT-8 Stretch Drystar\u00aeXF, ein Neuzugang in der AMT (Alpinestars Motion Technology) Reihe, wurde entwickelt, um&#8230;<\/p>\n","protected":false},"featured_media":98784,"comment_status":"open","ping_status":"closed","template":"","meta":{"_acf_changed":false},"brand":[2111],"gender":[],"product_brand":[],"product_cat":[1357,2189,2211],"product_tag":[],"class_list":{"0":"post-98771","1":"product","2":"type-product","3":"status-publish","4":"has-post-thumbnail","6":"brand-alpinestars-de","7":"product_cat-ausrustung-fur-motorradfahrer","8":"product_cat-hose","9":"product_cat-textil-hose","10":"pa_velikost-st-l-de","11":"pa_velikost-st-m-de","12":"pa_velikost-st-s-de","13":"pa_velikost-st-xl-de","14":"pa_velikost-st-xxl-de","15":"pa_velikost-st-xxxl-de","17":"first","18":"instock","19":"sale","20":"taxable","21":"shipping-taxable","22":"purchasable","23":"product-type-variable"},"acf":[],"_links":{"self":[{"href":"https:\/\/moto-oprema.com\/de\/wp-json\/wp\/v2\/product\/98771","targetHints":{"allow":["GET"]}}],"collection":[{"href":"https:\/\/moto-oprema.com\/de\/wp-json\/wp\/v2\/product"}],"about":[{"href":"https:\/\/moto-oprema.com\/de\/wp-json\/wp\/v2\/types\/product"}],"replies":[{"embeddable":true,"href":"https:\/\/moto-oprema.com\/de\/wp-json\/wp\/v2\/comments?post=98771"}],"wp:featuredmedia":[{"embeddable":true,"href":"https:\/\/moto-oprema.com\/de\/wp-json\/wp\/v2\/media\/98784"}],"wp:attachment":[{"href":"https:\/\/moto-oprema.com\/de\/wp-json\/wp\/v2\/media?parent=98771"}],"wp:term":[{"taxonomy":"brand","embeddable":true,"href":"https:\/\/moto-oprema.com\/de\/wp-json\/wp\/v2\/brand?post=98771"},{"taxonomy":"gender","embeddable":true,"href":"https:\/\/moto-oprema.com\/de\/wp-json\/wp\/v2\/gender?post=98771"},{"taxonomy":"product_brand","embeddable":true,"href":"https:\/\/moto-oprema.com\/de\/wp-json\/wp\/v2\/product_brand?post=98771"},{"taxonomy":"product_cat","embeddable":true,"href":"https:\/\/moto-oprema.com\/de\/wp-json\/wp\/v2\/product_cat?post=98771"},{"taxonomy":"product_tag","embeddable":true,"href":"https:\/\/moto-oprema.com\/de\/wp-json\/wp\/v2\/product_tag?post=98771"}],"curies":[{"name":"wp","href":"https:\/\/api.w.org\/{rel}","templated":true}]}}