{"id":98656,"date":"2024-09-16T09:41:14","date_gmt":"2024-09-16T09:41:14","guid":{"rendered":"https:\/\/moto-oprema.com\/Artikel\/alpinestars-bogota-pro-ds-jacke-grau-cyan\/"},"modified":"2024-09-16T09:41:14","modified_gmt":"2024-09-16T09:41:14","slug":"alpinestars-bogota-pro-ds-jacke-grau-cyan","status":"publish","type":"product","link":"https:\/\/moto-oprema.com\/de\/Artikel\/alpinestars-bogota-pro-ds-jacke-grau-cyan\/","title":{"rendered":"ALPINESTARS BOGOTA PRO DS JACKE GRAU CYAN"},"content":{"rendered":"<p>Alpinestars Bogota Pro Drystar\u00ae wasserdichte Motorradjacke aus Textil<\/p>\n<p>Die Bogota Pro Drystar\u00ae Ganzjahresjacke wurde entwickelt, um optimalen Schutz, Wetterschutz und Komfort zu bieten. Die Alpinestars Drystar\u00ae-Membran ist 100% wasserdicht und atmungsaktiv.  Das dreilagige &#8222;Liner to Drop&#8220;-System erm\u00f6glicht es der Jacke, sich an das Wetter anzupassen und dabei schnell und einfach zu bedienen zu sein. Die Bogot\u00e1-Jacke hat gro\u00dfe Bel\u00fcftungseins\u00e4tze auf der Brust, entlang des gesamten R\u00fcckens und an den Armen f\u00fcr eine effektive Klimakontrolle bei allen Bedingungen. Die ergonomische 3D-Kontur sorgt f\u00fcr ein hohes Ma\u00df an Flexibilit\u00e4t und Bel\u00fcftung. Das technische Drystar\u00ae-Futter bietet ausgezeichnete Atmungsaktivit\u00e4t und hervorragende Leistung bei nassem Wetter. Das Drystar\u00ae-Futter kann \u00fcber oder unter der Hauptau\u00dfenh\u00fclle getragen werden, was es praktisch und vielseitig macht. Die Bogot\u00e1 Pro Drystar\u00ae Jacke passt sich all Ihren Bed\u00fcrfnissen an und ist der ideale Begleiter f\u00fcr das ganze Jahr \u00fcber. Die Jacke verf\u00fcgt \u00fcber eine DWR-Behandlung (durable water repellent) f\u00fcr effiziente Leistung bei allen Wetterbedingungen und \u00fcberragenden Komfort bei jedem Wetter, ob nass oder trocken &#8211; mit der Bogot\u00e1 Jacke bleiben Sie immer trocken.      <\/p>\n<p>Merkmale:<\/p>\n<p>Die Jacke ist Tech-Air\u00ae ready und kann mit Tech-Air\u00ae 5 oder Tech-Air\u00ae 3 Airbagsystemen ausgestattet werden.<br \/>\nHergestellt aus 100% recyceltem Nylon 6 GRS.<br \/>\nDie Bogot\u00e1 Pro Jacke hat gro\u00dfe Bel\u00fcftungspaneele auf der Brust, dem R\u00fccken und den Armen f\u00fcr eine effektive Klimakontrolle unter allen Bedingungen.<br \/>\nDas direkte Bel\u00fcftungspanel kann mit einer Hand bedient werden, um das Klima unterwegs schnell und effektiv zu regulieren.<br \/>\nNucleon Flex Plus Level 2 Schulter- und Ellbogenpolster f\u00fcr effektiven Aufprallschutz.<br \/>\nDie Jacke ist aus einer leichten 600D-Au\u00dfenschicht gefertigt, die f\u00fcr Strapazierf\u00e4higkeit sorgt.<br \/>\nVerst\u00e4rkte 2-L 450D Hartschalenkonstruktion f\u00fcr erh\u00f6hte Strapazierf\u00e4higkeit und geringes Gewicht, mit gewebten 600D Verst\u00e4rkungen f\u00fcr erh\u00f6hte Strapazierf\u00e4higkeit in Schl\u00fcsselbereichen.<br \/>\nGro\u00dfe Stretcheins\u00e4tze f\u00fcr optimale Bewegungsfreiheit und verbesserte Passform.<br \/>\nDie vorgeformten \u00c4rmel sind so konzipiert, dass sie sich der Form des Arms anpassen und gleichzeitig eine ausgezeichnete Bewegungsfreiheit und einen gro\u00dfen Bewegungsspielraum in der Fahrposition bieten.<br \/>\nEin herausnehmbares Thermofutter von 100 g am K\u00f6rper und 60 g an den \u00c4rmeln erm\u00f6glicht die Anpassung der Jacke an die klimatischen Bedingungen.<br \/>\nIntuitive und funktionelle Integration von Rei\u00dfverschl\u00fcssen, Verschl\u00fcssen und ergonomischen Formen an den Verbindungsstellen von Innenfutter, Verschlusssystemen, Handgelenken und Kragen f\u00fcr eine einfachere Handhabung.<br \/>\nInnovativer Kragenverschluss mit einem verstellbaren, selbstzentrierenden Verschluss f\u00fcr eine optimale Passform, mit Klettverschluss auf der Innenseite, um den Kragen bei warmem Wetter offen zu halten.<br \/>\nErgonomisch gestaltete, verstellbare Stulpen f\u00fcr eine einfache Handhabung der Handschuhe.<br \/>\nNeue Innenkonstruktion f\u00fcr die Polster, einschlie\u00dflich R\u00fccken- und Brustpolster und auch bereit f\u00fcr den neuen langen R\u00fcckenprotektor.<br \/>\nZwei Rei\u00dfverschlusstaschen vorne, zwei Brusttaschen, eine wasserdichte Innentasche f\u00fcr Dokumente und zwei Innentaschen im Futter zur sicheren Aufbewahrung von Wertsachen.<br \/>\nDer untere Rand ist mit einem Kordelzug f\u00fcr eine optimale Passform ausgestattet.<br \/>\nMotorradbekleidung &#8211; Kategorie II EN17092 &#8211; Klasse AA.<\/p>\n<p>ZUSAMMENSETZUNG:<br \/>\n65 % Polyamid, 35 % Polyester; Innenfutter: 100 % Polyester<\/p>\n<p>&nbsp;<\/p>\n","protected":false},"excerpt":{"rendered":"<p>Alpinestars Bogota Pro Drystar\u00ae wasserdichte Motorradjacke aus Textil Die Bogota Pro Drystar\u00ae Ganzjahresjacke wurde entwickelt, um&#8230;<\/p>\n","protected":false},"featured_media":98665,"comment_status":"open","ping_status":"closed","template":"","meta":{"_acf_changed":false},"brand":[2111],"gender":[2168],"product_brand":[],"product_cat":[1357,2045,2048],"product_tag":[],"class_list":{"0":"post-98656","1":"product","2":"type-product","3":"status-publish","4":"has-post-thumbnail","6":"brand-alpinestars-de","7":"gender-moski-de","8":"product_cat-ausrustung-fur-motorradfahrer","9":"product_cat-jakne-de","10":"product_cat-textil-jacken","11":"pa_size-l-de","12":"pa_size-m-de","13":"pa_size-s-de","14":"pa_size-xl-de","15":"pa_size-xxl-de","16":"pa_size-xxxl-de","18":"first","19":"instock","20":"sale","21":"taxable","22":"shipping-taxable","23":"purchasable","24":"product-type-variable"},"acf":[],"_links":{"self":[{"href":"https:\/\/moto-oprema.com\/de\/wp-json\/wp\/v2\/product\/98656","targetHints":{"allow":["GET"]}}],"collection":[{"href":"https:\/\/moto-oprema.com\/de\/wp-json\/wp\/v2\/product"}],"about":[{"href":"https:\/\/moto-oprema.com\/de\/wp-json\/wp\/v2\/types\/product"}],"replies":[{"embeddable":true,"href":"https:\/\/moto-oprema.com\/de\/wp-json\/wp\/v2\/comments?post=98656"}],"wp:featuredmedia":[{"embeddable":true,"href":"https:\/\/moto-oprema.com\/de\/wp-json\/wp\/v2\/media\/98665"}],"wp:attachment":[{"href":"https:\/\/moto-oprema.com\/de\/wp-json\/wp\/v2\/media?parent=98656"}],"wp:term":[{"taxonomy":"brand","embeddable":true,"href":"https:\/\/moto-oprema.com\/de\/wp-json\/wp\/v2\/brand?post=98656"},{"taxonomy":"gender","embeddable":true,"href":"https:\/\/moto-oprema.com\/de\/wp-json\/wp\/v2\/gender?post=98656"},{"taxonomy":"product_brand","embeddable":true,"href":"https:\/\/moto-oprema.com\/de\/wp-json\/wp\/v2\/product_brand?post=98656"},{"taxonomy":"product_cat","embeddable":true,"href":"https:\/\/moto-oprema.com\/de\/wp-json\/wp\/v2\/product_cat?post=98656"},{"taxonomy":"product_tag","embeddable":true,"href":"https:\/\/moto-oprema.com\/de\/wp-json\/wp\/v2\/product_tag?post=98656"}],"curies":[{"name":"wp","href":"https:\/\/api.w.org\/{rel}","templated":true}]}}