{"id":98527,"date":"2024-09-12T07:52:00","date_gmt":"2024-09-12T07:52:00","guid":{"rendered":"https:\/\/moto-oprema.com\/Artikel\/alpinestars-rakete-v3-jacke-schwarz-weiss\/"},"modified":"2024-09-12T07:52:00","modified_gmt":"2024-09-12T07:52:00","slug":"alpinestars-rakete-v3-jacke-schwarz-weiss","status":"publish","type":"product","link":"https:\/\/moto-oprema.com\/de\/Artikel\/alpinestars-rakete-v3-jacke-schwarz-weiss\/","title":{"rendered":"ALPINESTARS RAKETE V3 JACKE SCHWARZ WEISS"},"content":{"rendered":"<p>Die Missile v3 Lederjacke ist eine Premium-Rennjacke, die direkt von der MotoGP abgeleitet wurde und fortschrittliche Rennsporttechnologie enth\u00e4lt, um ultimativen Schutz, Komfort und Stil zu bieten. Die Jacke verf\u00fcgt \u00fcber modernste Schutztechnologien, darunter ein nahtloses DFS-System, Phantom Black Shadow TPU-Schilde an den \u00e4u\u00dferen Schultern und Alpinestars Nucleon PLASMA Pro Level 2-Schilde an den Schultern und Ellbogen. Die Jacke ist Tech-Air\u00ae ready und kompatibel mit dem neuen Tech-Air\u00ae 7x Airbagsystem und wurde entwickelt, um das h\u00f6chste Niveau an aktivem Rennsportschutz zu bieten. Das moderne, sportliche Design der Missile v3 Lederjacke bietet eine markante, vom Rennsport inspirierte \u00c4sthetik &#8211; die perfekte Rennjacke f\u00fcr Fahrer, die auf der Suche nach dem h\u00f6chsten Niveau an Renntechnologie sind.   <\/p>\n<p>Zusammensetzung des Rohmaterials:<\/p>\n<p>\u00c4u\u00dferes<\/p>\n<p>&#8211; 82% Leder 18% Polyamid<\/p>\n<p>Interieur<\/p>\n<p>&#8211; 80% Polyester 16% Polyamid 4% andere<\/p>\n<div class=\"accordion-main\">\n<div id=\"jq-product-info-accordion\" class=\"product-info-accordion\">\n<div class=\"product-info-inner\">\n<ul>\n<li>\n<\/li>\n<\/ul>\n<\/div>\n<\/div>\n<\/div>\n","protected":false},"excerpt":{"rendered":"<p>Farbe: Schwarz &#8211; Wei\u00df<\/p>\n","protected":false},"featured_media":30456,"comment_status":"open","ping_status":"open","template":"","meta":{"_acf_changed":false},"brand":[2111],"gender":[],"product_brand":[],"product_cat":[1357,2045,2048],"product_tag":[],"class_list":{"0":"post-98527","1":"product","2":"type-product","3":"status-publish","4":"has-post-thumbnail","6":"brand-alpinestars-de","7":"product_cat-ausrustung-fur-motorradfahrer","8":"product_cat-jakne-de","9":"product_cat-textil-jacken","10":"pa_size-48-de","11":"pa_size-50-de","12":"pa_size-52-de","13":"pa_size-54-de","14":"pa_size-56-de","15":"pa_size-58-de","16":"pa_size-60-de","18":"first","19":"outofstock","20":"sale","21":"taxable","22":"shipping-taxable","23":"purchasable","24":"product-type-variable"},"acf":[],"_links":{"self":[{"href":"https:\/\/moto-oprema.com\/de\/wp-json\/wp\/v2\/product\/98527","targetHints":{"allow":["GET"]}}],"collection":[{"href":"https:\/\/moto-oprema.com\/de\/wp-json\/wp\/v2\/product"}],"about":[{"href":"https:\/\/moto-oprema.com\/de\/wp-json\/wp\/v2\/types\/product"}],"replies":[{"embeddable":true,"href":"https:\/\/moto-oprema.com\/de\/wp-json\/wp\/v2\/comments?post=98527"}],"wp:featuredmedia":[{"embeddable":true,"href":"https:\/\/moto-oprema.com\/de\/wp-json\/wp\/v2\/media\/30456"}],"wp:attachment":[{"href":"https:\/\/moto-oprema.com\/de\/wp-json\/wp\/v2\/media?parent=98527"}],"wp:term":[{"taxonomy":"brand","embeddable":true,"href":"https:\/\/moto-oprema.com\/de\/wp-json\/wp\/v2\/brand?post=98527"},{"taxonomy":"gender","embeddable":true,"href":"https:\/\/moto-oprema.com\/de\/wp-json\/wp\/v2\/gender?post=98527"},{"taxonomy":"product_brand","embeddable":true,"href":"https:\/\/moto-oprema.com\/de\/wp-json\/wp\/v2\/product_brand?post=98527"},{"taxonomy":"product_cat","embeddable":true,"href":"https:\/\/moto-oprema.com\/de\/wp-json\/wp\/v2\/product_cat?post=98527"},{"taxonomy":"product_tag","embeddable":true,"href":"https:\/\/moto-oprema.com\/de\/wp-json\/wp\/v2\/product_tag?post=98527"}],"curies":[{"name":"wp","href":"https:\/\/api.w.org\/{rel}","templated":true}]}}