{"id":98486,"date":"2024-09-11T08:45:44","date_gmt":"2024-09-11T08:45:44","guid":{"rendered":"https:\/\/moto-oprema.com\/Artikel\/dainese-no-wind-thermo-hose\/"},"modified":"2024-09-11T08:45:44","modified_gmt":"2024-09-11T08:45:44","slug":"dainese-no-wind-thermo-hose","status":"publish","type":"product","link":"https:\/\/moto-oprema.com\/de\/Artikel\/dainese-no-wind-thermo-hose\/","title":{"rendered":"DAINESE NO WIND THERMO HOSE"},"content":{"rendered":"<p>Die No-Wind Thermo Pants ist eine Thermohose aus Dryarn-Gewebe. Dank der atmungsaktiven, dehnbaren und winddichten Membran bietet die No-Wind Thermo Pants einen hohen W\u00e4rmekomfort und eine hervorragende Isolierung. <\/p>\n<p>Die hohe Isolierung erm\u00f6glicht es dem K\u00f6rper, warme Luft einzuschlie\u00dfen, um eine hohe K\u00f6rpertemperatur aufrechtzuerhalten. Damit ist die No-Wind Thermo Pants ideal f\u00fcr die k\u00e4ltere Jahreszeit.<\/p>\n<p class=\"tw-data-text tw-text-large tw-ta\" dir=\"ltr\" data-placeholder=\"Prevod\" data-ved=\"2ahUKEwj-9bKRoYeDAxUQ0AIHHUnnA6QQ3ewLegQIBRAP\"><span class=\"Y2IQFc\" lang=\"sl\">O<\/span><span class=\"Y2IQFc\" lang=\"sl\">h\u00e4lt selbst bei den niedrigsten Au\u00dfentemperaturen eine ideale Temperatur aufrecht.<\/span><\/p>\n<p class=\"tw-data-text tw-text-large tw-ta\" dir=\"ltr\" data-placeholder=\"Prevod\" data-ved=\"2ahUKEwj-9bKRoYeDAxUQ0AIHHUnnA6QQ3ewLegQIBRAP\">Zusammensetzung des Rohmaterials: 95% Polypropylen &#8211; 5% Elastan \/ Oberstoff: 91% Polyester &#8211; 9% Polyurethan<\/p>\n","protected":false},"excerpt":{"rendered":"<p>Die No-Wind Thermo Pants ist eine Thermohose aus Dryarn-Gewebe. Dank der atmungsaktiven, dehnbaren und winddichten Membran&#8230;<\/p>\n","protected":false},"featured_media":30385,"comment_status":"open","ping_status":"closed","template":"","meta":{"_acf_changed":false},"brand":[2113],"gender":[],"product_brand":[],"product_cat":[1357,2208,2212],"product_tag":[],"class_list":{"0":"post-98486","1":"product","2":"type-product","3":"status-publish","4":"has-post-thumbnail","6":"brand-dainese-de","7":"product_cat-ausrustung-fur-motorradfahrer","8":"product_cat-funktionskleidung-und-unterwasche","9":"product_cat-unterkappen","10":"pa_size-l-de","11":"pa_size-m-de","12":"pa_size-xl-2xl-de","13":"pa_size-xs-s-de","15":"first","16":"instock","17":"sale","18":"taxable","19":"shipping-taxable","20":"purchasable","21":"product-type-variable"},"acf":[],"_links":{"self":[{"href":"https:\/\/moto-oprema.com\/de\/wp-json\/wp\/v2\/product\/98486","targetHints":{"allow":["GET"]}}],"collection":[{"href":"https:\/\/moto-oprema.com\/de\/wp-json\/wp\/v2\/product"}],"about":[{"href":"https:\/\/moto-oprema.com\/de\/wp-json\/wp\/v2\/types\/product"}],"replies":[{"embeddable":true,"href":"https:\/\/moto-oprema.com\/de\/wp-json\/wp\/v2\/comments?post=98486"}],"wp:featuredmedia":[{"embeddable":true,"href":"https:\/\/moto-oprema.com\/de\/wp-json\/wp\/v2\/media\/30385"}],"wp:attachment":[{"href":"https:\/\/moto-oprema.com\/de\/wp-json\/wp\/v2\/media?parent=98486"}],"wp:term":[{"taxonomy":"brand","embeddable":true,"href":"https:\/\/moto-oprema.com\/de\/wp-json\/wp\/v2\/brand?post=98486"},{"taxonomy":"gender","embeddable":true,"href":"https:\/\/moto-oprema.com\/de\/wp-json\/wp\/v2\/gender?post=98486"},{"taxonomy":"product_brand","embeddable":true,"href":"https:\/\/moto-oprema.com\/de\/wp-json\/wp\/v2\/product_brand?post=98486"},{"taxonomy":"product_cat","embeddable":true,"href":"https:\/\/moto-oprema.com\/de\/wp-json\/wp\/v2\/product_cat?post=98486"},{"taxonomy":"product_tag","embeddable":true,"href":"https:\/\/moto-oprema.com\/de\/wp-json\/wp\/v2\/product_tag?post=98486"}],"curies":[{"name":"wp","href":"https:\/\/api.w.org\/{rel}","templated":true}]}}