{"id":98470,"date":"2024-09-11T08:33:11","date_gmt":"2024-09-11T08:33:11","guid":{"rendered":"https:\/\/moto-oprema.com\/Artikel\/dainese-no-wind-thermo-ls\/"},"modified":"2024-09-11T08:33:11","modified_gmt":"2024-09-11T08:33:11","slug":"dainese-no-wind-thermo-ls","status":"publish","type":"product","link":"https:\/\/moto-oprema.com\/de\/Artikel\/dainese-no-wind-thermo-ls\/","title":{"rendered":"DAINESE NO WIND THERMO LS"},"content":{"rendered":"<p id=\"tw-target-text\" class=\"tw-data-text tw-text-large tw-ta\" dir=\"ltr\" data-placeholder=\"Prevod\" data-ved=\"2ahUKEwj-9bKRoYeDAxUQ0AIHHUnnA6QQ3ewLegQIBRAP\">Das No-Wind Thermo LS ist ein Thermohemd aus Dryarn-Gewebe. Dank der atmungsaktiven, winddichten Stretchmembran an den Armen und auf der Vorderseite bietet das No-Wind Thermo LS hohen W\u00e4rmekomfort und eine hervorragende Isolierung gegen Luft und niedrige Temperaturen. Dank der hohen Isolationskapazit\u00e4t wird die warme Luft dicht am K\u00f6rper eingeschlossen und speichert so die W\u00e4rme. No-Wind Thermo LS ist daher ideal f\u00fcr den Winter.   <\/p>\n<p class=\"tw-data-text tw-text-large tw-ta\" dir=\"ltr\" data-placeholder=\"Prevod\" data-ved=\"2ahUKEwj-9bKRoYeDAxUQ0AIHHUnnA6QQ3ewLegQIBRAP\"><span class=\"Y2IQFc\" lang=\"sl\">O<\/span><span class=\"Y2IQFc\" lang=\"sl\">h\u00e4lt selbst bei den niedrigsten Au\u00dfentemperaturen eine ideale Temperatur aufrecht.<\/span><\/p>\n<p class=\"tw-data-text tw-text-large tw-ta\" dir=\"ltr\" data-placeholder=\"Prevod\" data-ved=\"2ahUKEwj-9bKRoYeDAxUQ0AIHHUnnA6QQ3ewLegQIBRAP\">Zusammensetzung des Rohmaterials: 95% Polypropylen &#8211; 5% Elastan \/ Oberstoff: 91% Polyester &#8211; 9% Polyurethan<\/p>\n","protected":false},"excerpt":{"rendered":"<p>Das No-Wind Thermo LS ist ein Thermohemd aus Dryarn-Gewebe. Dank der atmungsaktiven, winddichten Stretchmembran an den&#8230;<\/p>\n","protected":false},"featured_media":30378,"comment_status":"open","ping_status":"open","template":"","meta":{"_acf_changed":false},"brand":[2113],"gender":[],"product_brand":[],"product_cat":[1357],"product_tag":[],"class_list":{"0":"post-98470","1":"product","2":"type-product","3":"status-publish","4":"has-post-thumbnail","6":"brand-dainese-de","7":"product_cat-ausrustung-fur-motorradfahrer","8":"pa_size-l-de","9":"pa_size-m-de","10":"pa_size-xl-2xl-de","11":"pa_size-xs-s-de","13":"first","14":"instock","15":"sale","16":"taxable","17":"shipping-taxable","18":"purchasable","19":"product-type-variable"},"acf":[],"_links":{"self":[{"href":"https:\/\/moto-oprema.com\/de\/wp-json\/wp\/v2\/product\/98470","targetHints":{"allow":["GET"]}}],"collection":[{"href":"https:\/\/moto-oprema.com\/de\/wp-json\/wp\/v2\/product"}],"about":[{"href":"https:\/\/moto-oprema.com\/de\/wp-json\/wp\/v2\/types\/product"}],"replies":[{"embeddable":true,"href":"https:\/\/moto-oprema.com\/de\/wp-json\/wp\/v2\/comments?post=98470"}],"wp:featuredmedia":[{"embeddable":true,"href":"https:\/\/moto-oprema.com\/de\/wp-json\/wp\/v2\/media\/30378"}],"wp:attachment":[{"href":"https:\/\/moto-oprema.com\/de\/wp-json\/wp\/v2\/media?parent=98470"}],"wp:term":[{"taxonomy":"brand","embeddable":true,"href":"https:\/\/moto-oprema.com\/de\/wp-json\/wp\/v2\/brand?post=98470"},{"taxonomy":"gender","embeddable":true,"href":"https:\/\/moto-oprema.com\/de\/wp-json\/wp\/v2\/gender?post=98470"},{"taxonomy":"product_brand","embeddable":true,"href":"https:\/\/moto-oprema.com\/de\/wp-json\/wp\/v2\/product_brand?post=98470"},{"taxonomy":"product_cat","embeddable":true,"href":"https:\/\/moto-oprema.com\/de\/wp-json\/wp\/v2\/product_cat?post=98470"},{"taxonomy":"product_tag","embeddable":true,"href":"https:\/\/moto-oprema.com\/de\/wp-json\/wp\/v2\/product_tag?post=98470"}],"curies":[{"name":"wp","href":"https:\/\/api.w.org\/{rel}","templated":true}]}}