{"id":98415,"date":"2024-09-10T09:20:34","date_gmt":"2024-09-10T09:20:34","guid":{"rendered":"https:\/\/moto-oprema.com\/Artikel\/alpinestars-stella-smx-6-v3-drystar-schwarz\/"},"modified":"2024-09-10T09:20:34","modified_gmt":"2024-09-10T09:20:34","slug":"alpinestars-stella-smx-6-v3-drystar-schwarz","status":"publish","type":"product","link":"https:\/\/moto-oprema.com\/de\/Artikel\/alpinestars-stella-smx-6-v3-drystar-schwarz\/","title":{"rendered":"ALPINESTARS STELLA SMX-6 V3 DRYSTAR SCHWARZ"},"content":{"rendered":"<p>Der Stella SMX-6 v3 Drystar\u00ae wurde anatomisch f\u00fcr eine optimale Passform f\u00fcr Frauen entworfen und ist mit einer Vielzahl innovativer Sicherheits- und Schutzfunktionen ausgestattet. Er ist der ultimative Stiefel f\u00fcr die Stra\u00dfe und f\u00fcr jedes Wetter und enth\u00e4lt Technologien und Materialien, die auf der Rennstrecke entwickelt wurden, um Fahrern einen entscheidenden Vorteil auf der Strecke und auf der Stra\u00dfe zu verschaffen.<br \/>\nDieser Stiefel ist mit der Alpinestars Drystar\u00ae Technologie ausgestattet, die bew\u00e4hrte Leistung bei nassem Wetter und hervorragende Atmungsaktivit\u00e4t bietet.<br \/>\nMa\u00dfgeschneidert f\u00fcr Frauen f\u00fcr optimalen Komfort.<br \/>\nHochentwickeltes Obermaterial aus Mikrofaser f\u00fcr leichten, leistungsstarken Abriebschutz und ein hohes Ma\u00df an Flexibilit\u00e4t.<br \/>\nDer Stiefel ist mit Alpinestars Drystar\u00ae wasserdichtem und atmungsaktivem Futter ausgestattet, das f\u00fcr hervorragende Leistung bei allen Wetterbedingungen sorgt.<br \/>\nDie neuen vorderen und hinteren Flexzonen bestehen aus Textil, das mit weichem TPU \u00fcberzogen ist, um die Sto\u00dffestigkeit zu erh\u00f6hen und gleichzeitig die nat\u00fcrliche Vorw\u00e4rts- und R\u00fcckw\u00e4rtsbewegung zu f\u00f6rdern.<br \/>\nDie Entwicklung von Alpinestars einzigartigem Kn\u00f6chelschutzsystem bietet biomechanische Unterst\u00fctzung und Schutz zwischen der seitlichen oberen Sehne, dem Schienbein und dem Kn\u00f6chel f\u00fcr eine \u00fcberlegene Kn\u00f6chelartikulation, w\u00e4hrend Hypertorsion, Hyperextension und Hyperflexion begrenzt werden und ein Aufprallschutz f\u00fcr die Achillessehne und den Kn\u00f6chel geboten wird.<br \/>\nDas Alpinestars Lace-Lock System besteht aus einem fortschrittlichen Polymerharz, das einen schnellen, pr\u00e4zisen und sicheren Verschluss gew\u00e4hrleistet.<br \/>\nEr ist mit einem neuen TPU-Zahnradbereich ausgestattet, der f\u00fcr besseren Schutz auf der unteren medialen Seite sorgt.<br \/>\nDer neue, strategisch platzierte TPU-Schienbeinschutz im Wettkampfdesign bietet eine hervorragende Sto\u00df- und Abriebfestigkeit.<br \/>\nDer TPU-Kn\u00f6chelschutz mit doppelter Dichte ist strategisch zwischen dem Obermaterial und dem gepolsterten Fu\u00dfbett platziert und bietet strategischen Schutz in wichtigen Bereichen.<br \/>\nDer austauschbare TPU-Zehenschieber mit doppelter Dichte und Schraubverschluss bietet umfassenden Schutz um den \u00e4u\u00dferen Teil der Zehen und ist gleichzeitig extrem flexibel f\u00fcr den Gehkomfort.<br \/>\nDie austauschbare Fersenrutsche und die externe seitliche Fersenrutsche sind strategisch platziert, um eine optimale Streuung und Sto\u00dfd\u00e4mpfung zu gew\u00e4hrleisten und gleichzeitig das Gleiten im Falle eines Unfalls zu f\u00f6rdern.<br \/>\nDer Stella SMX-6 v3 Drystar\u00ae Schuh ist nach CE EN 13634:2017 zertifiziert.<\/p>\n<p>Mikrofaser, TPU, Lycra<\/p>\n","protected":false},"excerpt":{"rendered":"<p>Alpinestars Stella SMX-6 V3 Drystar\u00ae Wasserdichter Stiefel f\u00fcr Damen<\/p>\n","protected":false},"featured_media":30321,"comment_status":"open","ping_status":"open","template":"","meta":{"_acf_changed":false},"brand":[2111],"gender":[2170],"product_brand":[],"product_cat":[1357,2043,2051],"product_tag":[],"class_list":{"0":"post-98415","1":"product","2":"type-product","3":"status-publish","4":"has-post-thumbnail","6":"brand-alpinestars-de","7":"gender-zenska-de","8":"product_cat-ausrustung-fur-motorradfahrer","9":"product_cat-schuhe","10":"product_cat-sportliches-schuhwerk","11":"pa_size-37-de","12":"pa_size-38-de","13":"pa_size-39-de","14":"pa_size-40-de","15":"pa_size-41-de","16":"pa_size-42-de","17":"pa_size-43-de","19":"first","20":"outofstock","21":"sale","22":"taxable","23":"shipping-taxable","24":"purchasable","25":"product-type-variable"},"acf":[],"_links":{"self":[{"href":"https:\/\/moto-oprema.com\/de\/wp-json\/wp\/v2\/product\/98415","targetHints":{"allow":["GET"]}}],"collection":[{"href":"https:\/\/moto-oprema.com\/de\/wp-json\/wp\/v2\/product"}],"about":[{"href":"https:\/\/moto-oprema.com\/de\/wp-json\/wp\/v2\/types\/product"}],"replies":[{"embeddable":true,"href":"https:\/\/moto-oprema.com\/de\/wp-json\/wp\/v2\/comments?post=98415"}],"wp:featuredmedia":[{"embeddable":true,"href":"https:\/\/moto-oprema.com\/de\/wp-json\/wp\/v2\/media\/30321"}],"wp:attachment":[{"href":"https:\/\/moto-oprema.com\/de\/wp-json\/wp\/v2\/media?parent=98415"}],"wp:term":[{"taxonomy":"brand","embeddable":true,"href":"https:\/\/moto-oprema.com\/de\/wp-json\/wp\/v2\/brand?post=98415"},{"taxonomy":"gender","embeddable":true,"href":"https:\/\/moto-oprema.com\/de\/wp-json\/wp\/v2\/gender?post=98415"},{"taxonomy":"product_brand","embeddable":true,"href":"https:\/\/moto-oprema.com\/de\/wp-json\/wp\/v2\/product_brand?post=98415"},{"taxonomy":"product_cat","embeddable":true,"href":"https:\/\/moto-oprema.com\/de\/wp-json\/wp\/v2\/product_cat?post=98415"},{"taxonomy":"product_tag","embeddable":true,"href":"https:\/\/moto-oprema.com\/de\/wp-json\/wp\/v2\/product_tag?post=98415"}],"curies":[{"name":"wp","href":"https:\/\/api.w.org\/{rel}","templated":true}]}}