{"id":98379,"date":"2024-11-27T13:38:21","date_gmt":"2024-11-27T13:38:21","guid":{"rendered":"https:\/\/moto-oprema.com\/Artikel\/alpinestars-mtb-elbow-pad-paragon-plus\/"},"modified":"2024-11-27T13:38:21","modified_gmt":"2024-11-27T13:38:21","slug":"alpinestars-mtb-elbow-pad-paragon-plus","status":"publish","type":"product","link":"https:\/\/moto-oprema.com\/de\/Artikel\/alpinestars-mtb-elbow-pad-paragon-plus\/","title":{"rendered":"ALPINESTARS MTB ELBOW PAD PARAGON PLUS"},"content":{"rendered":"<div class=\"rte\">\n<div id=\"collapse1One\" class=\"accordion-body collapse in\">\n<div class=\"field field-name-body field-type-text-with-summary field-label-hidden\">\n<div class=\"field-items\">\n<div class=\"field-item even\">\n<p>CE-zertifizierter Knieschutz EN 1621_1: 2012 GRADE 1.<\/p>\n<ul>\n<li>Extrem leichte, haltbare und atmungsaktive Knieschoner, die sehr gut passen.<\/li>\n<li>Die Knieschoner werden wie Knieschoner positioniert und der Silikonaufdruck auf den Patenten h\u00e4lt sie f\u00fcr optimale Sicherheit an Ort und Stelle.<\/li>\n<li>Das vorgeformte Kniedesign sorgt f\u00fcr Komfort, wenn Sie mit dem Arm in einer nat\u00fcrlichen gebeugten Position fahren, was Erm\u00fcdung und Reibung verhindert.<\/li>\n<li>Strategisch positioniertes Rip-Stop-Gewebe f\u00fcr Abriebfestigkeit und zus\u00e4tzliche Haltbarkeit.<\/li>\n<li>Die Schutzpolster sind perforiert und in einer Netztasche untergebracht, die f\u00fcr hervorragende Atmungsaktivit\u00e4t und K\u00fchlung sorgt.<\/li>\n<li>Flache, umgekehrte N\u00e4hte f\u00fcr mehr Komfort. F\u00fchlt sich an wie eine zweite Haut. <\/li>\n<li>Die Protektoren werden als Paar verkauft.<\/li>\n<li>269 Gramm<\/li>\n<\/ul>\n<\/div>\n<\/div>\n<\/div>\n<\/div>\n<\/div>\n","protected":false},"excerpt":{"rendered":"<p>CE-zertifizierter Knieschutz EN 1621_1: 2012 GRADE 1. Extrem leichte, haltbare und atmungsaktive Knieschoner, die sehr gut&#8230;<\/p>\n","protected":false},"featured_media":171929,"comment_status":"open","ping_status":"closed","template":"","meta":{"_acf_changed":false},"brand":[2111],"gender":[],"product_brand":[],"product_cat":[2075,2081,2076],"product_tag":[],"class_list":{"0":"post-98379","1":"product","2":"type-product","3":"status-publish","4":"has-post-thumbnail","6":"brand-alpinestars-de","7":"product_cat-mtb-radfahren-ausrustung","8":"product_cat-mtb-ellenbogenschoner","9":"product_cat-mtb-schilder","10":"pa_size-l-de","11":"pa_size-m-de","12":"pa_size-s-de","13":"pa_size-xl-de","15":"first","16":"onbackorder","17":"taxable","18":"shipping-taxable","19":"purchasable","20":"product-type-simple"},"acf":[],"_links":{"self":[{"href":"https:\/\/moto-oprema.com\/de\/wp-json\/wp\/v2\/product\/98379","targetHints":{"allow":["GET"]}}],"collection":[{"href":"https:\/\/moto-oprema.com\/de\/wp-json\/wp\/v2\/product"}],"about":[{"href":"https:\/\/moto-oprema.com\/de\/wp-json\/wp\/v2\/types\/product"}],"replies":[{"embeddable":true,"href":"https:\/\/moto-oprema.com\/de\/wp-json\/wp\/v2\/comments?post=98379"}],"wp:featuredmedia":[{"embeddable":true,"href":"https:\/\/moto-oprema.com\/de\/wp-json\/wp\/v2\/media\/171929"}],"wp:attachment":[{"href":"https:\/\/moto-oprema.com\/de\/wp-json\/wp\/v2\/media?parent=98379"}],"wp:term":[{"taxonomy":"brand","embeddable":true,"href":"https:\/\/moto-oprema.com\/de\/wp-json\/wp\/v2\/brand?post=98379"},{"taxonomy":"gender","embeddable":true,"href":"https:\/\/moto-oprema.com\/de\/wp-json\/wp\/v2\/gender?post=98379"},{"taxonomy":"product_brand","embeddable":true,"href":"https:\/\/moto-oprema.com\/de\/wp-json\/wp\/v2\/product_brand?post=98379"},{"taxonomy":"product_cat","embeddable":true,"href":"https:\/\/moto-oprema.com\/de\/wp-json\/wp\/v2\/product_cat?post=98379"},{"taxonomy":"product_tag","embeddable":true,"href":"https:\/\/moto-oprema.com\/de\/wp-json\/wp\/v2\/product_tag?post=98379"}],"curies":[{"name":"wp","href":"https:\/\/api.w.org\/{rel}","templated":true}]}}