{"id":98372,"date":"2024-11-28T10:13:23","date_gmt":"2024-11-28T10:13:23","guid":{"rendered":"https:\/\/moto-oprema.com\/Artikel\/alpinestars-vision-jugend-corp-mx-schutzbrille-miror-orange\/"},"modified":"2024-11-28T10:13:23","modified_gmt":"2024-11-28T10:13:23","slug":"alpinestars-vision-jugend-corp-mx-schutzbrille-miror-orange","status":"publish","type":"product","link":"https:\/\/moto-oprema.com\/de\/Artikel\/alpinestars-vision-jugend-corp-mx-schutzbrille-miror-orange\/","title":{"rendered":"ALPINESTARS VISION JUGEND CORP MX SCHUTZBRILLE MIROR ORANGE"},"content":{"rendered":"<p>Alpinestars Vision Youth Goggles sind die perfekten Rennsportbrillen, die speziell f\u00fcr kleinere Helme und Gesichtsformen entwickelt wurden. Die Bedeutung einer korrekt sitzenden Brille ist bei Jugendlichen genauso wichtig wie im Erwachsenenalter.  Vision Youth sind im Wesentlichen eine verkleinerte Version der Brillen f\u00fcr Erwachsene, mit denselben Designprinzipien und der gleichen Materialkonstruktion wie ihre gr\u00f6\u00dferen Geschwister, bis hin zu den Gl\u00e4sern, aber proportional kleiner. Im Allgemeinen sind die Vision Youth Brillen in der gleichen optischen Klasse wie die Vision Brillen f\u00fcr Erwachsene, eignen sich aber f\u00fcr j\u00fcngere und\/oder kleinere Fahrer. <\/p>\n<p>&nbsp;<\/p>\n<p>Die Vision Youth Goggles ist eine vollwertige Rennfahrerbrille, die speziell f\u00fcr kleinere Helme und Gesichtsformen entwickelt wurde. Die Vision Youth ist im Wesentlichen eine verkleinerte Version der Erwachsenenbrille, die bis hin zu den Gl\u00e4sern die gleichen Designprinzipien und Materialkonstruktionen wie ihre gr\u00f6\u00dferen Geschwister aufweist, nur eben proportional kleiner. Insgesamt ist die Vision Youth Goggles in der gleichen optischen Leistungsklasse wie die Vision Brillen f\u00fcr Erwachsene, aber f\u00fcr j\u00fcngere und\/oder kleinere Fahrer geeignet.<\/p>\n","protected":false},"excerpt":{"rendered":"<p>Alpinestars Vision Youth Goggles Farbe: Orange Scheibe: Miror<\/p>\n","protected":false},"featured_media":32264,"comment_status":"open","ping_status":"closed","template":"","meta":{"_acf_changed":false},"brand":[2111],"gender":[2173],"product_brand":[],"product_cat":[2216,2028,2276],"product_tag":[],"class_list":{"0":"post-98372","1":"product","2":"type-product","3":"status-publish","4":"has-post-thumbnail","6":"brand-alpinestars-de","7":"gender-unisex-de","8":"product_cat-fur-die-jungsten-de","9":"product_cat-motocross-ausrustung","10":"product_cat-mx-schutzbrille","12":"first","13":"instock","14":"sale","15":"taxable","16":"shipping-taxable","17":"purchasable","18":"product-type-simple"},"acf":[],"_links":{"self":[{"href":"https:\/\/moto-oprema.com\/de\/wp-json\/wp\/v2\/product\/98372","targetHints":{"allow":["GET"]}}],"collection":[{"href":"https:\/\/moto-oprema.com\/de\/wp-json\/wp\/v2\/product"}],"about":[{"href":"https:\/\/moto-oprema.com\/de\/wp-json\/wp\/v2\/types\/product"}],"replies":[{"embeddable":true,"href":"https:\/\/moto-oprema.com\/de\/wp-json\/wp\/v2\/comments?post=98372"}],"wp:featuredmedia":[{"embeddable":true,"href":"https:\/\/moto-oprema.com\/de\/wp-json\/wp\/v2\/media\/32264"}],"wp:attachment":[{"href":"https:\/\/moto-oprema.com\/de\/wp-json\/wp\/v2\/media?parent=98372"}],"wp:term":[{"taxonomy":"brand","embeddable":true,"href":"https:\/\/moto-oprema.com\/de\/wp-json\/wp\/v2\/brand?post=98372"},{"taxonomy":"gender","embeddable":true,"href":"https:\/\/moto-oprema.com\/de\/wp-json\/wp\/v2\/gender?post=98372"},{"taxonomy":"product_brand","embeddable":true,"href":"https:\/\/moto-oprema.com\/de\/wp-json\/wp\/v2\/product_brand?post=98372"},{"taxonomy":"product_cat","embeddable":true,"href":"https:\/\/moto-oprema.com\/de\/wp-json\/wp\/v2\/product_cat?post=98372"},{"taxonomy":"product_tag","embeddable":true,"href":"https:\/\/moto-oprema.com\/de\/wp-json\/wp\/v2\/product_tag?post=98372"}],"curies":[{"name":"wp","href":"https:\/\/api.w.org\/{rel}","templated":true}]}}