{"id":98313,"date":"2024-11-27T13:38:14","date_gmt":"2024-11-27T13:38:14","guid":{"rendered":"https:\/\/moto-oprema.com\/Artikel\/fox-mtb-elbow-pad-enduro-pro-d3o\/"},"modified":"2024-11-27T13:38:14","modified_gmt":"2024-11-27T13:38:14","slug":"fox-mtb-elbow-pad-enduro-pro-d3o","status":"publish","type":"product","link":"https:\/\/moto-oprema.com\/de\/Artikel\/fox-mtb-elbow-pad-enduro-pro-d3o\/","title":{"rendered":"FOX MTB ELBOW PAD ENDURO PRO D3O"},"content":{"rendered":"<div class=\"data item content\" id=\"product.info.description\">\n<div class=\"product attribute description\">\n<div class=\"value\">Die Enduro Pro Ellbogensch\u00fctzer wurden entwickelt, um ein H\u00f6chstma\u00df an Schutz gegen heimt\u00fcckische Schl\u00e4ge von \u00c4sten und anderen Gegenst\u00e4nden zu bieten und gleichzeitig zus\u00e4tzliches Gewicht und Volumen zu reduzieren, damit Sie sich weiterhin frei bewegen k\u00f6nnen. Ziehen Sie sich einfach an und machen Sie sich auf den Weg. Schon bald werden Sie die feuchtigkeitsableitende Mikro-Lycra-Manschette zu sch\u00e4tzen wissen, die leicht atmet und Sie frisch h\u00e4lt. Das speziell entwickelte D3O\u00ae-Ellbogenpolster h\u00e4lt allem stand, was die n\u00e4chste Tour mit sich bringt.  <\/p>\n<p>Ellenbogenpolster mit CE-Zertifizierung EN 1621-1 Stufe 1<\/p><\/div>\n<\/div>\n<\/div>\n","protected":false},"excerpt":{"rendered":"<p>Die Enduro Pro Ellbogensch\u00fctzer wurden entwickelt, um ein H\u00f6chstma\u00df an Schutz gegen heimt\u00fcckische Schl\u00e4ge von \u00c4sten&#8230;<\/p>\n","protected":false},"featured_media":14497,"comment_status":"open","ping_status":"open","template":"","meta":{"_acf_changed":false},"brand":[2115],"gender":[],"product_brand":[],"product_cat":[1357,2028,2075,2081,2076],"product_tag":[],"class_list":{"0":"post-98313","1":"product","2":"type-product","3":"status-publish","4":"has-post-thumbnail","6":"brand-fox-de","7":"product_cat-ausrustung-fur-motorradfahrer","8":"product_cat-motocross-ausrustung","9":"product_cat-mtb-radfahren-ausrustung","10":"product_cat-mtb-ellenbogenschoner","11":"product_cat-mtb-schilder","12":"pa_size-l-de","13":"pa_size-m-de","14":"pa_size-s-de","15":"pa_size-xl-de","16":"pa_size-xs-de","17":"pa_size-xxl-de","19":"first","20":"onbackorder","21":"taxable","22":"shipping-taxable","23":"purchasable","24":"product-type-variable"},"acf":[],"_links":{"self":[{"href":"https:\/\/moto-oprema.com\/de\/wp-json\/wp\/v2\/product\/98313","targetHints":{"allow":["GET"]}}],"collection":[{"href":"https:\/\/moto-oprema.com\/de\/wp-json\/wp\/v2\/product"}],"about":[{"href":"https:\/\/moto-oprema.com\/de\/wp-json\/wp\/v2\/types\/product"}],"replies":[{"embeddable":true,"href":"https:\/\/moto-oprema.com\/de\/wp-json\/wp\/v2\/comments?post=98313"}],"wp:featuredmedia":[{"embeddable":true,"href":"https:\/\/moto-oprema.com\/de\/wp-json\/wp\/v2\/media\/14497"}],"wp:attachment":[{"href":"https:\/\/moto-oprema.com\/de\/wp-json\/wp\/v2\/media?parent=98313"}],"wp:term":[{"taxonomy":"brand","embeddable":true,"href":"https:\/\/moto-oprema.com\/de\/wp-json\/wp\/v2\/brand?post=98313"},{"taxonomy":"gender","embeddable":true,"href":"https:\/\/moto-oprema.com\/de\/wp-json\/wp\/v2\/gender?post=98313"},{"taxonomy":"product_brand","embeddable":true,"href":"https:\/\/moto-oprema.com\/de\/wp-json\/wp\/v2\/product_brand?post=98313"},{"taxonomy":"product_cat","embeddable":true,"href":"https:\/\/moto-oprema.com\/de\/wp-json\/wp\/v2\/product_cat?post=98313"},{"taxonomy":"product_tag","embeddable":true,"href":"https:\/\/moto-oprema.com\/de\/wp-json\/wp\/v2\/product_tag?post=98313"}],"curies":[{"name":"wp","href":"https:\/\/api.w.org\/{rel}","templated":true}]}}