{"id":98312,"date":"2024-11-27T13:39:21","date_gmt":"2024-11-27T13:39:21","guid":{"rendered":"https:\/\/moto-oprema.com\/Artikel\/fox-motion-mx-schuhe\/"},"modified":"2024-11-27T13:39:21","modified_gmt":"2024-11-27T13:39:21","slug":"fox-motion-mx-schuhe","status":"publish","type":"product","link":"https:\/\/moto-oprema.com\/de\/Artikel\/fox-motion-mx-schuhe\/","title":{"rendered":"FOX MOTION MX SCHUHE"},"content":{"rendered":"<p>Die brandneuen FOX Motion Boots basieren auf einem neuen, verbesserten Futter und bieten erstklassigen Komfort und eine hervorragende Passform.<\/p>\n<p>Obermaterial aus synthetischem Mikrofaserleder f\u00fcr \u00fcberragenden Komfort, Passform, Flexibilit\u00e4t und Haltbarkeit. Schienbeinplatte, Zehenkappe, Ferse und Wadenschutz aus TPU sind f\u00fcr maximalen Schutz konzipiert. Das schlanke Mitteldesign sorgt f\u00fcr engen Kontakt mit dem Fahrrad, w\u00e4hrend der Duratac\u2122 Hitzeschild au\u00dfergew\u00f6hnlichen Grip bietet. Manschette aus Nylon-Glasfaserverbundstoff f\u00fcr Passform und Kn\u00f6chelschutz. Das patentierte Scharnierverschlusssystem stoppt Bewegungen und sch\u00fctzt vor \u00dcberlastung. Neues patentiertes Schnallenverschlusssystem sorgt f\u00fcr sicheren Verschluss und perfekten Sitz des Schuhs. Die exklusive FOX Duratac\u2122-Gummimischung bietet au\u00dfergew\u00f6hnliche Strapazierf\u00e4higkeit und unvergleichliche Traktion an Sohle und Spann. Ein Futter aus Glasfaser-Nylon-Verbundstoff mit einem Anti-Schock-Fersenpolster bietet Sto\u00dffestigkeit, Stabilit\u00e4t und Halt. Geformtes EVA-Fu\u00dfbett mit antimikrobiellem Futter bietet Komfort, D\u00e4mpfung, Geruchskontrolle und Unterst\u00fctzung w\u00e4hrend der Fahrt.        <\/p>\n<p>Die Sohle und die Einlegesohle sind zum Austausch erh\u00e4ltlich.<\/p>\n","protected":false},"excerpt":{"rendered":"<p>Farbe: Wei\u00df<\/p>\n","protected":false},"featured_media":98330,"comment_status":"open","ping_status":"closed","template":"","meta":{"_acf_changed":false},"brand":[2115],"gender":[],"product_brand":[],"product_cat":[2028,2244],"product_tag":[],"class_list":{"0":"post-98312","1":"product","2":"type-product","3":"status-publish","4":"has-post-thumbnail","6":"brand-fox-de","7":"product_cat-motocross-ausrustung","8":"product_cat-mx-stiefel","9":"pa_size-41-de","10":"pa_size-42-5-de","11":"pa_size-43-de","12":"pa_size-44-de","13":"pa_size-44-5-de","14":"pa_size-45-de","15":"pa_size-46-de","16":"pa_size-48-de","18":"first","19":"onbackorder","20":"sale","21":"taxable","22":"shipping-taxable","23":"purchasable","24":"product-type-variable"},"acf":[],"_links":{"self":[{"href":"https:\/\/moto-oprema.com\/de\/wp-json\/wp\/v2\/product\/98312","targetHints":{"allow":["GET"]}}],"collection":[{"href":"https:\/\/moto-oprema.com\/de\/wp-json\/wp\/v2\/product"}],"about":[{"href":"https:\/\/moto-oprema.com\/de\/wp-json\/wp\/v2\/types\/product"}],"replies":[{"embeddable":true,"href":"https:\/\/moto-oprema.com\/de\/wp-json\/wp\/v2\/comments?post=98312"}],"wp:featuredmedia":[{"embeddable":true,"href":"https:\/\/moto-oprema.com\/de\/wp-json\/wp\/v2\/media\/98330"}],"wp:attachment":[{"href":"https:\/\/moto-oprema.com\/de\/wp-json\/wp\/v2\/media?parent=98312"}],"wp:term":[{"taxonomy":"brand","embeddable":true,"href":"https:\/\/moto-oprema.com\/de\/wp-json\/wp\/v2\/brand?post=98312"},{"taxonomy":"gender","embeddable":true,"href":"https:\/\/moto-oprema.com\/de\/wp-json\/wp\/v2\/gender?post=98312"},{"taxonomy":"product_brand","embeddable":true,"href":"https:\/\/moto-oprema.com\/de\/wp-json\/wp\/v2\/product_brand?post=98312"},{"taxonomy":"product_cat","embeddable":true,"href":"https:\/\/moto-oprema.com\/de\/wp-json\/wp\/v2\/product_cat?post=98312"},{"taxonomy":"product_tag","embeddable":true,"href":"https:\/\/moto-oprema.com\/de\/wp-json\/wp\/v2\/product_tag?post=98312"}],"curies":[{"name":"wp","href":"https:\/\/api.w.org\/{rel}","templated":true}]}}