{"id":98252,"date":"2024-11-27T12:59:41","date_gmt":"2024-11-27T12:59:41","guid":{"rendered":"https:\/\/moto-oprema.com\/Artikel\/fox-baseframe-pro-d3o-schutzjacke\/"},"modified":"2024-11-27T12:59:41","modified_gmt":"2024-11-27T12:59:41","slug":"fox-baseframe-pro-d3o-schutzjacke","status":"publish","type":"product","link":"https:\/\/moto-oprema.com\/de\/Artikel\/fox-baseframe-pro-d3o-schutzjacke\/","title":{"rendered":"FOX BASEFRAME PRO D3O SCHUTZJACKE"},"content":{"rendered":"<p>Die brandneue Fox Baseframe D30 atmungsaktive Schutzjacke.<\/p>\n<p>Mit der Baseframe Pro D3O\u00ae Jacke reduzieren Sie das Risiko, wenn Sie den Aufprallschutz wirklich testen. Diese R\u00fcstung absorbiert zuverl\u00e4ssig St\u00f6\u00dfe und passt sich an Ihren K\u00f6rper an, um Ihnen bei hohen und niedrigen Temperaturen volle Bewegungsfreiheit zu geben. Die Jacke verf\u00fcgt \u00fcber integrierte Ellbogen-, Schulter- und Brustprotektoren, die nach Level 1 zertifiziert sind. Der Level 2 R\u00fcckenprotektor ist mit einer ausgleichenden Netzschicht unter dem R\u00fccken und einem Brustprotektor f\u00fcr noch mehr Komfort und Atmungsaktivit\u00e4t ausgestattet. Die Schwei\u00dfprotektoren k\u00f6nnen zum einfachen Waschen entfernt werden.   <\/p>\n<p>Behaarung:<\/p>\n<ul style=\"line-height: 16.8px;color: #252525;font-family: Arial, Verdana, Helvetica;font-size: 12px;font-style: normal;font-weight: 400;letter-spacing: normal;text-indent: 0px;text-transform: none;background-color: #ffffff\">\n<li style=\"line-height: 16.8px\">Die sto\u00dfabsorbierende D3O\u00ae-R\u00fcstung bietet Schutz und passt sich gleichzeitig Ihrem K\u00f6rper an, so dass Sie sich bei hohen und niedrigen Temperaturen uneingeschr\u00e4nkt bewegen k\u00f6nnen.<\/li>\n<li style=\"line-height: 16.8px\">EN1621-1 Level 1 Ellbogen-, Schulter- und Brustprotektoren<\/li>\n<li style=\"line-height: 16.8px\">EN1621-2 Level 2 zentraler R\u00fcckenprotektor mit herausnehmbarem Einsatz zur bequemen Befestigung einer Halskrause<\/li>\n<li style=\"line-height: 16.8px\">Gelenkiger YKK-Frontrei\u00dfverschluss und elastische Verstellriemen f\u00fcr sicheren Sitz<\/li>\n<li style=\"line-height: 16.8px\">Feuchtigkeitsableitendes, atmungsaktives, formschl\u00fcssiges Stretchmaterial f\u00fcr den Hauptk\u00f6rper<\/li>\n<li style=\"line-height: 16.8px\">Strategisch platziertes offenes Stretch-Mesh f\u00fcr Bel\u00fcftung<\/li>\n<li style=\"line-height: 16.8px\">Abstandsgewirke unter den Brust- und R\u00fcckenprotektoren f\u00fcr mehr Komfort und Atmungsaktivit\u00e4t<\/li>\n<li style=\"line-height: 16.8px\">Alle R\u00fcstungseins\u00e4tze sind zum einfachen Waschen herausnehmbar<\/li>\n<\/ul>\n","protected":false},"excerpt":{"rendered":"<p>Die brandneue Fox Baseframe D30 atmungsaktive Schutzjacke. Mit der Baseframe Pro D3O\u00ae Jacke reduzieren Sie das&#8230;<\/p>\n","protected":false},"featured_media":13839,"comment_status":"open","ping_status":"open","template":"","meta":{"_acf_changed":false},"brand":[2115],"gender":[],"product_brand":[],"product_cat":[2028,2222,2079],"product_tag":[],"class_list":{"0":"post-98252","1":"product","2":"type-product","3":"status-publish","4":"has-post-thumbnail","6":"brand-fox-de","7":"product_cat-motocross-ausrustung","8":"product_cat-mx-korperprotektoren","9":"product_cat-mx-schilder","10":"pa_size-l-de","11":"pa_size-m-de","12":"pa_size-s-de","13":"pa_size-xl-de","14":"pa_size-xxl-de","16":"first","17":"onbackorder","18":"sale","19":"taxable","20":"shipping-taxable","21":"purchasable","22":"product-type-variable"},"acf":[],"_links":{"self":[{"href":"https:\/\/moto-oprema.com\/de\/wp-json\/wp\/v2\/product\/98252","targetHints":{"allow":["GET"]}}],"collection":[{"href":"https:\/\/moto-oprema.com\/de\/wp-json\/wp\/v2\/product"}],"about":[{"href":"https:\/\/moto-oprema.com\/de\/wp-json\/wp\/v2\/types\/product"}],"replies":[{"embeddable":true,"href":"https:\/\/moto-oprema.com\/de\/wp-json\/wp\/v2\/comments?post=98252"}],"wp:featuredmedia":[{"embeddable":true,"href":"https:\/\/moto-oprema.com\/de\/wp-json\/wp\/v2\/media\/13839"}],"wp:attachment":[{"href":"https:\/\/moto-oprema.com\/de\/wp-json\/wp\/v2\/media?parent=98252"}],"wp:term":[{"taxonomy":"brand","embeddable":true,"href":"https:\/\/moto-oprema.com\/de\/wp-json\/wp\/v2\/brand?post=98252"},{"taxonomy":"gender","embeddable":true,"href":"https:\/\/moto-oprema.com\/de\/wp-json\/wp\/v2\/gender?post=98252"},{"taxonomy":"product_brand","embeddable":true,"href":"https:\/\/moto-oprema.com\/de\/wp-json\/wp\/v2\/product_brand?post=98252"},{"taxonomy":"product_cat","embeddable":true,"href":"https:\/\/moto-oprema.com\/de\/wp-json\/wp\/v2\/product_cat?post=98252"},{"taxonomy":"product_tag","embeddable":true,"href":"https:\/\/moto-oprema.com\/de\/wp-json\/wp\/v2\/product_tag?post=98252"}],"curies":[{"name":"wp","href":"https:\/\/api.w.org\/{rel}","templated":true}]}}