{"id":98245,"date":"2024-11-14T10:12:41","date_gmt":"2024-11-14T10:12:41","guid":{"rendered":"https:\/\/moto-oprema.com\/Artikel\/spidi-evorider-2-frauen-lederjacke-schwarz-rosa\/"},"modified":"2024-11-14T10:12:41","modified_gmt":"2024-11-14T10:12:41","slug":"spidi-evorider-2-frauen-lederjacke-schwarz-rosa","status":"publish","type":"product","link":"https:\/\/moto-oprema.com\/de\/Artikel\/spidi-evorider-2-frauen-lederjacke-schwarz-rosa\/","title":{"rendered":"SPIDI EVORIDER 2 FRAUEN LEDERJACKE SCHWARZ ROSA"},"content":{"rendered":"<p>Spidi Evorider 2 Damen Motorrad Lederjacke<\/p>\n<p>Die Spidi Evorider 2 ist eine neue und aktualisierte Version der beliebten Evorider-Jackenserie. Unsere Designer haben eine Jacke entworfen, die alle Kriterien erf\u00fcllt, die ein Motorradfahrer bei der Suche nach einer Sommerjacke erf\u00fcllen muss, ohne dabei Kompromisse bei der Sicherheit einzugehen. Die Evorider 2 verf\u00fcgt \u00fcber abnehmbare Schulter- und Ellbogenpolster mit externen Warrior-Schiebern an den Schultern. F\u00fcr zus\u00e4tzliche Sicherheit sorgen eine Tasche f\u00fcr den R\u00fcckenprotektor (separat erh\u00e4ltlich) sowie ein umlaufender Rei\u00dfverschluss zum Befestigen langer Hosen und ein Schnappsystem zum Anbringen von Motorradjeans.   <\/p>\n<p>Merkmale:<\/p>\n<ul>\n<li>50% wasserdichte Kleidung<\/li>\n<li>Befestigungspunkte zum Einsetzen der Thermofolie (Nachr\u00fcstung m\u00f6glich, nicht im Lieferumfang enthalten)<\/li>\n<li>Befestigungspunkte zum Einsetzen des H2OUT-Liners (Nachr\u00fcstung m\u00f6glich, nicht im Lieferumfang enthalten)<\/li>\n<li>Mesh-Futter fest angebracht<\/li>\n<li>Schritt in Kleidung optional: atmungsaktive Innenjacke\/w\u00e4rmende Innenjacke nachr\u00fcstbar (nachr\u00fcstbar, nicht im Lieferumfang enthalten)<\/li>\n<li>Bel\u00fcftung<\/li>\n<li>Hosenverbindungssystem<\/li>\n<li>Rei\u00dfverschluss zum Verbinden von Jacke und Hose<\/li>\n<li>Durchschnittliches Gewicht 2,5 kg<\/li>\n<li>Verstellbarer Taillenverschluss<\/li>\n<li>Hochfestes, elastisches Flex Tenax Nylon 6.6, besonders abriebfest<\/li>\n<li>Rindsleder 1,1\/1,3 mm dick, hohe Schutzwirkung<\/li>\n<li>Technische Daten:<\/li>\n<li>Force-Tech abnehmbare Ellbogenschoner, EN1621-1:2012 (mitgeliefert)<\/li>\n<li>Level 2 R\u00fcckenprotektor-Befestigungsvorrichtung (kann nachger\u00fcstet werden, nicht im Lieferumfang enthalten)<\/li>\n<li>Schulterpolster f\u00fcr Krieger, EN1621-1 Stufe 1 (mitgeliefert)<\/li>\n<li>Schutzkleidung f\u00fcr Motorradfahrer gem\u00e4\u00df der Verordnung (EU) 2016\/454<\/li>\n<li>PSA Pers\u00f6nliche Schutzausr\u00fcstung f\u00fcr Motorradfahrer EN17092-3:2017 Klasse AA<\/li>\n<\/ul>\n","protected":false},"excerpt":{"rendered":"<p>Spidi Evorider 2 Damen Motorrad Lederjacke<\/p>\n","protected":false},"featured_media":31943,"comment_status":"open","ping_status":"open","template":"","meta":{"_acf_changed":false},"brand":[2124],"gender":[2170],"product_brand":[],"product_cat":[1357,2045,2228],"product_tag":[],"class_list":{"0":"post-98245","1":"product","2":"type-product","3":"status-publish","4":"has-post-thumbnail","6":"brand-spidi-de","7":"gender-zenska-de","8":"product_cat-ausrustung-fur-motorradfahrer","9":"product_cat-jakne-de","10":"product_cat-lederjacken","11":"pa_size-42-de","12":"pa_size-44-de","13":"pa_size-46-de","15":"first","16":"instock","17":"sale","18":"taxable","19":"shipping-taxable","20":"purchasable","21":"product-type-variable"},"acf":[],"_links":{"self":[{"href":"https:\/\/moto-oprema.com\/de\/wp-json\/wp\/v2\/product\/98245","targetHints":{"allow":["GET"]}}],"collection":[{"href":"https:\/\/moto-oprema.com\/de\/wp-json\/wp\/v2\/product"}],"about":[{"href":"https:\/\/moto-oprema.com\/de\/wp-json\/wp\/v2\/types\/product"}],"replies":[{"embeddable":true,"href":"https:\/\/moto-oprema.com\/de\/wp-json\/wp\/v2\/comments?post=98245"}],"wp:featuredmedia":[{"embeddable":true,"href":"https:\/\/moto-oprema.com\/de\/wp-json\/wp\/v2\/media\/31943"}],"wp:attachment":[{"href":"https:\/\/moto-oprema.com\/de\/wp-json\/wp\/v2\/media?parent=98245"}],"wp:term":[{"taxonomy":"brand","embeddable":true,"href":"https:\/\/moto-oprema.com\/de\/wp-json\/wp\/v2\/brand?post=98245"},{"taxonomy":"gender","embeddable":true,"href":"https:\/\/moto-oprema.com\/de\/wp-json\/wp\/v2\/gender?post=98245"},{"taxonomy":"product_brand","embeddable":true,"href":"https:\/\/moto-oprema.com\/de\/wp-json\/wp\/v2\/product_brand?post=98245"},{"taxonomy":"product_cat","embeddable":true,"href":"https:\/\/moto-oprema.com\/de\/wp-json\/wp\/v2\/product_cat?post=98245"},{"taxonomy":"product_tag","embeddable":true,"href":"https:\/\/moto-oprema.com\/de\/wp-json\/wp\/v2\/product_tag?post=98245"}],"curies":[{"name":"wp","href":"https:\/\/api.w.org\/{rel}","templated":true}]}}