{"id":98232,"date":"2024-11-27T12:59:40","date_gmt":"2024-11-27T12:59:40","guid":{"rendered":"https:\/\/moto-oprema.com\/Artikel\/fox-raceframe-impact-sb-ce-d3o-body-protector\/"},"modified":"2024-11-27T12:59:40","modified_gmt":"2024-11-27T12:59:40","slug":"fox-raceframe-impact-sb-ce-d3o-body-protector","status":"publish","type":"product","link":"https:\/\/moto-oprema.com\/de\/Artikel\/fox-raceframe-impact-sb-ce-d3o-body-protector\/","title":{"rendered":"FOX RACEFRAME IMPACT SB CE D3O BODY PROTECTOR"},"content":{"rendered":"<p>Der Fox Raceframe Softback Body Protector bietet Schutz f\u00fcr die Brust und den R\u00fccken. Dank seines schlanken Designs passt er sich dennoch sehr gut an den Oberk\u00f6rper an und erm\u00f6glicht eine reibungslose Fahrt. Brustteil aus Kunststoff und verstellbares F3-R\u00fcckenteil. Geeignet f\u00fcr die Verwendung \u00fcber oder unter dem Trikot.   <\/p>\n<ul>\n<li>CE EN 1621-2 LEVEL 1 Schutzniveau am R\u00fccken<\/li>\n<li>CE prEN 1621-3 LEVEL 1 Brustschutzstufe<\/li>\n<li>Die D3O\u00ae-Einlegesohle sorgt f\u00fcr eine perfekte Passform und bietet Aufprallschutz auf der R\u00fcckseite<\/li>\n<li>das Fleece passt sich mit Hilfe der K\u00f6rpertemperatur perfekt an den R\u00fccken an<\/li>\n<li>Herausnehmbare innere Brustpolster erm\u00f6glichen eine noch engere Anpassung an den K\u00f6rper<\/li>\n<li>Verstellbare L\u00e4nge der Schultergurte und Seitenriemen<\/li>\n<\/ul>\n","protected":false},"excerpt":{"rendered":"<p>Der Fox Raceframe Softback Body Protector bietet Schutz f\u00fcr die Brust und den R\u00fccken. Dank seines&#8230;<\/p>\n","protected":false},"featured_media":12517,"comment_status":"open","ping_status":"open","template":"","meta":{"_acf_changed":false},"brand":[2115],"gender":[],"product_brand":[],"product_cat":[2028,2222,2079],"product_tag":[],"class_list":{"0":"post-98232","1":"product","2":"type-product","3":"status-publish","4":"has-post-thumbnail","6":"brand-fox-de","7":"product_cat-motocross-ausrustung","8":"product_cat-mx-korperprotektoren","9":"product_cat-mx-schilder","10":"pa_size-l-xl-de","11":"pa_size-s-m-de","13":"first","14":"onbackorder","15":"taxable","16":"shipping-taxable","17":"purchasable","18":"product-type-variable"},"acf":[],"_links":{"self":[{"href":"https:\/\/moto-oprema.com\/de\/wp-json\/wp\/v2\/product\/98232","targetHints":{"allow":["GET"]}}],"collection":[{"href":"https:\/\/moto-oprema.com\/de\/wp-json\/wp\/v2\/product"}],"about":[{"href":"https:\/\/moto-oprema.com\/de\/wp-json\/wp\/v2\/types\/product"}],"replies":[{"embeddable":true,"href":"https:\/\/moto-oprema.com\/de\/wp-json\/wp\/v2\/comments?post=98232"}],"wp:featuredmedia":[{"embeddable":true,"href":"https:\/\/moto-oprema.com\/de\/wp-json\/wp\/v2\/media\/12517"}],"wp:attachment":[{"href":"https:\/\/moto-oprema.com\/de\/wp-json\/wp\/v2\/media?parent=98232"}],"wp:term":[{"taxonomy":"brand","embeddable":true,"href":"https:\/\/moto-oprema.com\/de\/wp-json\/wp\/v2\/brand?post=98232"},{"taxonomy":"gender","embeddable":true,"href":"https:\/\/moto-oprema.com\/de\/wp-json\/wp\/v2\/gender?post=98232"},{"taxonomy":"product_brand","embeddable":true,"href":"https:\/\/moto-oprema.com\/de\/wp-json\/wp\/v2\/product_brand?post=98232"},{"taxonomy":"product_cat","embeddable":true,"href":"https:\/\/moto-oprema.com\/de\/wp-json\/wp\/v2\/product_cat?post=98232"},{"taxonomy":"product_tag","embeddable":true,"href":"https:\/\/moto-oprema.com\/de\/wp-json\/wp\/v2\/product_tag?post=98232"}],"curies":[{"name":"wp","href":"https:\/\/api.w.org\/{rel}","templated":true}]}}