{"id":98221,"date":"2024-11-14T09:42:00","date_gmt":"2024-11-14T09:42:00","guid":{"rendered":"https:\/\/moto-oprema.com\/Artikel\/alpinestars-1pc-absolute-v2-coverall-rot\/"},"modified":"2024-11-14T09:42:00","modified_gmt":"2024-11-14T09:42:00","slug":"alpinestars-1pc-absolute-v2-coverall-rot","status":"publish","type":"product","link":"https:\/\/moto-oprema.com\/de\/Artikel\/alpinestars-1pc-absolute-v2-coverall-rot\/","title":{"rendered":"ALPINESTARS 1PC ABSOLUTE V2 COVERALL ROT"},"content":{"rendered":"<div class=\"rte\">\n<p>Alpinestars Absolute V2 1 St\u00fcck Leder Motorradanzug<\/p>\n<p>Der Racing Absolute v2 ist der ultimative professionelle Rennanzug. Er verf\u00fcgt \u00fcber die gleichen leichten und fortschrittlichen Materialien und Technologien, die auch die schnellsten MotoGP- und WorldSBK-Rennfahrer auf der Strecke tragen. Neben einer vollst\u00e4ndigen K\u00e4nguruleder-Konstruktion mit doppelten K\u00e4ngurulederschichten an den am st\u00e4rksten beanspruchten Stellen wie Ellbogen, Unterarmen, Ges\u00e4\u00df, H\u00fcfte und R\u00fccken verf\u00fcgt der Racing Absolute v2 auch \u00fcber Kevlar\u00ae verst\u00e4rkte Stretcheins\u00e4tze im Schritt, an den Innenarmen und unter den Achseln. Das mit Kevlar\u00ae bestickte Netzgewebe bietet eine h\u00f6here Schnitt-, Rei\u00df- und Abriebfestigkeit und reduziert die W\u00e4rme\u00fcbertragung auf den K\u00f6rper des Fahrers aufgrund von Reibung beim Gleiten auf dem Asphalt erheblich. Ein weiterer bedeutender Fortschritt in der Materialtechnologie des Racing Absolute v2 ist die Verwendung der Alpinestars A-CS\u00aeTech Verbundstretch-Technologie. A-CS\u00aeTech ist im gesamten Anzug an den Seiten des Oberk\u00f6rpers, an den Schulterbl\u00e4ttern und im oberen Kniebereich integriert und ersetzt die urspr\u00fcnglichen Faltenledereins\u00e4tze. Das A-CS\u00aeTech-Material bietet mehr Atmungsaktivit\u00e4t, Komfort und Bewegungsfreiheit und ist leichter und kleiner als plissiertes Leder (A-CS\u00aeTech-Eins\u00e4tze sind ca. 9 % leichter als Ledereins\u00e4tze). Dar\u00fcber hinaus verf\u00fcgt der Anzug \u00fcber plissierte Ledereins\u00e4tze im unteren R\u00fcckenbereich und in den wichtigsten flexiblen Bereichen des Anzugs. A-CS\u00aeTech zeichnet sich durch eine gute Dehnbarkeit aus, mit einer Dehnbarkeit von ca. 30%, und hat eine 248% h\u00f6here Rei\u00dffestigkeit im Vergleich zu Standard-Racing-Stretchfasern und eine 570% h\u00f6here Rei\u00dffestigkeit als Leder. Das technologisch fortschrittliche Racing Absolute v2 verh\u00e4lt sich sehr \u00e4hnlich wie K\u00e4nguruleder, mit noch besseren Ergebnissen bei Verschlei\u00dftests. Die Verwendung der A-CS\u00aeTech Technologie stellt einen bemerkenswerten Fortschritt und eine Verbesserung der Schutzleistung der Materialien dar. Der Racing Absolute v2 verf\u00fcgt au\u00dferdem \u00fcber Matryx\u00ae-Material am Unterschenkel f\u00fcr zus\u00e4tzliche Gewichtsreduzierung und Atmungsaktivit\u00e4t. Kevlar\u00ae-verst\u00e4rkte Stretch-Eins\u00e4tze an der Innenseite der Arme, im Schritt, an der R\u00fcckseite der Beine, am Kragen und an der Brust sorgen f\u00fcr hohe Elastizit\u00e4t f\u00fcr mehr Bewegungsfreiheit und ein h\u00f6heres Ma\u00df an Schutz. Die Konstruktion des Racing Absolute v2 umfasst schoeller\u00ae-keprotec-Nahtverst\u00e4rkungen an den Ellbogen und Knien, GP-DFS-Au\u00dfenschieber an den Schultern, Knien und Ellbogen, die brandneuen GP-R PRO CE Level 2-Racing-Pads f\u00fcr Schultern, Ellbogen, Unterarme und Knie sowie Bioflex Level 1-H\u00fcftpads in der Racing-Version. Der Anzug setzt mit seiner umfassenden Technologie und seinem Schutz neue Ma\u00dfst\u00e4be f\u00fcr Alpinestars Professional Rennbekleidung. Der Racing Absolute v2 ist das Spitzenprodukt von Alpinestars im Bereich MotoGP-Bekleidung.              <\/p>\n<p>Merkmale:<\/p>\n<p>Tech-Air\u00ae bereit mit linkem Armeinsatz f\u00fcr Tech-Air\u00ae 10 LED-Anzeige<br \/>\nAlpinestars&#8216; A-CS\u00aeTech Verbundstretch-Technologie: Bietet mehr Atmungsaktivit\u00e4t, Komfort und Bewegungsfreiheit und ist leichter und unauff\u00e4lliger als plissiertes Leder (A-CS\u00aeTech-Eins\u00e4tze sind ca. 9 % leichter als Ledereins\u00e4tze)<br \/>\nLokale Perforationen auf der gesamten Vorderseite<br \/>\nGP Aero-H\u00f6cker<br \/>\nMatryx\u00ae-Material am Unterschenkel f\u00fcr zus\u00e4tzliche Gewichtsreduzierung und Atmungsaktivit\u00e4t<br \/>\nKevlar\u00ae-verst\u00e4rkte Stretch-Eins\u00e4tze an der R\u00fcckseite der Beine, Kragen und Brust<br \/>\nSchoeller\u00ae Nahtverst\u00e4rkungen an Ellbogen und Knien<br \/>\nSpezifikationen:<\/p>\n<p>EN 17092-2:2020 &#8211; Klasse AAA.<br \/>\nLevel 2 EN 1621-1:2012 GP-R PRO Schulter-, Ellbogen-, Unterarm- und Knieschoner<br \/>\nLevel 1 EN 1621-1:2012 Bioflex H\u00fcftprotektoren (Wettkampfversion)<br \/>\nVorbereitet f\u00fcr Alpinestars Nucleon KR-R und Nucleon KR-R CELL R\u00fcckenprotektoren (als Zubeh\u00f6r erh\u00e4ltlich)<br \/>\nAlpinestars GP DFS externe Schieber an Schultern, Knien und Ellenbogen<br \/>\nGP-R PRO austauschbare Knieschieber<\/p>\n<p>Kevlar\u00ae ist eine Marke oder eingetragene Marke von DuPont de Nemours, Inc. Tochtergesellschaften, verwendet unter Lizenz von Alpinestars S.p.A..<\/p>\n<p>Zusammensetzung des Rohmaterials: 100% K\u00e4nguruleder<\/p>\n<\/div>\n","protected":false},"excerpt":{"rendered":"<p>Farbe: Rot (Kardinal) &#8211; Wei\u00df<\/p>\n","protected":false},"featured_media":31921,"comment_status":"open","ping_status":"open","template":"","meta":{"_acf_changed":false},"brand":[2111],"gender":[],"product_brand":[],"product_cat":[2220,1357,2176],"product_tag":[],"class_list":{"0":"post-98221","1":"product","2":"type-product","3":"status-publish","4":"has-post-thumbnail","6":"brand-alpinestars-de","7":"product_cat-1-teilige-latzhose","8":"product_cat-ausrustung-fur-motorradfahrer","9":"product_cat-latzhose","10":"pa_size-44-de","11":"pa_size-46-de","12":"pa_size-48-de","13":"pa_size-50-de","14":"pa_size-52-de","15":"pa_size-54-de","16":"pa_size-56-de","17":"pa_size-58-de","19":"first","20":"instock","21":"sale","22":"taxable","23":"shipping-taxable","24":"purchasable","25":"product-type-variable"},"acf":[],"_links":{"self":[{"href":"https:\/\/moto-oprema.com\/de\/wp-json\/wp\/v2\/product\/98221","targetHints":{"allow":["GET"]}}],"collection":[{"href":"https:\/\/moto-oprema.com\/de\/wp-json\/wp\/v2\/product"}],"about":[{"href":"https:\/\/moto-oprema.com\/de\/wp-json\/wp\/v2\/types\/product"}],"replies":[{"embeddable":true,"href":"https:\/\/moto-oprema.com\/de\/wp-json\/wp\/v2\/comments?post=98221"}],"wp:featuredmedia":[{"embeddable":true,"href":"https:\/\/moto-oprema.com\/de\/wp-json\/wp\/v2\/media\/31921"}],"wp:attachment":[{"href":"https:\/\/moto-oprema.com\/de\/wp-json\/wp\/v2\/media?parent=98221"}],"wp:term":[{"taxonomy":"brand","embeddable":true,"href":"https:\/\/moto-oprema.com\/de\/wp-json\/wp\/v2\/brand?post=98221"},{"taxonomy":"gender","embeddable":true,"href":"https:\/\/moto-oprema.com\/de\/wp-json\/wp\/v2\/gender?post=98221"},{"taxonomy":"product_brand","embeddable":true,"href":"https:\/\/moto-oprema.com\/de\/wp-json\/wp\/v2\/product_brand?post=98221"},{"taxonomy":"product_cat","embeddable":true,"href":"https:\/\/moto-oprema.com\/de\/wp-json\/wp\/v2\/product_cat?post=98221"},{"taxonomy":"product_tag","embeddable":true,"href":"https:\/\/moto-oprema.com\/de\/wp-json\/wp\/v2\/product_tag?post=98221"}],"curies":[{"name":"wp","href":"https:\/\/api.w.org\/{rel}","templated":true}]}}