{"id":98136,"date":"2024-11-12T10:20:42","date_gmt":"2024-11-12T10:20:42","guid":{"rendered":"https:\/\/moto-oprema.com\/Artikel\/dainese-full-metal-6-handschuhe-schwarz\/"},"modified":"2024-11-12T10:20:42","modified_gmt":"2024-11-12T10:20:42","slug":"dainese-full-metal-6-handschuhe-schwarz","status":"publish","type":"product","link":"https:\/\/moto-oprema.com\/de\/Artikel\/dainese-full-metal-6-handschuhe-schwarz\/","title":{"rendered":"Dainese Full Metal 6 Handschuhe Schwarz"},"content":{"rendered":"<div class=\"tabs-panels\">\n<p>Verbesserter Komfort und au\u00dfergew\u00f6hnlicher Schutz von einem Spitzenhersteller, vollgepackt mit Innovation und fortschrittlichen Technologien. Vierfache Elastizit\u00e4t f\u00fcr mehr Beweglichkeit zwischen den Kn\u00f6cheln und dem Handr\u00fccken. Vorgeformte und vorgekr\u00fcmmte Manschetten mit neuem Innenverschluss f\u00fcr hervorragende Passform, Beweglichkeit am Handgelenk und Komfort. Eins\u00e4tze aus Kohlefaser und Titan mit Kevlar-Polstern f\u00fcr extra leichte St\u00e4rke und Schutz. Jenseits von Kompromissen.    <\/p>\n<p>Das ist der Handschuh f\u00fcr die Rennstrecke, mit dem Sie das Rennen gewinnen werden.<\/p>\n<p>&nbsp;<\/p>\n<\/div>\n","protected":false},"excerpt":{"rendered":"<p>Verbesserter Komfort und au\u00dfergew\u00f6hnlicher Schutz von einem Spitzenhersteller, vollgepackt mit Innovation und fortschrittlichen Technologien. Vierfache Elastizit\u00e4t&#8230;<\/p>\n","protected":false},"featured_media":31804,"comment_status":"open","ping_status":"closed","template":"","meta":{"_acf_changed":false},"brand":[2113],"gender":[],"product_brand":[],"product_cat":[1357,2086,2188],"product_tag":[2187,2185,2186],"class_list":{"0":"post-98136","1":"product","2":"type-product","3":"status-publish","4":"has-post-thumbnail","6":"brand-dainese-de","7":"product_cat-ausrustung-fur-motorradfahrer","8":"product_cat-handschuhe","9":"product_cat-lederhandschuhe","10":"product_tag-handschuhe","11":"product_tag-kleidung","12":"product_tag-rennsport","13":"pa_size-l-de","14":"pa_size-s-de","15":"pa_size-xl-de","17":"first","18":"instock","19":"sale","20":"taxable","21":"shipping-taxable","22":"purchasable","23":"product-type-variable"},"acf":[],"_links":{"self":[{"href":"https:\/\/moto-oprema.com\/de\/wp-json\/wp\/v2\/product\/98136","targetHints":{"allow":["GET"]}}],"collection":[{"href":"https:\/\/moto-oprema.com\/de\/wp-json\/wp\/v2\/product"}],"about":[{"href":"https:\/\/moto-oprema.com\/de\/wp-json\/wp\/v2\/types\/product"}],"replies":[{"embeddable":true,"href":"https:\/\/moto-oprema.com\/de\/wp-json\/wp\/v2\/comments?post=98136"}],"wp:featuredmedia":[{"embeddable":true,"href":"https:\/\/moto-oprema.com\/de\/wp-json\/wp\/v2\/media\/31804"}],"wp:attachment":[{"href":"https:\/\/moto-oprema.com\/de\/wp-json\/wp\/v2\/media?parent=98136"}],"wp:term":[{"taxonomy":"brand","embeddable":true,"href":"https:\/\/moto-oprema.com\/de\/wp-json\/wp\/v2\/brand?post=98136"},{"taxonomy":"gender","embeddable":true,"href":"https:\/\/moto-oprema.com\/de\/wp-json\/wp\/v2\/gender?post=98136"},{"taxonomy":"product_brand","embeddable":true,"href":"https:\/\/moto-oprema.com\/de\/wp-json\/wp\/v2\/product_brand?post=98136"},{"taxonomy":"product_cat","embeddable":true,"href":"https:\/\/moto-oprema.com\/de\/wp-json\/wp\/v2\/product_cat?post=98136"},{"taxonomy":"product_tag","embeddable":true,"href":"https:\/\/moto-oprema.com\/de\/wp-json\/wp\/v2\/product_tag?post=98136"}],"curies":[{"name":"wp","href":"https:\/\/api.w.org\/{rel}","templated":true}]}}