{"id":98135,"date":"2024-11-14T08:45:50","date_gmt":"2024-11-14T08:45:50","guid":{"rendered":"https:\/\/moto-oprema.com\/Artikel\/hjc-rpha12-helm-brels-mc4hsf\/"},"modified":"2024-11-14T08:45:50","modified_gmt":"2024-11-14T08:45:50","slug":"hjc-rpha12-helm-brels-mc4hsf","status":"publish","type":"product","link":"https:\/\/moto-oprema.com\/de\/Artikel\/hjc-rpha12-helm-brels-mc4hsf\/","title":{"rendered":"HJC RPHA12 HELM BRELS MC4HSF"},"content":{"rendered":"<p>HJC RPHA12 &#8211; neues Modell des beliebten Sporthelms<\/p>\n<p>Premium Integrated Matrix \/ P.I.M. EVO: Verst\u00e4rkungsmaterialien, darunter Carbon-Aramid-Hybrid und Naturfasern, sorgen f\u00fcr eine bessere Leistung in Bezug auf Sto\u00dffestigkeit, erh\u00f6hten Komfort und Leichtigkeit des Helms.<br \/>\nPinlock Ready HJ-42 VISOR: Bietet 99% UV-Schutz, kratzfeste Beschichtung; Ratsche mit bidirektionalem Stift sorgt f\u00fcr reibungslose Ratschenbewegung und besseren Halt.<br \/>\nAerodynamische Schalenstruktur f\u00fcr herausragende Leistung bei H\u00f6chstgeschwindigkeiten.<br \/>\nNotfallset (Wangenklappen) zum sicheren und schnellen Abnehmen in Notsituationen.<br \/>\nDie gr\u00f6\u00dfere Augen\u00f6ffnung erm\u00f6glicht eine bessere periphere Sicht f\u00fcr den Fahrer.<br \/>\nDie fortschrittliche antibakterielle Innenausstattung sorgt f\u00fcr mehr Atmungsaktivit\u00e4t und schnelles Trocknen.<br \/>\nDie Innenschale und die Wangenknochen sind herausnehmbar und waschbar.<br \/>\nEr ist serienm\u00e4\u00dfig mit einem klaren und dunklen 2D-Visier, einem Schloss, einem Kinnschutz und einem Windabweiser ausgestattet.<br \/>\n4 Oberteilgr\u00f6\u00dfen: XS, S, M-L, XL-2XL.<\/p>\n","protected":false},"excerpt":{"rendered":"<p>HJC RPHA 12 Integralhelm Farbe: Schwarz &#8211; Gr\u00fcn<\/p>\n","protected":false},"featured_media":31870,"comment_status":"open","ping_status":"open","template":"","meta":{"_acf_changed":false},"brand":[2131],"gender":[],"product_brand":[],"product_cat":[1357,1360,1361],"product_tag":[],"class_list":{"0":"post-98135","1":"product","2":"type-product","3":"status-publish","4":"has-post-thumbnail","6":"brand-hjc-de","7":"product_cat-ausrustung-fur-motorradfahrer","8":"product_cat-helme","9":"product_cat-integral","10":"pa_size-l-de","11":"pa_size-m-de","12":"pa_size-s-de","13":"pa_size-xl-de","14":"pa_size-xs-de","15":"pa_size-xxl-de","16":"pa_size-xxs-de","18":"first","19":"instock","20":"sale","21":"taxable","22":"shipping-taxable","23":"purchasable","24":"product-type-variable"},"acf":[],"_links":{"self":[{"href":"https:\/\/moto-oprema.com\/de\/wp-json\/wp\/v2\/product\/98135","targetHints":{"allow":["GET"]}}],"collection":[{"href":"https:\/\/moto-oprema.com\/de\/wp-json\/wp\/v2\/product"}],"about":[{"href":"https:\/\/moto-oprema.com\/de\/wp-json\/wp\/v2\/types\/product"}],"replies":[{"embeddable":true,"href":"https:\/\/moto-oprema.com\/de\/wp-json\/wp\/v2\/comments?post=98135"}],"wp:featuredmedia":[{"embeddable":true,"href":"https:\/\/moto-oprema.com\/de\/wp-json\/wp\/v2\/media\/31870"}],"wp:attachment":[{"href":"https:\/\/moto-oprema.com\/de\/wp-json\/wp\/v2\/media?parent=98135"}],"wp:term":[{"taxonomy":"brand","embeddable":true,"href":"https:\/\/moto-oprema.com\/de\/wp-json\/wp\/v2\/brand?post=98135"},{"taxonomy":"gender","embeddable":true,"href":"https:\/\/moto-oprema.com\/de\/wp-json\/wp\/v2\/gender?post=98135"},{"taxonomy":"product_brand","embeddable":true,"href":"https:\/\/moto-oprema.com\/de\/wp-json\/wp\/v2\/product_brand?post=98135"},{"taxonomy":"product_cat","embeddable":true,"href":"https:\/\/moto-oprema.com\/de\/wp-json\/wp\/v2\/product_cat?post=98135"},{"taxonomy":"product_tag","embeddable":true,"href":"https:\/\/moto-oprema.com\/de\/wp-json\/wp\/v2\/product_tag?post=98135"}],"curies":[{"name":"wp","href":"https:\/\/api.w.org\/{rel}","templated":true}]}}