{"id":98010,"date":"2024-10-24T08:34:10","date_gmt":"2024-10-24T08:34:10","guid":{"rendered":"https:\/\/moto-oprema.com\/Artikel\/airoh-aviator-3-burnout-schwarz-matt\/"},"modified":"2024-10-24T08:34:10","modified_gmt":"2024-10-24T08:34:10","slug":"airoh-aviator-3-burnout-schwarz-matt","status":"publish","type":"product","link":"https:\/\/moto-oprema.com\/de\/Artikel\/airoh-aviator-3-burnout-schwarz-matt\/","title":{"rendered":"AIROH AVIATOR 3 BURNOUT SCHWARZ MATT"},"content":{"rendered":"<div id=\"tab-product-description\" class=\"ui-tabs-panel ui-widget-content ui-corner-bottom\">\n<div class=\"description\">\n<div class=\"ui-tabs-panel ui-widget-content ui-corner-bottom\">\n<div class=\"description\">\n<div>\n<p><span style=\"color: #000000;font-family: Arial, Helvetica, sans-serif;font-size: 12px;font-style: normal;font-variant: normal;letter-spacing: normal;line-height: normal;text-align: left;text-indent: 0px;text-transform: none;background-color: #ffffff\">Der Aviator ACE ist ein neuer Helm, der aus einer doppelten Au\u00dfenschale und HPC-Verbundmaterial besteht.<br \/>\n<\/span><\/p>\n<p><span style=\"color: #000000;font-family: Arial, Helvetica, sans-serif;font-size: 12px;font-style: normal;font-variant: normal;letter-spacing: normal;line-height: normal;text-align: left;text-indent: 0px;text-transform: none;background-color: #ffffff\">Gewicht: ab 1040 g (+\/- 50 g)<\/span><\/p>\n<p><strong>Merkmale:<\/strong><\/p>\n<ul>\n<li>verstellbarer Regenschirm<\/li>\n<li>AMS2 (Airoh Multiaction Safety System)<\/li>\n<li>AMLS (Airoh Magnetisches Auskleidungssystem)<\/li>\n<li>Innenfutter atmungsaktiv, hypoallergen und herausnehmbar<\/li>\n<\/ul>\n<p><strong>Spezifikationen:<\/strong><\/p>\n<ul>\n<li>Material: HPC (Hochleistungsverbundwerkstoff)<\/li>\n<li>\u00c4u\u00dfere H\u00fclle: 2 Gr\u00f6\u00dfen (XS-S-M, L-XL)<\/li>\n<li>Bel\u00fcftung: oben, seitlich, hinten, Kinnschutz<\/li>\n<li>Verschlusssystem: Double-D<\/li>\n<li>Sicherheitsnorm: ECE 22.05<\/li>\n<\/ul>\n<p><strong>Inhalt:<\/strong><\/p>\n<ul>\n<li>1x Airoh Helm<\/li>\n<li>1x Helmtasche<\/li>\n<li>1x Spitze Schrauben<\/li>\n<\/ul>\n<\/div>\n<\/div>\n<\/div>\n<\/div>\n<\/div>\n","protected":false},"excerpt":{"rendered":"<p>Neu Mx Airoh Aviator ACE Helm.<\/p>\n","protected":false},"featured_media":31642,"comment_status":"open","ping_status":"open","template":"","meta":{"_acf_changed":false},"brand":[2137],"gender":[],"product_brand":[],"product_cat":[2028,2063],"product_tag":[],"class_list":{"0":"post-98010","1":"product","2":"type-product","3":"status-publish","4":"has-post-thumbnail","6":"brand-airoh-de","7":"product_cat-motocross-ausrustung","8":"product_cat-mx-helme","9":"pa_size-l-de","10":"pa_size-m-de","11":"pa_size-s-de","12":"pa_size-xl-de","13":"pa_size-xs-de","15":"first","16":"onbackorder","17":"sale","18":"taxable","19":"shipping-taxable","20":"purchasable","21":"product-type-variable"},"acf":[],"_links":{"self":[{"href":"https:\/\/moto-oprema.com\/de\/wp-json\/wp\/v2\/product\/98010","targetHints":{"allow":["GET"]}}],"collection":[{"href":"https:\/\/moto-oprema.com\/de\/wp-json\/wp\/v2\/product"}],"about":[{"href":"https:\/\/moto-oprema.com\/de\/wp-json\/wp\/v2\/types\/product"}],"replies":[{"embeddable":true,"href":"https:\/\/moto-oprema.com\/de\/wp-json\/wp\/v2\/comments?post=98010"}],"wp:featuredmedia":[{"embeddable":true,"href":"https:\/\/moto-oprema.com\/de\/wp-json\/wp\/v2\/media\/31642"}],"wp:attachment":[{"href":"https:\/\/moto-oprema.com\/de\/wp-json\/wp\/v2\/media?parent=98010"}],"wp:term":[{"taxonomy":"brand","embeddable":true,"href":"https:\/\/moto-oprema.com\/de\/wp-json\/wp\/v2\/brand?post=98010"},{"taxonomy":"gender","embeddable":true,"href":"https:\/\/moto-oprema.com\/de\/wp-json\/wp\/v2\/gender?post=98010"},{"taxonomy":"product_brand","embeddable":true,"href":"https:\/\/moto-oprema.com\/de\/wp-json\/wp\/v2\/product_brand?post=98010"},{"taxonomy":"product_cat","embeddable":true,"href":"https:\/\/moto-oprema.com\/de\/wp-json\/wp\/v2\/product_cat?post=98010"},{"taxonomy":"product_tag","embeddable":true,"href":"https:\/\/moto-oprema.com\/de\/wp-json\/wp\/v2\/product_tag?post=98010"}],"curies":[{"name":"wp","href":"https:\/\/api.w.org\/{rel}","templated":true}]}}