{"id":97996,"date":"2024-10-24T10:35:41","date_gmt":"2024-10-24T10:35:41","guid":{"rendered":"https:\/\/moto-oprema.com\/Artikel\/airoh-aviator-3-monarch-grau-rot-matt\/"},"modified":"2024-10-24T10:35:41","modified_gmt":"2024-10-24T10:35:41","slug":"airoh-aviator-3-monarch-grau-rot-matt","status":"publish","type":"product","link":"https:\/\/moto-oprema.com\/de\/Artikel\/airoh-aviator-3-monarch-grau-rot-matt\/","title":{"rendered":"AIROH AVIATOR 3 MONARCH GRAU ROT MATT"},"content":{"rendered":"<div id=\"tab-product-description\" class=\"ui-tabs-panel ui-widget-content ui-corner-bottom\">\n<div class=\"description\">\n<div class=\"ui-tabs-panel ui-widget-content ui-corner-bottom\">\n<div class=\"description\">\n<p>Der Aviator 3 hebt das Niveau des Wettbewerbs an und definiert die Standards f\u00fcr MX-Helme neu. Die Schale, die in einer Carbon-Version (Carbon 3K) ausschlie\u00dflich f\u00fcr Carbon-Grafiken erh\u00e4ltlich ist, wird von HPC Carbon f\u00fcr andere Grafikmodelle bereitgestellt. <\/p>\n<p>Beide Versionen sind mit einer Au\u00dfenschale in 4 Gr\u00f6\u00dfen ausgestattet, die im Airoh-Windkanal entwickelt wurde, um Design und Leistung optimal aufeinander abzustimmen. Besonderes Augenmerk wurde daher auf die Aerodynamik gelegt, damit der Helm auch bei hohen Geschwindigkeiten stabil bleibt, und auf die Thermodynamik, um die W\u00e4rmeregulierung zu optimieren. <\/p>\n<p>Die technologische Entwicklung von Airoh ist in diesem neuen Produkt zusammengefasst, das das AMS2 Plus (Airoh Multiaction Safety System Plus), das AEFR (Airoh Emergency Fast Release) und das AMLS (Airoh Magnetic Lining System) umfasst, zu dem auch magnetische Wangenklappen geh\u00f6ren.<\/p>\n<p>Die 8 Lufteinl\u00e4sse und Spoiler mit integrierten Abz\u00fcgen machen den Aviator III selbst unter extremsten Bedingungen komfortabel. Der EPS ist mit dem innovativen Airoh Hydration System (AHS) ausgestattet.<\/p>\n<p>&nbsp;<\/p>\n<p>Schale: HPC Carbon<br \/>\nZulassung: das Produkt wird nach ECE 22 06<br \/>\nhergestellt Bel\u00fcftung: 8 Lufteinl\u00e4sse und Spoiler. 8 Lufteinl\u00e4sse, 8 Bel\u00fcftungsd\u00fcsen, 8 obere Bel\u00fcftungsd\u00fcsen, vordere Bel\u00fcftungsd\u00fcsen, Kinnd\u00fcsen, Heckspoiler, seitliche Bel\u00fcftungsd\u00fcsen, hintere EPS-Auspuffanlage.<br \/>\nTechnologien: AMS\u00b2 Plus<br \/>\n&#8211; AIROH Multiaction Safety System Plus, AMLS &#8211; AIROH Magnetic Lining System, AEFR &#8211; AIROH Emergency Fast Release and Hydra System<br \/>\nR\u00fcckhaltesystem: System: DD Ring<br \/>\nInnenausstattung: waschbar und hypoallergen<br \/>\nGewicht: ab 1330 g \u00b1 50 g<br \/>\nGr\u00f6\u00dfen: XS-S, M, L, XL-XXL. <\/p>\n<\/div>\n<\/div>\n<\/div>\n<\/div>\n","protected":false},"excerpt":{"rendered":"<p>Neu Mx Airoh Aviator 3 Helm.<\/p>\n","protected":false},"featured_media":31651,"comment_status":"open","ping_status":"open","template":"","meta":{"_acf_changed":false},"brand":[2137],"gender":[],"product_brand":[],"product_cat":[2028,2063],"product_tag":[],"class_list":{"0":"post-97996","1":"product","2":"type-product","3":"status-publish","4":"has-post-thumbnail","6":"brand-airoh-de","7":"product_cat-motocross-ausrustung","8":"product_cat-mx-helme","9":"pa_size-l-de","10":"pa_size-m-de","11":"pa_size-s-de","12":"pa_size-xl-de","13":"pa_size-xs-de","15":"first","16":"instock","17":"sale","18":"taxable","19":"shipping-taxable","20":"purchasable","21":"product-type-variable"},"acf":[],"_links":{"self":[{"href":"https:\/\/moto-oprema.com\/de\/wp-json\/wp\/v2\/product\/97996","targetHints":{"allow":["GET"]}}],"collection":[{"href":"https:\/\/moto-oprema.com\/de\/wp-json\/wp\/v2\/product"}],"about":[{"href":"https:\/\/moto-oprema.com\/de\/wp-json\/wp\/v2\/types\/product"}],"replies":[{"embeddable":true,"href":"https:\/\/moto-oprema.com\/de\/wp-json\/wp\/v2\/comments?post=97996"}],"wp:featuredmedia":[{"embeddable":true,"href":"https:\/\/moto-oprema.com\/de\/wp-json\/wp\/v2\/media\/31651"}],"wp:attachment":[{"href":"https:\/\/moto-oprema.com\/de\/wp-json\/wp\/v2\/media?parent=97996"}],"wp:term":[{"taxonomy":"brand","embeddable":true,"href":"https:\/\/moto-oprema.com\/de\/wp-json\/wp\/v2\/brand?post=97996"},{"taxonomy":"gender","embeddable":true,"href":"https:\/\/moto-oprema.com\/de\/wp-json\/wp\/v2\/gender?post=97996"},{"taxonomy":"product_brand","embeddable":true,"href":"https:\/\/moto-oprema.com\/de\/wp-json\/wp\/v2\/product_brand?post=97996"},{"taxonomy":"product_cat","embeddable":true,"href":"https:\/\/moto-oprema.com\/de\/wp-json\/wp\/v2\/product_cat?post=97996"},{"taxonomy":"product_tag","embeddable":true,"href":"https:\/\/moto-oprema.com\/de\/wp-json\/wp\/v2\/product_tag?post=97996"}],"curies":[{"name":"wp","href":"https:\/\/api.w.org\/{rel}","templated":true}]}}