{"id":97912,"date":"2024-11-27T10:17:03","date_gmt":"2024-11-27T10:17:03","guid":{"rendered":"https:\/\/moto-oprema.com\/Artikel\/dainese-x-ride-2-ergo-tek-handschuhe-schwarz-fluo-gelb\/"},"modified":"2024-11-27T10:17:03","modified_gmt":"2024-11-27T10:17:03","slug":"dainese-x-ride-2-ergo-tek-handschuhe-schwarz-fluo-gelb","status":"publish","type":"product","link":"https:\/\/moto-oprema.com\/de\/Artikel\/dainese-x-ride-2-ergo-tek-handschuhe-schwarz-fluo-gelb\/","title":{"rendered":"Dainese X-ride 2 Ergo-tek Handschuhe Schwarz Fluo Gelb"},"content":{"rendered":"<div class=\"tabs-panels\">\n<p>Die X-Ride 2 Ergo-Tek Handschuhe sind Motorradhandschuhe, die dank der kombinierten Leder- und Stoffkonstruktion und der integrierten Ergo-Tek Technologie an den Fingerkn\u00f6cheln f\u00fcr maximalen Komfort und Mobilit\u00e4t sorgen.<\/p>\n<p>Die strategische Platzierung des Stretchgewebes auf der Oberfl\u00e4che der Handschuhe sorgt daf\u00fcr, dass sie leicht und bel\u00fcftet sind und Motorradfahrern auch bei hohen Temperaturen maximalen W\u00e4rmekomfort bieten.<\/p>\n<p>Die praktischen und funktionellen X-Ride 2 Ergo-Tek Handschuhe verf\u00fcgen \u00fcber \u00c4rmel mit einem dehnbaren Doppelriemen, um die Passform zu verbessern, sowie \u00fcber die Smart Touch Technologie am Zeigefinger mit einer speziellen Lederbehandlung, die es dem Fahrer erm\u00f6glicht, sein Smartphone zu bedienen, ohne die Handschuhe ausziehen zu m\u00fcssen, und die daf\u00fcr sorgt, dass empfindliche Bereiche der Fahrfl\u00e4che, wie die Zeigefingerspitze, makellos bleiben.<\/p>\n<\/div>\n","protected":false},"excerpt":{"rendered":"<p>Die X-Ride 2 Ergo-Tek Handschuhe sind Motorradhandschuhe, die dank der kombinierten Leder- und Stoffkonstruktion und der&#8230;<\/p>\n","protected":false},"featured_media":32128,"comment_status":"open","ping_status":"open","template":"","meta":{"_acf_changed":false},"brand":[2113],"gender":[],"product_brand":[],"product_cat":[1357,2086,2188],"product_tag":[2187,2185,2186],"class_list":{"0":"post-97912","1":"product","2":"type-product","3":"status-publish","4":"has-post-thumbnail","6":"brand-dainese-de","7":"product_cat-ausrustung-fur-motorradfahrer","8":"product_cat-handschuhe","9":"product_cat-lederhandschuhe","10":"product_tag-handschuhe","11":"product_tag-kleidung","12":"product_tag-rennsport","13":"pa_size-2xl-de","14":"pa_size-3xl-de","15":"pa_size-l-de","16":"pa_size-m-de","17":"pa_size-s-de","18":"pa_size-xl-de","20":"first","21":"instock","22":"sale","23":"taxable","24":"shipping-taxable","25":"purchasable","26":"product-type-variable"},"acf":[],"_links":{"self":[{"href":"https:\/\/moto-oprema.com\/de\/wp-json\/wp\/v2\/product\/97912","targetHints":{"allow":["GET"]}}],"collection":[{"href":"https:\/\/moto-oprema.com\/de\/wp-json\/wp\/v2\/product"}],"about":[{"href":"https:\/\/moto-oprema.com\/de\/wp-json\/wp\/v2\/types\/product"}],"replies":[{"embeddable":true,"href":"https:\/\/moto-oprema.com\/de\/wp-json\/wp\/v2\/comments?post=97912"}],"wp:featuredmedia":[{"embeddable":true,"href":"https:\/\/moto-oprema.com\/de\/wp-json\/wp\/v2\/media\/32128"}],"wp:attachment":[{"href":"https:\/\/moto-oprema.com\/de\/wp-json\/wp\/v2\/media?parent=97912"}],"wp:term":[{"taxonomy":"brand","embeddable":true,"href":"https:\/\/moto-oprema.com\/de\/wp-json\/wp\/v2\/brand?post=97912"},{"taxonomy":"gender","embeddable":true,"href":"https:\/\/moto-oprema.com\/de\/wp-json\/wp\/v2\/gender?post=97912"},{"taxonomy":"product_brand","embeddable":true,"href":"https:\/\/moto-oprema.com\/de\/wp-json\/wp\/v2\/product_brand?post=97912"},{"taxonomy":"product_cat","embeddable":true,"href":"https:\/\/moto-oprema.com\/de\/wp-json\/wp\/v2\/product_cat?post=97912"},{"taxonomy":"product_tag","embeddable":true,"href":"https:\/\/moto-oprema.com\/de\/wp-json\/wp\/v2\/product_tag?post=97912"}],"curies":[{"name":"wp","href":"https:\/\/api.w.org\/{rel}","templated":true}]}}