{"id":97896,"date":"2024-12-09T10:27:45","date_gmt":"2024-12-09T10:27:45","guid":{"rendered":"https:\/\/moto-oprema.com\/Artikel\/alpinestars-supertech-corp-absolute-vision-mx-schutzbrille-schwarz-2\/"},"modified":"2024-12-09T10:27:45","modified_gmt":"2024-12-09T10:27:45","slug":"alpinestars-supertech-corp-absolute-vision-mx-schutzbrille-schwarz-2","status":"publish","type":"product","link":"https:\/\/moto-oprema.com\/de\/Artikel\/alpinestars-supertech-corp-absolute-vision-mx-schutzbrille-schwarz-2\/","title":{"rendered":"ALPINESTARS SUPERTECH CORP ABSOLUTE VISION MX SCHUTZBRILLE SCHWARZ"},"content":{"rendered":"<p>Entwickelt, getestet und bew\u00e4hrt auf h\u00f6chstem Niveau bei Motocross- und Supercross-Rennen. Entwickelt, um un\u00fcbertroffenen Komfort, pr\u00e4zise Sauberkeit und Feuchtigkeitsmanagement zu bieten.  Die neue SUPERTECH-Brille bietet eine \u00fcberragende Sehleistung bei Motocross- und Offroad-Rennen.<\/p>\n<p>Entwickelt, getestet und bew\u00e4hrt auf h\u00f6chstem Niveau bei Motocross- und Supercross-Rennen. Die neue SUPERTECH Goggles bietet unvergleichlichen Komfort, pr\u00e4zise Klarheit und Feuchtigkeitsmanagement. Die neue SUPERTECH Goggles gew\u00e4hrleisten die ultimative Motocross- und Offroad-Sichtleistung.  <\/p>\n<p>Entwickelt, getestet und bew\u00e4hrt auf h\u00f6chstem Niveau bei Motocross- und Supercross-Rennen. Entwickelt, um unvergleichlichen Komfort, pr\u00e4zise Klarheit und Feuchtigkeitsmanagement zu bieten.  Die neuen SUPERTECH Goggles gew\u00e4hrleisten die ultimative Motocross- und Offroad-Sichtleistung.<\/p>\n<ul class=\"group\/features\">\n<li><span class=\"metafield-multi_line_text_field\">SUPERTECH Alpinestars Absolute Vision\u2122 Polycarbonat-Gl\u00e4ser verf\u00fcgen \u00fcber eine speziell entwickelte Geometrie, um das Licht korrekt auf die Netzhaut zu fokussieren. Dadurch wird vermieden, dass sich das Auge st\u00e4ndig anpassen muss, um sich auf verschiedene Objekte zu fokussieren, w\u00e4hrend es vorausschaut und den Blickwinkel \u00e4ndert.<\/span><\/li>\n<li>Die Genauigkeit der Geometrie wird durch eine hochpr\u00e4zise Formtechnologie und eine spezielle High-End-Diamantpolitur der hochwertigen, sto\u00dffesten Polycarbonat-Spritzgussmasse erreicht. Dies gew\u00e4hrleistet, dass es keine optische Verzerrung durch das Glas gibt. <\/li>\n<li>Die Absolute Vision\u2122 Linse verf\u00fcgt \u00fcber eine speziell entwickelte warme T\u00f6nung, die unangenehmes Streulicht reduziert und so den Komfort und die Klarheit der Augen verbessert.<\/li>\n<li>Alpinestars Super-Lock\u00ae h\u00e4lt die mit Vision injizierte Linse sicher und fest versiegelt in Position. Dieses System erm\u00f6glicht es dem Fahrer, die Linse schnell und sicher gegen eine andere Linse oder ein Roll-Off-System auszutauschen. <\/li>\n<li>Das weite Sichtfeld der Supertech Goggles bietet eine au\u00dfergew\u00f6hnliche periphere Sicht. Sie ist so konzipiert, dass sie sich nahtlos in das ULTRA-WIDE 48mm Roll-Off-System von Alpinestars einf\u00fcgt.<\/li>\n<li>Der SUPERTECH-Rahmen und das exklusive Alpinestars Roll-Offs-System sind so konzipiert, dass die Kanister au\u00dferhalb des Sichtfelds des Fahrers bleiben, was das Sichtfeld weiter verbessert.<\/li>\n<li>Der solide Au\u00dfenrahmen bildet einen Schutzschild gegen Schmutz und Schmutzpartikel. Der \u00e4u\u00dfere Rahmen ist mit einem weichen, anpassungsf\u00e4higen Innenrahmen aus exklusivem A-FLEX gesichtsformendem Material doppelt gespritzt, so dass er sich an unterschiedliche Gesichtsformen anpassen kann und eine au\u00dfergew\u00f6hnliche Abdichtung und Passform bietet. <\/li>\n<li>Der Supertech 3D-geformte, mehrschichtige Gesichtsschaum sorgt f\u00fcr eine bequeme Passform f\u00fcr fast jede Gesichtsform. Das strategisch geformte Design sorgt f\u00fcr eine perfekte Abdichtung, ein weit offenes Sichtfeld und ein effektives Schwei\u00dfmanagement, das von Profi-Rennfahrern gefordert wird. <\/li>\n<li>Der innovative Feuchtigkeitskanal der Brille wirkt wie eine Rinne, die den Schwei\u00df von den Brillengl\u00e4sern wegleitet und so Tropfen oder Spritzer verhindert. Dieser Kanal leitet den Schwei\u00df \u00fcber die Oberseite und an den Seiten des Rahmens hinunter. <\/li>\n<li>Das Forced-Air-Bel\u00fcftungssystem der Supertech Goggles und das Rahmendesign sind strategisch so positioniert, dass die Luft unter der Brille und durch die 100 PPI-Bel\u00fcftungs\u00f6ffnungen str\u00f6men kann, was eine maximale Bel\u00fcftung gew\u00e4hrleistet.<\/li>\n<li>Der 13-Grad-Riemenkeil positioniert den 45-mm-Silikonriemen perfekt auf dem Helm und sorgt f\u00fcr einen gleichm\u00e4\u00dfigen Zug an der Brille f\u00fcr den besten Sitz rundum.<\/li>\n<li>Die eingespritzten 45-mm-Schnallen ersetzen das traditionelle Falt- und N\u00e4hsystem und bieten ein schlankeres, flaches Band mit einfacher Verstellbarkeit. Das 45-mm-Gewebeband mit Silikontraktion sorgt daf\u00fcr, dass alles an seinem Platz bleibt, egal ob auf der Strecke oder auf dem Trail. <\/li>\n<\/ul>\n<p>&nbsp;<\/p>\n<p>&nbsp;<\/p>\n<p>&nbsp;<\/p>\n","protected":false},"excerpt":{"rendered":"<p>Alpinestars Supertech Corp Absolute Vision Schutzbrille Farbe: Schwarz Linse: Grau gespiegelt<\/p>\n","protected":false},"featured_media":32469,"comment_status":"open","ping_status":"open","template":"","meta":{"_acf_changed":false},"brand":[2111],"gender":[2173],"product_brand":[],"product_cat":[2028,2182],"product_tag":[],"class_list":{"0":"post-97896","1":"product","2":"type-product","3":"status-publish","4":"has-post-thumbnail","6":"brand-alpinestars-de","7":"gender-unisex-de","8":"product_cat-motocross-ausrustung","9":"product_cat-mx-brille","11":"first","12":"instock","13":"sale","14":"taxable","15":"shipping-taxable","16":"purchasable","17":"product-type-simple"},"acf":[],"_links":{"self":[{"href":"https:\/\/moto-oprema.com\/de\/wp-json\/wp\/v2\/product\/97896","targetHints":{"allow":["GET"]}}],"collection":[{"href":"https:\/\/moto-oprema.com\/de\/wp-json\/wp\/v2\/product"}],"about":[{"href":"https:\/\/moto-oprema.com\/de\/wp-json\/wp\/v2\/types\/product"}],"replies":[{"embeddable":true,"href":"https:\/\/moto-oprema.com\/de\/wp-json\/wp\/v2\/comments?post=97896"}],"wp:featuredmedia":[{"embeddable":true,"href":"https:\/\/moto-oprema.com\/de\/wp-json\/wp\/v2\/media\/32469"}],"wp:attachment":[{"href":"https:\/\/moto-oprema.com\/de\/wp-json\/wp\/v2\/media?parent=97896"}],"wp:term":[{"taxonomy":"brand","embeddable":true,"href":"https:\/\/moto-oprema.com\/de\/wp-json\/wp\/v2\/brand?post=97896"},{"taxonomy":"gender","embeddable":true,"href":"https:\/\/moto-oprema.com\/de\/wp-json\/wp\/v2\/gender?post=97896"},{"taxonomy":"product_brand","embeddable":true,"href":"https:\/\/moto-oprema.com\/de\/wp-json\/wp\/v2\/product_brand?post=97896"},{"taxonomy":"product_cat","embeddable":true,"href":"https:\/\/moto-oprema.com\/de\/wp-json\/wp\/v2\/product_cat?post=97896"},{"taxonomy":"product_tag","embeddable":true,"href":"https:\/\/moto-oprema.com\/de\/wp-json\/wp\/v2\/product_tag?post=97896"}],"curies":[{"name":"wp","href":"https:\/\/api.w.org\/{rel}","templated":true}]}}