{"id":97867,"date":"2024-12-09T09:24:33","date_gmt":"2024-12-09T09:24:33","guid":{"rendered":"https:\/\/moto-oprema.com\/Artikel\/alpinestars-vision-8-corp-mx-brille-klar-lila\/"},"modified":"2024-12-09T09:24:33","modified_gmt":"2024-12-09T09:24:33","slug":"alpinestars-vision-8-corp-mx-brille-klar-lila","status":"publish","type":"product","link":"https:\/\/moto-oprema.com\/de\/Artikel\/alpinestars-vision-8-corp-mx-brille-klar-lila\/","title":{"rendered":"ALPINESTARS VISION 8 CORP MX BRILLE KLAR LILA"},"content":{"rendered":"<p>Die von Top-Rennfahrern auf der ganzen Welt getestete Vision 8 Brille wurde mit zwei Zielen vor Augen entworfen und entwickelt: Komfort und Leistung. Strategisch konzipierte B\u00fcgel mit einem exklusiven 13-Grad-Winkel, der es dem leichten A-FLEX-Rahmen erm\u00f6glicht, eine unvergleichliche Passform zu bieten. Das fortschrittliche RAM-AIR-Bel\u00fcftungssystem in Kombination mit 3D-geformtem Gesichtsschaum sorgt daf\u00fcr, dass die Vision 8 Goggles unter allen Bedingungen ein H\u00f6chstma\u00df an Leistung erbringen.  <\/p>\n<p>Die von Top-Rennfahrern auf der ganzen Welt getestete Vision 8 Goggles wurde mit zwei Zielen vor Augen entworfen und entwickelt: Komfort und Leistung. Strategisch konzipierte Ausleger mit dem exklusiven 13-Grad-B\u00fcgelkeil, der dem leichten A-FLEX-Rahmen eine un\u00fcbertroffene Passform verleiht. Das fortschrittliche RAM-AIR-Bel\u00fcftungssystem und der 3D-geformte Gesichtsschaum sorgen daf\u00fcr, dass die Vision 8 Goggles unabh\u00e4ngig von den Bedingungen ein H\u00f6chstma\u00df an Leistung bieten.  <\/p>\n<p>Die von Top-Rennfahrern auf der ganzen Welt getestete Vision 8 Goggles wurde mit zwei Zielen im Hinterkopf entworfen und entwickelt: Komfort und Leistung. Strategisch konzipierte Ausleger mit dem exklusiven 13-Grad-Bandkeil, der dem leichten A-FLEX-Rahmen eine un\u00fcbertroffene Passform verleiht. Das fortschrittliche RAM-AIR-Bel\u00fcftungssystem und der 3D-geformte Gesichtsschaum sorgen daf\u00fcr, dass die Vision 8 Goggles unabh\u00e4ngig von den Bedingungen ein H\u00f6chstma\u00df an Leistung bieten.  <\/p>\n<ul class=\"group\/features\">\n<li><span class=\"metafield-multi_line_text_field\">Das beschlagfreie, hartbeschichtete Polycarbonat-Glas bietet 100% UVA-Schutz.<\/span><\/li>\n<li>A-FLEX Urethan-Rahmenmaterial mit Feuchtigkeitskanal-Technologie f\u00fcr eine erstaunliche Passform und Feuchtigkeitsmanagement.<\/li>\n<li>Das strategisch konzipierte, mittig angebrachte Auslegersystem des Vision 8 sorgt f\u00fcr einen direkten Zug an Ihrem Gesicht und damit f\u00fcr den ultimativen Sitz.<\/li>\n<li>Ein ultraweites Sichtfeld ist so konzipiert, dass es sich nahtlos in das Alpinestars WIDE-VISION Abrollsystem integrieren l\u00e4sst.<\/li>\n<li>Das speziell entwickelte RAM-AIR Bel\u00fcftungssystem f\u00f6rdert die Luftzirkulation und den Feuchtigkeitsabfluss.<\/li>\n<li>Der 100 PPI netzartige Bel\u00fcftungsschaum verbessert die Bel\u00fcftung.<\/li>\n<li>Der einzigartig abgewinkelte 13-Grad-Bandkeil positioniert das 45 mm breite gewebte Band perfekt und sorgt f\u00fcr einen gleichm\u00e4\u00dfigen Druck auf das Gesicht f\u00fcr maximalen Komfort.<\/li>\n<li>Der 3D-geformte 17 mm dicke, mehrschichtige Gesichtsschaum sorgt f\u00fcr eine bequeme Passform f\u00fcr fast jede Gesichtsform. Das strategisch geformte Design sorgt f\u00fcr eine perfekte Abdichtung, ein weit offenes Sichtfeld und bietet ein effektives Schwei\u00dfmanagement, wie es von Profi-Fahrern gefordert wird. <\/li>\n<li>Klassenbeste periphere Sicht.<\/li>\n<\/ul>\n<p>&nbsp;<\/p>\n","protected":false},"excerpt":{"rendered":"<p>Vision 8 Corp Schutzbrille Farbe: Lila Linse: Klar<\/p>\n","protected":false},"featured_media":32452,"comment_status":"open","ping_status":"open","template":"","meta":{"_acf_changed":false},"brand":[2111],"gender":[2173],"product_brand":[],"product_cat":[2028,2182],"product_tag":[],"class_list":{"0":"post-97867","1":"product","2":"type-product","3":"status-publish","4":"has-post-thumbnail","6":"brand-alpinestars-de","7":"gender-unisex-de","8":"product_cat-motocross-ausrustung","9":"product_cat-mx-brille","11":"first","12":"instock","13":"sale","14":"taxable","15":"shipping-taxable","16":"purchasable","17":"product-type-simple"},"acf":[],"_links":{"self":[{"href":"https:\/\/moto-oprema.com\/de\/wp-json\/wp\/v2\/product\/97867","targetHints":{"allow":["GET"]}}],"collection":[{"href":"https:\/\/moto-oprema.com\/de\/wp-json\/wp\/v2\/product"}],"about":[{"href":"https:\/\/moto-oprema.com\/de\/wp-json\/wp\/v2\/types\/product"}],"replies":[{"embeddable":true,"href":"https:\/\/moto-oprema.com\/de\/wp-json\/wp\/v2\/comments?post=97867"}],"wp:featuredmedia":[{"embeddable":true,"href":"https:\/\/moto-oprema.com\/de\/wp-json\/wp\/v2\/media\/32452"}],"wp:attachment":[{"href":"https:\/\/moto-oprema.com\/de\/wp-json\/wp\/v2\/media?parent=97867"}],"wp:term":[{"taxonomy":"brand","embeddable":true,"href":"https:\/\/moto-oprema.com\/de\/wp-json\/wp\/v2\/brand?post=97867"},{"taxonomy":"gender","embeddable":true,"href":"https:\/\/moto-oprema.com\/de\/wp-json\/wp\/v2\/gender?post=97867"},{"taxonomy":"product_brand","embeddable":true,"href":"https:\/\/moto-oprema.com\/de\/wp-json\/wp\/v2\/product_brand?post=97867"},{"taxonomy":"product_cat","embeddable":true,"href":"https:\/\/moto-oprema.com\/de\/wp-json\/wp\/v2\/product_cat?post=97867"},{"taxonomy":"product_tag","embeddable":true,"href":"https:\/\/moto-oprema.com\/de\/wp-json\/wp\/v2\/product_tag?post=97867"}],"curies":[{"name":"wp","href":"https:\/\/api.w.org\/{rel}","templated":true}]}}