{"id":97803,"date":"2024-12-05T09:04:53","date_gmt":"2024-12-05T09:04:53","guid":{"rendered":"https:\/\/moto-oprema.com\/Artikel\/alpinestars-vision-5-corp-mx-brille-schwarz-abrollen\/"},"modified":"2024-12-05T09:04:53","modified_gmt":"2024-12-05T09:04:53","slug":"alpinestars-vision-5-corp-mx-brille-schwarz-abrollen","status":"publish","type":"product","link":"https:\/\/moto-oprema.com\/de\/Artikel\/alpinestars-vision-5-corp-mx-brille-schwarz-abrollen\/","title":{"rendered":"ALPINESTARS VISION 5 CORP MX BRILLE SCHWARZ ABROLLEN"},"content":{"rendered":"<p>Die Vision 5 Goggles werden von professionellen Fahrern wie Hunter Lawrence f\u00fcr ihre au\u00dfergew\u00f6hnliche Passform und ihr angenehmes Tragegef\u00fchl gesch\u00e4tzt und sind die ultimative Goggles f\u00fcr alle Leistungsstufen. Mit ihrem leichten, ultraflexiblen A-FLEX Urethanrahmen, dem 17 mm dicken, mehrstufigen Gesichtsschaum und dem integrierten RAM-AIR Bel\u00fcftungssystem bietet diese Brille eine unvergleichliche Leistung. Egal, ob Sie im Stadion von Anaheim Rennen fahren, die \u00f6rtlichen Strecken erkunden oder in Ihrem eigenen Hinterhof fahren, die Vision 5 Brille wird mit Sicherheit Ihr Favorit werden. Die Vision 5 Roll-Off-Brille besteht aus Linsen, zwei Rollen Folie, einem Schlammvisier und unserem Weitwinkel-Roll-Off-System. Alle Roll-Offs haben einen 100%igen UVA-Schutz und eingebaute &#8222;Gleitlinien&#8220; aus Silikon, die verhindern, dass die Folie an den Gl\u00e4sern festklebt oder klebt. Das Vision 5 Wide Vision Roll-Off Set ist in seiner Klasse f\u00fchrend in Bezug auf periphere Sicht und Klarheit.     <\/p>\n<p>Die Vision 5 Goggles, die von Profi-Rennfahrern wie Hunter Lawrence f\u00fcr ihre au\u00dfergew\u00f6hnliche Passform und ihr Gef\u00fchl gelobt werden, sind Spitzenklasse f\u00fcr alle Niveaus. Mit ihrem leichten, ultraflexiblen A-FLEX-Rahmen aus Urethan, dem 17 mm dicken, mehrstufigen Gesichtsschaum und dem integrierten RAM-AIR-Bel\u00fcftungssystem bietet diese Brille eine unvergleichliche Leistung. Egal, ob Sie im Anaheim-Stadion Rennen fahren, die \u00f6rtlichen Trails erkunden oder in Ihrem Hinterhof unterwegs sind, die Vision 5 Goggles werden mit Sicherheit zu Ihren Favoriten geh\u00f6ren.   Die Vision 5 Roll-Off Goggles bestehen aus einem Glas, zwei Rollen Folie, einem Schlammvisier und unserem Wide Vision Roll-Off-System. Alle Roll-Off-Gl\u00e4ser verf\u00fcgen \u00fcber einen 100%igen UVA-Schutz und eingebaute Silikon-Gleitlinien, die verhindern, dass die Folie am Glas klebt. Das Vision 5 Wide Vision Roll-Off Goggles Kit ist in seiner Klasse f\u00fchrend, was periphere Sicht und Klarheit angeht.  <\/p>\n<p>Die Vision 5 Goggles, die von Profi-Fahrern wie Hunter Lawrence f\u00fcr ihre au\u00dfergew\u00f6hnliche Passform und ihr Tragegef\u00fchl gelobt werden, sind Spitzenprodukte f\u00fcr alle K\u00f6nnerstufen. Mit ihrem leichten, ultraflexiblen A-FLEX-Rahmen aus Urethan, dem 17 mm dicken, mehrstufigen Gesichtsschaum und dem integrierten RAM-AIR-Bel\u00fcftungssystem bietet diese Brille unvergleichliche Leistung. Ganz gleich, ob Sie ein Rennen im Anaheim Stadium bestreiten, die \u00f6rtlichen Trails erkunden oder in Ihren Hinterhof fahren, die Vision 5 Goggles werden mit Sicherheit zu Ihren Favoriten geh\u00f6ren. Die Vision 5 Roll-Off Goggles bestehen aus einer Linse, zwei Rollen Folie, einem Schlammvisier und unserem Wide Vision Roll-Off-System. Alle Roll-Off-Gl\u00e4ser haben einen 100-prozentigen UVA-Schutz und eingebaute Silikon-Gleitlinien, die verhindern, dass die Folie am Glas klebt oder sich festsetzt. Das Vision 5 Wide Vision Roll-Off Goggles Kit ist in seiner Klasse f\u00fchrend in Bezug auf periphere Sicht und Klarheit.<\/p>\n","protected":false},"excerpt":{"rendered":"<p>Vision 5 Corp Abrollbare Schutzbrille Farbe: Schwarz Linse: Klar + RollOff<\/p>\n","protected":false},"featured_media":32386,"comment_status":"open","ping_status":"closed","template":"","meta":{"_acf_changed":false},"brand":[2111],"gender":[2173],"product_brand":[],"product_cat":[2028,2182],"product_tag":[],"class_list":{"0":"post-97803","1":"product","2":"type-product","3":"status-publish","4":"has-post-thumbnail","6":"brand-alpinestars-de","7":"gender-unisex-de","8":"product_cat-motocross-ausrustung","9":"product_cat-mx-brille","11":"first","12":"instock","13":"sale","14":"taxable","15":"shipping-taxable","16":"purchasable","17":"product-type-simple"},"acf":[],"_links":{"self":[{"href":"https:\/\/moto-oprema.com\/de\/wp-json\/wp\/v2\/product\/97803","targetHints":{"allow":["GET"]}}],"collection":[{"href":"https:\/\/moto-oprema.com\/de\/wp-json\/wp\/v2\/product"}],"about":[{"href":"https:\/\/moto-oprema.com\/de\/wp-json\/wp\/v2\/types\/product"}],"replies":[{"embeddable":true,"href":"https:\/\/moto-oprema.com\/de\/wp-json\/wp\/v2\/comments?post=97803"}],"wp:featuredmedia":[{"embeddable":true,"href":"https:\/\/moto-oprema.com\/de\/wp-json\/wp\/v2\/media\/32386"}],"wp:attachment":[{"href":"https:\/\/moto-oprema.com\/de\/wp-json\/wp\/v2\/media?parent=97803"}],"wp:term":[{"taxonomy":"brand","embeddable":true,"href":"https:\/\/moto-oprema.com\/de\/wp-json\/wp\/v2\/brand?post=97803"},{"taxonomy":"gender","embeddable":true,"href":"https:\/\/moto-oprema.com\/de\/wp-json\/wp\/v2\/gender?post=97803"},{"taxonomy":"product_brand","embeddable":true,"href":"https:\/\/moto-oprema.com\/de\/wp-json\/wp\/v2\/product_brand?post=97803"},{"taxonomy":"product_cat","embeddable":true,"href":"https:\/\/moto-oprema.com\/de\/wp-json\/wp\/v2\/product_cat?post=97803"},{"taxonomy":"product_tag","embeddable":true,"href":"https:\/\/moto-oprema.com\/de\/wp-json\/wp\/v2\/product_tag?post=97803"}],"curies":[{"name":"wp","href":"https:\/\/api.w.org\/{rel}","templated":true}]}}