{"id":97778,"date":"2024-11-29T07:52:15","date_gmt":"2024-11-29T07:52:15","guid":{"rendered":"https:\/\/moto-oprema.com\/Artikel\/alpinestars-1pc-gp-tech-v4-alpinestars-tech-air-7x\/"},"modified":"2024-11-29T07:52:15","modified_gmt":"2024-11-29T07:52:15","slug":"alpinestars-1pc-gp-tech-v4-alpinestars-tech-air-7x","status":"publish","type":"product","link":"https:\/\/moto-oprema.com\/de\/Artikel\/alpinestars-1pc-gp-tech-v4-alpinestars-tech-air-7x\/","title":{"rendered":"ALPINESTARS 1PC GP TECH V4 + ALPINESTARS TECH AIR 7X"},"content":{"rendered":"<div class=\"rte\">Der Alpinestars GP Tech V4 Einteiler ist ein neues Modell eines Schutzanzugs f\u00fcr den professionellen Einsatz.<\/div>\n<div class=\"rte\">\n<p>Empfohlen von den besten Champions, die diese Marke tragen. Entwickelt f\u00fcr maximale Leistung, Sicherheit und hervorragenden Komfort. Ein Anzug, der f\u00fcr das Tech-Air 10 Airbag-System entwickelt wurde und gleichzeitig Schutz und Bewegungsfreiheit bietet. Hergestellt aus neuen Materialien wie MATRYX, atmungsaktiv und mit ausgezeichneter Abriebfestigkeit. Der Anzug wurde mit der Cool-iR Tech-Technologie behandelt, um einen Hitzestau zu verhindern, und die Kevlar-Mesh-Verst\u00e4rkung verhindert die W\u00e4rme\u00fcbertragung.     Die MATRYX-Paneele werden aus fortschrittlichen Materialien hergestellt und befinden sich an den Stellen des K\u00f6rpers, die am st\u00e4rksten beansprucht werden. Sie bieten au\u00dferdem eine bessere Bel\u00fcftung und mechanische Widerstandsf\u00e4higkeit gegen Rei\u00dfen und Abrieb und bleiben dabei sehr d\u00fcnn und leicht. Der Unterschenkel besteht ebenfalls aus MATRYX, das mit Hochleistungs-Polyurethan beschichtet ist, wie es auch in der MotoGP verwendet wird. Diese Technologie sorgt f\u00fcr eine geringere Belastung der Beine, eine bessere Bel\u00fcftung und eine ausgezeichnete Bewegungsfreiheit.   <\/p>\n<p>Technische Merkmale Alpinestars Gp Tech V4 Anzug<\/p>\n<p>Hergestellt aus K\u00e4nguruleder mit Eins\u00e4tzen aus Rindsleder<br \/>\nKevlar-Stretcheins\u00e4tze an der Brust, den Armen und der R\u00fcckseite der Beine f\u00fcr mehr Komfort und Haltbarkeit<br \/>\nExterne GP-DFS-Schutzelemente sorgen f\u00fcr eine hervorragende Schlag- und Abriebfestigkeit mit ausgezeichneter Reibungskontrolle<br \/>\nAuswechselbare Ellbogenschieber<br \/>\nGP-R weicher Innenschutz, der Komfort und erweiterten Schutz an den K\u00f6rperstellen bietet, an denen er am meisten ben\u00f6tigt wird<br \/>\nBio-Flex Race H\u00fcftschutz f\u00fcr optimale Sto\u00dffestigkeit<br \/>\nStrategische Perforationen an Armen und Beinen zur Verbesserung der Luftzirkulation<br \/>\nHerausnehmbares Komfortfutter mit Rei\u00dfverschluss f\u00fcr zus\u00e4tzlichen Komfort und Polygiene-Behandlung f\u00fcr lang anhaltende Frische<br \/>\nInternes G\u00fcrtelhakensystem, um den Anzug beim Absteigen vom Fahrrad an Ort und Stelle zu halten, wobei die Oberseite des Anzugs \u00fcber die Schultern hinausragt<br \/>\nCE-gepr\u00fcftes Ger\u00e4t &#8211; Kat II (EN17092) Klasse AAA<\/p>\n<\/div>\n<div class=\"rte\">Zusammensetzung des Rohmaterials: 100% Leder<\/div>\n<div><\/div>\n<div>\n<p>Alpinestars Tech-Air\u00ae 7x Luftweste &#8211; AIRBAG<\/p>\n<p>Tech-Air\u00ae 7x wurde f\u00fcr den Wettkampf- und Freizeitradsport entwickelt und bietet einen vollst\u00e4ndigen Schutz des Oberk\u00f6rpers, der die Schultern, die Brust und den gesamten R\u00fccken bedeckt. Tech-Air\u00ae 7x kann als eigenst\u00e4ndiges System oder als integriertes System in einem kompatiblen Anzug oder einer Jacke verwendet werden. Das System ist f\u00fcr den Einsatz auf Indoor-Rennstrecken, auf der Stra\u00dfe und im leichten Gel\u00e4nde konzipiert. Das hochmoderne Tech-Air\u00ae 7x Wearable Airbag System verf\u00fcgt \u00fcber ein aktives elektronisches System mit zw\u00f6lf integrierten Sensoren: drei axiale Beschleunigungsmesser (einer am R\u00fcckenprotektor und zwei an den Schultern) und ein dreiachsiges Gyroskop (im R\u00fcckenprotektor). Diese Sensoren \u00fcberwachen den K\u00f6rper des Fahrers bei St\u00f6\u00dfen oder unerwarteten Bewegungen. Durch jahrelange Forschung mit mehr als 50 % der weltweit f\u00fchrenden MotoGP-Fahrer und Alpinestars-Kunden, die Tech-Air\u00ae-Systeme fahren, hat unser Team Fahrdaten aus Millionen von Kilometern und Tausenden von Kollisionen analysiert, um den intelligenten Algorithmus zur Sturzerkennung kontinuierlich zu verbessern. Wenn der Algorithmus einen Aufprall erkennt, bei dem der K\u00f6rper des Fahrers einer gro\u00dfen und\/oder pl\u00f6tzlichen Energiemenge ausgesetzt ist, l\u00f6st er die Entfaltung des Schutzairbags aus, der dem Fahrer oder Beifahrer, der das System tr\u00e4gt, un\u00fcbertroffenen Schutz bietet (mit einer maximalen Aufblaszeit von 44 ms, abh\u00e4ngig von der Gr\u00f6\u00dfe des Airbags). Das Tech-Air\u00ae 7x System verf\u00fcgt \u00fcber zwei verschiedene Fahrmodi: den RACE-Modus f\u00fcr Fahrten auf geschlossenen Rennstrecken und den STREET-Modus f\u00fcr Fahrten auf der Stra\u00dfe und in leichtem Gel\u00e4nde. Mit der Tech-Air\u00ae App k\u00f6nnen Sie ganz einfach zwischen dem STREET- und dem RACE-Modus wechseln. Wenn Sie auf \u00f6ffentlichen Stra\u00dfen und NICHT auf einer geschlossenen Rennstrecke fahren, sollte das System immer im STREET-Modus verwendet werden. Die Fahrer sollten daran denken, beim Verlassen der Strecke vom RACE- in den STREET-Modus zu wechseln, um sicherzustellen, dass sie auch beim Anhalten an Ampeln, Kreuzungen oder aus anderen Gr\u00fcnden vollst\u00e4ndig gesch\u00fctzt sind. Der Airbag-Schutz beim Anhalten wird nur durch den Algorithmus des STREET-Modus gew\u00e4hrleistet.           <\/p>\n<\/div>\n","protected":false},"excerpt":{"rendered":"<p>Alpinestars GP Tech V4 1 St\u00fcck Anzug und Tech Air 7x Airbag Set<\/p>\n","protected":false},"featured_media":32367,"comment_status":"open","ping_status":"closed","template":"","meta":{"_acf_changed":false},"brand":[2111],"gender":[],"product_brand":[],"product_cat":[2220,1357],"product_tag":[],"class_list":{"0":"post-97778","1":"product","2":"type-product","3":"status-publish","4":"has-post-thumbnail","6":"brand-alpinestars-de","7":"product_cat-1-teilige-latzhose","8":"product_cat-ausrustung-fur-motorradfahrer","9":"pa_barva-blau-de","10":"pa_barva-rot","11":"pa_barva-schwarz","12":"pa_velikost-airbag-2xl-de","13":"pa_velikost-airbag-l-de","14":"pa_velikost-airbag-m-de","15":"pa_velikost-airbag-s-de","16":"pa_velikost-airbag-xl-de","17":"pa_velikost-airbag-xs-de","18":"pa_velikost-st-48-de","19":"pa_velikost-st-50-de","20":"pa_velikost-st-52-de","21":"pa_velikost-st-54-de","22":"pa_velikost-st-56-de","23":"pa_velikost-st-58-de","25":"first","26":"onbackorder","27":"sale","28":"taxable","29":"shipping-taxable","30":"purchasable","31":"product-type-variable"},"acf":[],"_links":{"self":[{"href":"https:\/\/moto-oprema.com\/de\/wp-json\/wp\/v2\/product\/97778","targetHints":{"allow":["GET"]}}],"collection":[{"href":"https:\/\/moto-oprema.com\/de\/wp-json\/wp\/v2\/product"}],"about":[{"href":"https:\/\/moto-oprema.com\/de\/wp-json\/wp\/v2\/types\/product"}],"replies":[{"embeddable":true,"href":"https:\/\/moto-oprema.com\/de\/wp-json\/wp\/v2\/comments?post=97778"}],"wp:featuredmedia":[{"embeddable":true,"href":"https:\/\/moto-oprema.com\/de\/wp-json\/wp\/v2\/media\/32367"}],"wp:attachment":[{"href":"https:\/\/moto-oprema.com\/de\/wp-json\/wp\/v2\/media?parent=97778"}],"wp:term":[{"taxonomy":"brand","embeddable":true,"href":"https:\/\/moto-oprema.com\/de\/wp-json\/wp\/v2\/brand?post=97778"},{"taxonomy":"gender","embeddable":true,"href":"https:\/\/moto-oprema.com\/de\/wp-json\/wp\/v2\/gender?post=97778"},{"taxonomy":"product_brand","embeddable":true,"href":"https:\/\/moto-oprema.com\/de\/wp-json\/wp\/v2\/product_brand?post=97778"},{"taxonomy":"product_cat","embeddable":true,"href":"https:\/\/moto-oprema.com\/de\/wp-json\/wp\/v2\/product_cat?post=97778"},{"taxonomy":"product_tag","embeddable":true,"href":"https:\/\/moto-oprema.com\/de\/wp-json\/wp\/v2\/product_tag?post=97778"}],"curies":[{"name":"wp","href":"https:\/\/api.w.org\/{rel}","templated":true}]}}