{"id":97761,"date":"2024-11-28T11:41:03","date_gmt":"2024-11-28T11:41:03","guid":{"rendered":"https:\/\/moto-oprema.com\/Artikel\/alpinestars-vision-5-hohl-mx-brille-spiegel-holzkohle\/"},"modified":"2024-11-28T11:41:03","modified_gmt":"2024-11-28T11:41:03","slug":"alpinestars-vision-5-hohl-mx-brille-spiegel-holzkohle","status":"publish","type":"product","link":"https:\/\/moto-oprema.com\/de\/Artikel\/alpinestars-vision-5-hohl-mx-brille-spiegel-holzkohle\/","title":{"rendered":"ALPINESTARS VISION 5 HOHL MX BRILLE SPIEGEL HOLZKOHLE"},"content":{"rendered":"<p>Die Alpinestars Vision 5 Goggles werden von professionellen Fahrern wie Hunter Lawrence f\u00fcr ihre au\u00dfergew\u00f6hnliche Passform und ihr Gef\u00fchl gesch\u00e4tzt. Mit ihrem leichten, ultraflexiblen A-FLEX Urethanrahmen, dem 17 mm dicken, mehrstufigen Gesichtsschaum und dem integrierten RAM-AIR-Bel\u00fcftungssystem bietet diese Brille eine unvergleichliche Leistung. Ganz gleich, ob Sie im Stadion von Anaheim Rennen fahren, die \u00f6rtlichen Strecken erkunden oder in Ihrem eigenen Garten fahren, die Vision 5 Brille wird mit Sicherheit Ihr Favorit werden.  <\/p>\n<p>Die Vision 5 Goggles, die von Profi-Rennfahrern wie Hunter Lawrence f\u00fcr ihre au\u00dfergew\u00f6hnliche Passform und ihr Gef\u00fchl gelobt werden, sind Spitzenklasse f\u00fcr alle Niveaus. Mit ihrem leichten, ultraflexiblen A-FLEX-Rahmen aus Urethan, dem 17 mm dicken, mehrstufigen Gesichtsschaum und dem integrierten RAM-AIR-Bel\u00fcftungssystem bietet diese Brille eine unvergleichliche Leistung. Egal, ob Sie im Anaheim-Stadion Rennen fahren, die \u00f6rtlichen Trails erkunden oder in Ihrem Hinterhof unterwegs sind, die Vision 5 Goggles werden mit Sicherheit zu Ihren Favoriten geh\u00f6ren.  <\/p>\n<p>Die Vision 5 Goggles, die von Profi-Fahrern wie Hunter Lawrence f\u00fcr ihre au\u00dfergew\u00f6hnliche Passform und ihr Tragegef\u00fchl gelobt werden, sind Spitzenprodukte f\u00fcr alle Leistungsstufen. Mit ihrem leichten, ultraflexiblen A-FLEX-Rahmen aus Urethan, dem 17 mm dicken, mehrstufigen Gesichtsschaum und dem integrierten RAM-AIR-Bel\u00fcftungssystem bietet diese Brille unvergleichliche Leistung. Egal, ob Sie im Anaheim Stadium Rennen f\u00e4hrst, die \u00f6rtlichen Trails erkundest oder in Ihren Hinterhof f\u00e4hrst, die Vision 5 Goggles werden mit Sicherheit zu Ihren Favoriten geh\u00f6ren.<\/p>\n","protected":false},"excerpt":{"rendered":"<p>Vision 5 Hohlraumbrille Farbe: Holzkohle\/Gelb Fluo Linse:Silberner Spiegel<\/p>\n","protected":false},"featured_media":32333,"comment_status":"open","ping_status":"closed","template":"","meta":{"_acf_changed":false},"brand":[2111],"gender":[2173],"product_brand":[],"product_cat":[2028,2182],"product_tag":[],"class_list":{"0":"post-97761","1":"product","2":"type-product","3":"status-publish","4":"has-post-thumbnail","6":"brand-alpinestars-de","7":"gender-unisex-de","8":"product_cat-motocross-ausrustung","9":"product_cat-mx-brille","11":"first","12":"instock","13":"sale","14":"taxable","15":"shipping-taxable","16":"purchasable","17":"product-type-simple"},"acf":[],"_links":{"self":[{"href":"https:\/\/moto-oprema.com\/de\/wp-json\/wp\/v2\/product\/97761","targetHints":{"allow":["GET"]}}],"collection":[{"href":"https:\/\/moto-oprema.com\/de\/wp-json\/wp\/v2\/product"}],"about":[{"href":"https:\/\/moto-oprema.com\/de\/wp-json\/wp\/v2\/types\/product"}],"replies":[{"embeddable":true,"href":"https:\/\/moto-oprema.com\/de\/wp-json\/wp\/v2\/comments?post=97761"}],"wp:featuredmedia":[{"embeddable":true,"href":"https:\/\/moto-oprema.com\/de\/wp-json\/wp\/v2\/media\/32333"}],"wp:attachment":[{"href":"https:\/\/moto-oprema.com\/de\/wp-json\/wp\/v2\/media?parent=97761"}],"wp:term":[{"taxonomy":"brand","embeddable":true,"href":"https:\/\/moto-oprema.com\/de\/wp-json\/wp\/v2\/brand?post=97761"},{"taxonomy":"gender","embeddable":true,"href":"https:\/\/moto-oprema.com\/de\/wp-json\/wp\/v2\/gender?post=97761"},{"taxonomy":"product_brand","embeddable":true,"href":"https:\/\/moto-oprema.com\/de\/wp-json\/wp\/v2\/product_brand?post=97761"},{"taxonomy":"product_cat","embeddable":true,"href":"https:\/\/moto-oprema.com\/de\/wp-json\/wp\/v2\/product_cat?post=97761"},{"taxonomy":"product_tag","embeddable":true,"href":"https:\/\/moto-oprema.com\/de\/wp-json\/wp\/v2\/product_tag?post=97761"}],"curies":[{"name":"wp","href":"https:\/\/api.w.org\/{rel}","templated":true}]}}