{"id":97717,"date":"2024-11-28T10:42:49","date_gmt":"2024-11-28T10:42:49","guid":{"rendered":"https:\/\/moto-oprema.com\/Artikel\/alpinestars-vision-3-wortmarke-mx-schutzbrille-blau\/"},"modified":"2024-11-28T10:42:49","modified_gmt":"2024-11-28T10:42:49","slug":"alpinestars-vision-3-wortmarke-mx-schutzbrille-blau","status":"publish","type":"product","link":"https:\/\/moto-oprema.com\/de\/Artikel\/alpinestars-vision-3-wortmarke-mx-schutzbrille-blau\/","title":{"rendered":"ALPINESTARS VISION 3 WORTMARKE MX SCHUTZBRILLE BLAU"},"content":{"rendered":"<p>Der Alpinestars Vision 3 baut auf den St\u00e4rken des Vision 5 auf und bietet gro\u00dfartige Funktionen zu einem g\u00fcnstigeren Preis. Die Vision 3 verf\u00fcgt \u00fcber das RAM-AIR-Bel\u00fcftungssystem, den ultraweichen A-FLEX-Rahmen, den Feuchtigkeitskanal und den zweilagigen Gesichtsschaum f\u00fcr au\u00dfergew\u00f6hnlichen Komfort. Die Brille ist leicht und vielseitig und verwendet die gleichen Gl\u00e4ser und TearOff-Folien wie die Vision 8 und 5.  <\/p>\n<p>&nbsp;<\/p>\n<p>Die Vision 3 Goggles bauen auf den St\u00e4rken der Vision 5 auf und bieten hervorragende Funktionen zu einem g\u00fcnstigeren Preis. Die Vision 3 verf\u00fcgt \u00fcber das RAM-AIR-Bel\u00fcftungssystem, den superweichen A-FLEX-Rahmen, den Feuchtigkeitskanal und den zweilagigen Gesichtsschaum f\u00fcr au\u00dfergew\u00f6hnlichen Komfort. Die leichte und vielseitige Brille verwendet die gleichen Gl\u00e4ser und Abrei\u00dfscheiben wie die Vision 8 und 5 Goggles.  <\/p>\n<p>&nbsp;<\/p>\n<p>Die Vision 3 Goggles bauen auf den St\u00e4rken der Vision 5 auf und bieten hervorragende Funktionen zu einem g\u00fcnstigeren Preis. Die Vision 3 verf\u00fcgt \u00fcber das RAM-AIR-Bel\u00fcftungssystem, den superweichen A-FLEX-Rahmen, den Feuchtigkeitskanal und den zweilagigen Gesichtsschaum f\u00fcr au\u00dfergew\u00f6hnlichen Komfort. Die leichte und vielseitige Brille ist mit den gleichen Gl\u00e4sern und Tear-offs ausgestattet wie die Vision 8 und 5 Goggles.<\/p>\n","protected":false},"excerpt":{"rendered":"<p>Vision 3 Wortmarke Schutzbrille Farbe: Blau Linse: klar<\/p>\n","protected":false},"featured_media":32302,"comment_status":"open","ping_status":"closed","template":"","meta":{"_acf_changed":false},"brand":[2111],"gender":[2173],"product_brand":[],"product_cat":[2028,2182],"product_tag":[],"class_list":{"0":"post-97717","1":"product","2":"type-product","3":"status-publish","4":"has-post-thumbnail","6":"brand-alpinestars-de","7":"gender-unisex-de","8":"product_cat-motocross-ausrustung","9":"product_cat-mx-brille","11":"first","12":"instock","13":"sale","14":"taxable","15":"shipping-taxable","16":"purchasable","17":"product-type-simple"},"acf":[],"_links":{"self":[{"href":"https:\/\/moto-oprema.com\/de\/wp-json\/wp\/v2\/product\/97717","targetHints":{"allow":["GET"]}}],"collection":[{"href":"https:\/\/moto-oprema.com\/de\/wp-json\/wp\/v2\/product"}],"about":[{"href":"https:\/\/moto-oprema.com\/de\/wp-json\/wp\/v2\/types\/product"}],"replies":[{"embeddable":true,"href":"https:\/\/moto-oprema.com\/de\/wp-json\/wp\/v2\/comments?post=97717"}],"wp:featuredmedia":[{"embeddable":true,"href":"https:\/\/moto-oprema.com\/de\/wp-json\/wp\/v2\/media\/32302"}],"wp:attachment":[{"href":"https:\/\/moto-oprema.com\/de\/wp-json\/wp\/v2\/media?parent=97717"}],"wp:term":[{"taxonomy":"brand","embeddable":true,"href":"https:\/\/moto-oprema.com\/de\/wp-json\/wp\/v2\/brand?post=97717"},{"taxonomy":"gender","embeddable":true,"href":"https:\/\/moto-oprema.com\/de\/wp-json\/wp\/v2\/gender?post=97717"},{"taxonomy":"product_brand","embeddable":true,"href":"https:\/\/moto-oprema.com\/de\/wp-json\/wp\/v2\/product_brand?post=97717"},{"taxonomy":"product_cat","embeddable":true,"href":"https:\/\/moto-oprema.com\/de\/wp-json\/wp\/v2\/product_cat?post=97717"},{"taxonomy":"product_tag","embeddable":true,"href":"https:\/\/moto-oprema.com\/de\/wp-json\/wp\/v2\/product_tag?post=97717"}],"curies":[{"name":"wp","href":"https:\/\/api.w.org\/{rel}","templated":true}]}}