{"id":97667,"date":"2024-11-28T09:22:23","date_gmt":"2024-11-28T09:22:23","guid":{"rendered":"https:\/\/moto-oprema.com\/Artikel\/dainese-racing-5-damen-lederjacke-schwarz-weiss\/"},"modified":"2024-11-28T09:22:23","modified_gmt":"2024-11-28T09:22:23","slug":"dainese-racing-5-damen-lederjacke-schwarz-weiss","status":"publish","type":"product","link":"https:\/\/moto-oprema.com\/de\/Artikel\/dainese-racing-5-damen-lederjacke-schwarz-weiss\/","title":{"rendered":"DAINESE RACING 5 DAMEN LEDERJACKE SCHWARZ WEISS"},"content":{"rendered":"<p>Die neueste Entwicklung der meistverkauften Dainese Racing Jacke, die f\u00fcr alle Motorradfahrer entwickelt wurde, die bei sch\u00f6nem Wetter und im Sommer unterwegs sind. Die Women&#8217;s Racing 5 Leather Jacket ist eine l\u00e4ssige und sportliche Motorradjacke aus feinem 1,2 mm Tutu-Rindsleder.<br \/>\nDer Fokus auf Ergonomie f\u00fchrte zu Studien \u00fcber die Fahrposition, um Details zu verfeinern, die den Druck auf den Nacken verringern, wie z.B. der Veloce Racing Nackenkragen, und um ein Maximum an Komfort und Beweglichkeit zu gew\u00e4hrleisten, indem das breite, zweifach elastische S1-Gewebe und Verstellsysteme an den H\u00fcften integriert wurden.<br \/>\nFahrkomfort verbindet sich mit hervorragendem Schutz. Die nach EN 17092 Klasse AA zertifizierte Racing 5 Jacke verf\u00fcgt \u00fcber CE Level 2 zertifizierte Ellbogen- und Schulterpolster aus Verbundwerkstoff, austauschbare Schulterpolster aus Aluminium, die im Falle eines Sturzes f\u00fcr ein nat\u00fcrlicheres Gleiten sorgen, und eine Tasche, die f\u00fcr die Aufnahme von R\u00fccken- und Brustpolstern des Typs G ausgelegt ist.<br \/>\nAls Ergebnis von Studien zur korrekten Passform kann die Jacke bequem \u00fcber dem Dainese Smart Air Airbag-Ger\u00e4t getragen werden, ohne dass Sie eine gr\u00f6\u00dfere Gr\u00f6\u00dfe kaufen m\u00fcssen. Die korrekte Passform der \u00c4rmel verhindert, dass sich die Polster bei einem Sturz an die falsche Stelle bewegen, so dass ein maximaler Schutz f\u00fcr den Fahrer stets gew\u00e4hrleistet ist. Au\u00dferdem erm\u00f6glichen die Schlaufen, mit denen der Smart Air an der Jacke befestigt ist, das An- und Ausziehen mit einem einzigen Handgriff, so dass der Airbag unter der Jacke immer in der richtigen Position bleibt.<br \/>\nDie Funktionalit\u00e4t dieser Allwetterbekleidung wird durch die praktische wasserdichte Innentasche, in der der Fahrer bei schlechtem Wetter seine elektronischen Ger\u00e4te verstauen kann, sowie durch die Bel\u00fcftungs\u00f6ffnungen auf der Brust und die Bel\u00fcftungsrei\u00dfverschl\u00fcsse an den Seiten bei hohen Temperaturen noch erh\u00f6ht.    <\/p>\n<p>Merkmale:<\/p>\n<p>aus 2-lagigem S1-Gewebe und Tutu-Rindsleder<br \/>\n2 Innentaschen und 2 Au\u00dfentaschen<br \/>\nTasche zum Nachr\u00fcsten von G1- oder G2-R\u00fcckenprotektoren<br \/>\nreflektierende Eins\u00e4tze<br \/>\nJacken- und Hosenverschlusssystem<br \/>\nEinstellm\u00f6glichkeiten f\u00fcr Hals und Taille<br \/>\nNanofeel\u00ae atmungsaktives Futter mit Silberionenbehandlung<br \/>\nSo-Eingespritzte Schulterbereiche mit Aluminiumeinsatz<br \/>\nHerausnehmbare Schulter- und Ellbogenpolster aus Verbundwerkstoff (EN 1621.1)<br \/>\nAuswechselbare Schulterpartie aus Aluminium<\/p>\n<p>Entwickelt, um am Smart Air\u2122 Airbag-System getragen zu werden<\/p>\n<p>Zusammensetzung des Rohmaterials: 100% Leder<\/p>\n","protected":false},"excerpt":{"rendered":"<p>Die neueste Entwicklung der meistverkauften Dainese Racing Jacke, die f\u00fcr alle Motorradfahrer entwickelt wurde, die bei&#8230;<\/p>\n","protected":false},"featured_media":32217,"comment_status":"open","ping_status":"open","template":"","meta":{"_acf_changed":false},"brand":[2113],"gender":[2170],"product_brand":[],"product_cat":[1357,2045,2228],"product_tag":[],"class_list":{"0":"post-97667","1":"product","2":"type-product","3":"status-publish","4":"has-post-thumbnail","6":"brand-dainese-de","7":"gender-zenska-de","8":"product_cat-ausrustung-fur-motorradfahrer","9":"product_cat-jakne-de","10":"product_cat-lederjacken","11":"pa_size-38-de","12":"pa_size-40-de","13":"pa_size-42-de","14":"pa_size-44-de","15":"pa_size-46-de","16":"pa_size-48-de","18":"first","19":"instock","20":"sale","21":"taxable","22":"shipping-taxable","23":"purchasable","24":"product-type-variable"},"acf":[],"_links":{"self":[{"href":"https:\/\/moto-oprema.com\/de\/wp-json\/wp\/v2\/product\/97667","targetHints":{"allow":["GET"]}}],"collection":[{"href":"https:\/\/moto-oprema.com\/de\/wp-json\/wp\/v2\/product"}],"about":[{"href":"https:\/\/moto-oprema.com\/de\/wp-json\/wp\/v2\/types\/product"}],"replies":[{"embeddable":true,"href":"https:\/\/moto-oprema.com\/de\/wp-json\/wp\/v2\/comments?post=97667"}],"wp:featuredmedia":[{"embeddable":true,"href":"https:\/\/moto-oprema.com\/de\/wp-json\/wp\/v2\/media\/32217"}],"wp:attachment":[{"href":"https:\/\/moto-oprema.com\/de\/wp-json\/wp\/v2\/media?parent=97667"}],"wp:term":[{"taxonomy":"brand","embeddable":true,"href":"https:\/\/moto-oprema.com\/de\/wp-json\/wp\/v2\/brand?post=97667"},{"taxonomy":"gender","embeddable":true,"href":"https:\/\/moto-oprema.com\/de\/wp-json\/wp\/v2\/gender?post=97667"},{"taxonomy":"product_brand","embeddable":true,"href":"https:\/\/moto-oprema.com\/de\/wp-json\/wp\/v2\/product_brand?post=97667"},{"taxonomy":"product_cat","embeddable":true,"href":"https:\/\/moto-oprema.com\/de\/wp-json\/wp\/v2\/product_cat?post=97667"},{"taxonomy":"product_tag","embeddable":true,"href":"https:\/\/moto-oprema.com\/de\/wp-json\/wp\/v2\/product_tag?post=97667"}],"curies":[{"name":"wp","href":"https:\/\/api.w.org\/{rel}","templated":true}]}}