{"id":97526,"date":"2024-12-23T10:08:21","date_gmt":"2024-12-23T10:08:21","guid":{"rendered":"https:\/\/moto-oprema.com\/Artikel\/alpinestars-mx-hosen-stella-techstar-schmelzen-erroeten-schwarz\/"},"modified":"2024-12-23T10:08:21","modified_gmt":"2024-12-23T10:08:21","slug":"alpinestars-mx-hosen-stella-techstar-schmelzen-erroeten-schwarz","status":"publish","type":"product","link":"https:\/\/moto-oprema.com\/de\/Artikel\/alpinestars-mx-hosen-stella-techstar-schmelzen-erroeten-schwarz\/","title":{"rendered":"ALPINESTARS MX HOSEN STELLA TECHSTAR SCHMELZEN ERR\u00d6TEN SCHWARZ"},"content":{"rendered":"<p>Das Alpinestrs Techstar Melt f\u00fcr Damen zeichnet sich durch eine neue, verst\u00e4rkte Stoffkonstruktion aus, die mehr Stretch-Ripstop-Gewebe, einen aktualisierten, ergonomischen Schnitt und ein optimiertes Rennsport-Multipanel-Muster umfasst, das ein Gef\u00fchl wie eine zweite Haut vermittelt und f\u00fcr \u00fcberragende Bewegungsfreiheit und ausgezeichnete Mobilit\u00e4t sorgt.<\/p>\n<p>Die Alpinestrs Techstar Melt Pants f\u00fcr Damen hat eine neue, verst\u00e4rkte Materialkonstruktion mit mehr Stretch-Ripstop-Materialien, einen aktualisierten ergonomischen Schnitt und ein optimiertes Rennsport-Multipanel-Muster, das sich wie eine zweite Haut anf\u00fchlt und f\u00fcr erstklassige Bewegungsfreiheit und \u00fcberragende Mobilit\u00e4t sorgt.<\/p>\n<p>Frauen Techstar Melt Pants von Alpinestrs hat eine neue, verst\u00e4rkte Materialkonstruktion, die mehr Stretch-Ripstop-Materialien enth\u00e4lt, sowie einen aktualisierten, ergonomischen Schnitt und ein optimiertes Rennsport-Multipanelmuster, das ein Gef\u00fchl wie eine zweite Haut vermittelt und erstklassige Bewegungsfreiheit und \u00fcberragende Mobilit\u00e4t bietet.<\/p>\n<p>&nbsp;<\/p>\n","protected":false},"excerpt":{"rendered":"<p>Frau Stella Alpinestars Techstar Melt MX-Hose<\/p>\n","protected":false},"featured_media":33336,"comment_status":"open","ping_status":"open","template":"","meta":{"_acf_changed":false},"brand":[2111],"gender":[],"product_brand":[],"product_cat":[2028,2069],"product_tag":[],"class_list":{"0":"post-97526","1":"product","2":"type-product","3":"status-publish","4":"has-post-thumbnail","6":"brand-alpinestars-de","7":"product_cat-motocross-ausrustung","8":"product_cat-mx-hose","9":"pa_size-28-de","10":"pa_size-30-de","11":"pa_size-32-de","12":"pa_size-34-de","14":"first","15":"instock","16":"sale","17":"taxable","18":"shipping-taxable","19":"purchasable","20":"product-type-variable"},"acf":[],"_links":{"self":[{"href":"https:\/\/moto-oprema.com\/de\/wp-json\/wp\/v2\/product\/97526","targetHints":{"allow":["GET"]}}],"collection":[{"href":"https:\/\/moto-oprema.com\/de\/wp-json\/wp\/v2\/product"}],"about":[{"href":"https:\/\/moto-oprema.com\/de\/wp-json\/wp\/v2\/types\/product"}],"replies":[{"embeddable":true,"href":"https:\/\/moto-oprema.com\/de\/wp-json\/wp\/v2\/comments?post=97526"}],"wp:featuredmedia":[{"embeddable":true,"href":"https:\/\/moto-oprema.com\/de\/wp-json\/wp\/v2\/media\/33336"}],"wp:attachment":[{"href":"https:\/\/moto-oprema.com\/de\/wp-json\/wp\/v2\/media?parent=97526"}],"wp:term":[{"taxonomy":"brand","embeddable":true,"href":"https:\/\/moto-oprema.com\/de\/wp-json\/wp\/v2\/brand?post=97526"},{"taxonomy":"gender","embeddable":true,"href":"https:\/\/moto-oprema.com\/de\/wp-json\/wp\/v2\/gender?post=97526"},{"taxonomy":"product_brand","embeddable":true,"href":"https:\/\/moto-oprema.com\/de\/wp-json\/wp\/v2\/product_brand?post=97526"},{"taxonomy":"product_cat","embeddable":true,"href":"https:\/\/moto-oprema.com\/de\/wp-json\/wp\/v2\/product_cat?post=97526"},{"taxonomy":"product_tag","embeddable":true,"href":"https:\/\/moto-oprema.com\/de\/wp-json\/wp\/v2\/product_tag?post=97526"}],"curies":[{"name":"wp","href":"https:\/\/api.w.org\/{rel}","templated":true}]}}