{"id":97356,"date":"2024-12-18T10:33:25","date_gmt":"2024-12-18T10:33:25","guid":{"rendered":"https:\/\/moto-oprema.com\/Artikel\/alpinestars-mx-hose-fluid-haul-hellrot-schwarz-25\/"},"modified":"2024-12-18T10:33:25","modified_gmt":"2024-12-18T10:33:25","slug":"alpinestars-mx-hose-fluid-haul-hellrot-schwarz-25","status":"publish","type":"product","link":"https:\/\/moto-oprema.com\/de\/Artikel\/alpinestars-mx-hose-fluid-haul-hellrot-schwarz-25\/","title":{"rendered":"ALPINESTARS MX HOSE FLUID HAUL HELLROT SCHWARZ 25"},"content":{"rendered":"<p>Die sportlich geschnittene Alpinestars Fluid Haul Pants bietet ein optimiertes Ma\u00df an Leistung, Komfort und Bewegungsfreiheit in der Fahrposition dank des leichten Polyfabric-Gewebes, der Stretch-Bundeins\u00e4tze und der vorgeformten Beinkonstruktion. Der ergonomische Schnitt und die 3D-Muster-Konstruktion sorgen f\u00fcr \u00fcberragenden Komfort und Bewegungsfreiheit des Fahrers. <\/p>\n<p>Die sportlich geschnittene Fluid Haul Pants bietet ein optimales Ma\u00df an Leistung, Komfort und Bewegungsfreiheit in der Fahrposition, dank ihres leichten Polyfabric-Grundger\u00fcsts, der Stretch-Cord-Eins\u00e4tze und des vorgeformten Beindesigns. Ergonomischer Schnitt und 3D-Muster-Konstruktion f\u00fcr erstklassigen Fahrkomfort und Mobilit\u00e4t.<\/p>\n<p>Die sportlich geschnittene Fluid Haul Pants bietet ein optimales Ma\u00df an Leistung, Komfort und Bewegungsfreiheit in der Fahrposition, dank des leichten Polyfabric-Chassis, der Stretch-Cord-Eins\u00e4tze und des vorgeformten Beindesigns. Ergonomischer Schnitt und 3D-Muster-Konstruktion f\u00fcr erstklassigen Fahrerkomfort und Mobilit\u00e4t.<\/p>\n","protected":false},"excerpt":{"rendered":"<p>Alpinestars Fluid Haul MX-Hose<\/p>\n","protected":false},"featured_media":33148,"comment_status":"open","ping_status":"open","template":"","meta":{"_acf_changed":false},"brand":[2111],"gender":[],"product_brand":[],"product_cat":[2028,2069],"product_tag":[],"class_list":{"0":"post-97356","1":"product","2":"type-product","3":"status-publish","4":"has-post-thumbnail","6":"brand-alpinestars-de","7":"product_cat-motocross-ausrustung","8":"product_cat-mx-hose","9":"pa_size-28-de","10":"pa_size-30-de","11":"pa_size-32-de","12":"pa_size-34-de","13":"pa_size-36-de","14":"pa_size-38-de","15":"pa_size-40-de","17":"first","18":"instock","19":"sale","20":"taxable","21":"shipping-taxable","22":"purchasable","23":"product-type-variable"},"acf":[],"_links":{"self":[{"href":"https:\/\/moto-oprema.com\/de\/wp-json\/wp\/v2\/product\/97356","targetHints":{"allow":["GET"]}}],"collection":[{"href":"https:\/\/moto-oprema.com\/de\/wp-json\/wp\/v2\/product"}],"about":[{"href":"https:\/\/moto-oprema.com\/de\/wp-json\/wp\/v2\/types\/product"}],"replies":[{"embeddable":true,"href":"https:\/\/moto-oprema.com\/de\/wp-json\/wp\/v2\/comments?post=97356"}],"wp:featuredmedia":[{"embeddable":true,"href":"https:\/\/moto-oprema.com\/de\/wp-json\/wp\/v2\/media\/33148"}],"wp:attachment":[{"href":"https:\/\/moto-oprema.com\/de\/wp-json\/wp\/v2\/media?parent=97356"}],"wp:term":[{"taxonomy":"brand","embeddable":true,"href":"https:\/\/moto-oprema.com\/de\/wp-json\/wp\/v2\/brand?post=97356"},{"taxonomy":"gender","embeddable":true,"href":"https:\/\/moto-oprema.com\/de\/wp-json\/wp\/v2\/gender?post=97356"},{"taxonomy":"product_brand","embeddable":true,"href":"https:\/\/moto-oprema.com\/de\/wp-json\/wp\/v2\/product_brand?post=97356"},{"taxonomy":"product_cat","embeddable":true,"href":"https:\/\/moto-oprema.com\/de\/wp-json\/wp\/v2\/product_cat?post=97356"},{"taxonomy":"product_tag","embeddable":true,"href":"https:\/\/moto-oprema.com\/de\/wp-json\/wp\/v2\/product_tag?post=97356"}],"curies":[{"name":"wp","href":"https:\/\/api.w.org\/{rel}","templated":true}]}}