{"id":97311,"date":"2024-12-18T10:06:24","date_gmt":"2024-12-18T10:06:24","guid":{"rendered":"https:\/\/moto-oprema.com\/Artikel\/alpinestars-mx-jersey-fluid-haul-schwarz-weiss-25\/"},"modified":"2024-12-18T10:06:24","modified_gmt":"2024-12-18T10:06:24","slug":"alpinestars-mx-jersey-fluid-haul-schwarz-weiss-25","status":"publish","type":"product","link":"https:\/\/moto-oprema.com\/de\/Artikel\/alpinestars-mx-jersey-fluid-haul-schwarz-weiss-25\/","title":{"rendered":"ALPINESTARS MX JERSEY FLUID HAUL SCHWARZ WEISS 25"},"content":{"rendered":"<p>Die Fluid-Linie bietet MX-Freizeitfahrern eine Ausr\u00fcstung mit optimierter MX-Technologie, die die wichtigsten Designmerkmale der Supertech-, Techstar- und Racer-Linien f\u00fcr eine umfassende, auf Fahrkomfort und Funktionalit\u00e4t optimierte Leistung nutzt. Die sportliche Passform der Fluid-Linie, die auf den h\u00e4rtesten Terrains der Welt entwickelt und getestet wurde, ist ideal f\u00fcr viele Arten von Offroad-Fahrten und bietet die entspannteste Passform aller MX25-Ausr\u00fcstungslinien. <\/p>\n<p>Die Fluid-Linie bietet Freizeit-MX-Fahrern eine Ausr\u00fcstung mit optimaler MX-Technologie, die die wichtigsten Konstruktionsmerkmale der Supertech-, Techstar- und Racer-Linien f\u00fcr eine Gesamtleistung nutzt, die f\u00fcr Komfort und Fahrfunktionalit\u00e4t optimiert ist. Entwickelt und getestet auf einigen der h\u00e4rtesten Terrains rund um den Globus, ist die sportlich geschnittene Fluid-Ausr\u00fcstung ideal f\u00fcr viele Formen des Off-Road-Fahrens und bietet die entspannteste Passform aller MX25-Ausr\u00fcstungslinien. <\/p>\n<p>Die Fluid-Linie bietet MX-Freizeitfahrern eine Ausr\u00fcstung mit optimaler MX-Technologie, die die wichtigsten Konstruktionsmerkmale der Supertech-, Techstar- und Racer-Linien f\u00fcr einen leistungsstarken Look und ein angenehmes Fahrgef\u00fchl nutzt, das f\u00fcr Komfort und Funktionalit\u00e4t optimiert ist. Entwickelt und getestet auf einigen der h\u00e4rtesten Terrains rund um den Globus, ist die sportliche Fluid-Linie ideal f\u00fcr viele Formen des Offroad-Fahrens und bietet die entspannteste Passform aller MX25-Linien.<\/p>\n","protected":false},"excerpt":{"rendered":"<p>Alpinestars MX Trikot Fluid Haul<\/p>\n","protected":false},"featured_media":33089,"comment_status":"open","ping_status":"open","template":"","meta":{"_acf_changed":false},"brand":[2111],"gender":[],"product_brand":[],"product_cat":[2028,2029],"product_tag":[],"class_list":{"0":"post-97311","1":"product","2":"type-product","3":"status-publish","4":"has-post-thumbnail","6":"brand-alpinestars-de","7":"product_cat-motocross-ausrustung","8":"product_cat-mx-dresi-de","9":"pa_size-2xl-de","10":"pa_size-l-de","11":"pa_size-m-de","12":"pa_size-s-de","13":"pa_size-xl-de","15":"first","16":"instock","17":"sale","18":"taxable","19":"shipping-taxable","20":"purchasable","21":"product-type-variable"},"acf":[],"_links":{"self":[{"href":"https:\/\/moto-oprema.com\/de\/wp-json\/wp\/v2\/product\/97311","targetHints":{"allow":["GET"]}}],"collection":[{"href":"https:\/\/moto-oprema.com\/de\/wp-json\/wp\/v2\/product"}],"about":[{"href":"https:\/\/moto-oprema.com\/de\/wp-json\/wp\/v2\/types\/product"}],"replies":[{"embeddable":true,"href":"https:\/\/moto-oprema.com\/de\/wp-json\/wp\/v2\/comments?post=97311"}],"wp:featuredmedia":[{"embeddable":true,"href":"https:\/\/moto-oprema.com\/de\/wp-json\/wp\/v2\/media\/33089"}],"wp:attachment":[{"href":"https:\/\/moto-oprema.com\/de\/wp-json\/wp\/v2\/media?parent=97311"}],"wp:term":[{"taxonomy":"brand","embeddable":true,"href":"https:\/\/moto-oprema.com\/de\/wp-json\/wp\/v2\/brand?post=97311"},{"taxonomy":"gender","embeddable":true,"href":"https:\/\/moto-oprema.com\/de\/wp-json\/wp\/v2\/gender?post=97311"},{"taxonomy":"product_brand","embeddable":true,"href":"https:\/\/moto-oprema.com\/de\/wp-json\/wp\/v2\/product_brand?post=97311"},{"taxonomy":"product_cat","embeddable":true,"href":"https:\/\/moto-oprema.com\/de\/wp-json\/wp\/v2\/product_cat?post=97311"},{"taxonomy":"product_tag","embeddable":true,"href":"https:\/\/moto-oprema.com\/de\/wp-json\/wp\/v2\/product_tag?post=97311"}],"curies":[{"name":"wp","href":"https:\/\/api.w.org\/{rel}","templated":true}]}}