{"id":97258,"date":"2024-12-18T09:17:35","date_gmt":"2024-12-18T09:17:35","guid":{"rendered":"https:\/\/moto-oprema.com\/Artikel\/alpinestars-mx-trikot-techstar-dreem-grau-multi-25\/"},"modified":"2024-12-18T09:17:35","modified_gmt":"2024-12-18T09:17:35","slug":"alpinestars-mx-trikot-techstar-dreem-grau-multi-25","status":"publish","type":"product","link":"https:\/\/moto-oprema.com\/de\/Artikel\/alpinestars-mx-trikot-techstar-dreem-grau-multi-25\/","title":{"rendered":"ALPINESTARS MX TRIKOT TECHSTAR DREEM GRAU MULTI 25"},"content":{"rendered":"<p>Die Techstar-Serie bietet die optimale Kombination aus Leistung und Haltbarkeit. Sie wurde f\u00fcr fortgeschrittene Wettk\u00e4mpfe auf allen Terrains entwickelt und bietet eine auf den Rennsport zugeschnittene Passform und Schnitt, w\u00e4hrend die Multi-Material-Konstruktion ein H\u00f6chstma\u00df an Bel\u00fcftung und Stretch f\u00fcr eine ausgezeichnete Bewegungsfreiheit gew\u00e4hrleistet. <\/p>\n<p>Das Techstar Melt Trikot besteht aus leichtem, sehr strapazierf\u00e4higem Stretch-Material, das Feuchtigkeit ableitet und hervorragenden Komfort und Leistung bietet.<\/p>\n<p>&nbsp;<\/p>\n<p>Die Techstar-Linie bietet die optimale Mischung aus Leistung und Strapazierf\u00e4higkeit. Die Multi-Material-Konstruktion wurde f\u00fcr anspruchsvolle Wettk\u00e4mpfe auf jedem Terrain entwickelt und bietet eine aus dem Rennsport abgeleitete Passform und Schnittf\u00fchrung sowie ein H\u00f6chstma\u00df an Bel\u00fcftung und Stretch f\u00fcr ausgezeichnete Bewegungsfreiheit. <\/p>\n<p>Das Techstar Melt Trikot besteht aus einem leichten, sehr strapazierf\u00e4higen Stretchmaterial mit einer feuchtigkeitsableitenden Behandlung f\u00fcr \u00fcberragenden Komfort und Leistung.<\/p>\n<p>&nbsp;<\/p>\n<p>Die Techstar-Linie bietet die optimale Mischung aus Leistung und Haltbarkeit. Die Multi-Material-Konstruktion wurde f\u00fcr Wettk\u00e4mpfe auf h\u00f6chstem Niveau und in jedem Gel\u00e4nde entwickelt und bietet eine rennsportorientierte Passform und Schnittf\u00fchrung und ein H\u00f6chstma\u00df an Bel\u00fcftung und Stretch f\u00fcr ausgezeichnete Bewegungsfreiheit. <\/p>\n<p>Das Techstar Melt Jersey besteht aus leichtem, \u00e4u\u00dferst strapazierf\u00e4higem Stretchmaterial mit einer feuchtigkeitsableitenden Behandlung f\u00fcr \u00fcberragenden Komfort und Leistung.<\/p>\n<p>&nbsp;<\/p>\n<p>&nbsp;<\/p>\n","protected":false},"excerpt":{"rendered":"<p>Das Alpinestars MX Techstar Dreem Trikot ist aus leichtem, sehr strapazierf\u00e4higem Stretchmaterial gefertigt, das Feuchtigkeit ableitet&#8230;<\/p>\n","protected":false},"featured_media":33009,"comment_status":"open","ping_status":"closed","template":"","meta":{"_acf_changed":false},"brand":[2111],"gender":[2168],"product_brand":[],"product_cat":[2028,2029],"product_tag":[],"class_list":{"0":"post-97258","1":"product","2":"type-product","3":"status-publish","4":"has-post-thumbnail","6":"brand-alpinestars-de","7":"gender-moski-de","8":"product_cat-motocross-ausrustung","9":"product_cat-mx-dresi-de","10":"pa_size-2xl-de","11":"pa_size-l-de","12":"pa_size-m-de","13":"pa_size-s-de","14":"pa_size-xl-de","16":"first","17":"instock","18":"sale","19":"taxable","20":"shipping-taxable","21":"purchasable","22":"product-type-variable"},"acf":[],"_links":{"self":[{"href":"https:\/\/moto-oprema.com\/de\/wp-json\/wp\/v2\/product\/97258","targetHints":{"allow":["GET"]}}],"collection":[{"href":"https:\/\/moto-oprema.com\/de\/wp-json\/wp\/v2\/product"}],"about":[{"href":"https:\/\/moto-oprema.com\/de\/wp-json\/wp\/v2\/types\/product"}],"replies":[{"embeddable":true,"href":"https:\/\/moto-oprema.com\/de\/wp-json\/wp\/v2\/comments?post=97258"}],"wp:featuredmedia":[{"embeddable":true,"href":"https:\/\/moto-oprema.com\/de\/wp-json\/wp\/v2\/media\/33009"}],"wp:attachment":[{"href":"https:\/\/moto-oprema.com\/de\/wp-json\/wp\/v2\/media?parent=97258"}],"wp:term":[{"taxonomy":"brand","embeddable":true,"href":"https:\/\/moto-oprema.com\/de\/wp-json\/wp\/v2\/brand?post=97258"},{"taxonomy":"gender","embeddable":true,"href":"https:\/\/moto-oprema.com\/de\/wp-json\/wp\/v2\/gender?post=97258"},{"taxonomy":"product_brand","embeddable":true,"href":"https:\/\/moto-oprema.com\/de\/wp-json\/wp\/v2\/product_brand?post=97258"},{"taxonomy":"product_cat","embeddable":true,"href":"https:\/\/moto-oprema.com\/de\/wp-json\/wp\/v2\/product_cat?post=97258"},{"taxonomy":"product_tag","embeddable":true,"href":"https:\/\/moto-oprema.com\/de\/wp-json\/wp\/v2\/product_tag?post=97258"}],"curies":[{"name":"wp","href":"https:\/\/api.w.org\/{rel}","templated":true}]}}