{"id":97180,"date":"2024-12-17T11:28:05","date_gmt":"2024-12-17T11:28:05","guid":{"rendered":"https:\/\/moto-oprema.com\/Artikel\/alpinestars-mx-radar-pro-handschuhe-gelb-fluo-25\/"},"modified":"2024-12-17T11:28:05","modified_gmt":"2024-12-17T11:28:05","slug":"alpinestars-mx-radar-pro-handschuhe-gelb-fluo-25","status":"publish","type":"product","link":"https:\/\/moto-oprema.com\/de\/Artikel\/alpinestars-mx-radar-pro-handschuhe-gelb-fluo-25\/","title":{"rendered":"ALPINESTARS MX RADAR PRO HANDSCHUHE GELB FLUO 25"},"content":{"rendered":"<p>Die auf maximale Luftzirkulation und Leichtigkeit ausgelegten Alpinestars Radar Pro Rennhandschuhe wurden in enger Zusammenarbeit mit den Top-Athleten von Alpinestars entwickelt, um ein schlankeres, minimalistischeres Design zu schaffen, das die Bewegungsfreiheit und die Kontrolle auf der Rennstrecke weiter verbessert. Die Radar Pro Handschuhe sind hochgradig atmungsaktiv, extrem leicht und verf\u00fcgen \u00fcber hervorragende Komforteigenschaften. Die einlagige Konstruktion mit einem einlagigen 4-Wege-Stretch-Mesh auf dem Handr\u00fccken und Verst\u00e4rkungen aus synthetischem Wildleder auf der Handfl\u00e4che sorgt f\u00fcr ein hohes Ma\u00df an Komfort und ein besseres Gef\u00fchl bei der Kontrolle des Motorrads. F\u00fcr die MX25-Linie sind die Radar Pro Handschuhe mit leitf\u00e4higem Handfl\u00e4chen- und Fingermaterial und einer nahtlos integrierten Handgelenkschlaufe zur Befestigung ausgestattet.  <\/p>\n<p>Die Radar Pro Rennhandschuhe wurden in enger Zusammenarbeit mit Alpinestars Spitzenathleten entwickelt, um ein schlankeres, minimalistisches Design zu schaffen, das die Bewegungsfreiheit und die Kontrolle auf der Rennstrecke weiter verbessert. Die Radar Pro Handschuhe sind hoch atmungsaktiv, ultraleicht und mit hervorragenden Komforteigenschaften ausgestattet. Sie verf\u00fcgen \u00fcber eine einlagige Konstruktion mit einer einlagigen 4-Wege-Stretch-Mesh-Oberhand und seitlichen Handverst\u00e4rkungen aus synthetischem Wildleder f\u00fcr ein hohes Ma\u00df an Komfort und ein verbessertes Gef\u00fchl f\u00fcr die Bedienelemente des Motorrads. F\u00fcr die MX25-Linie verf\u00fcgen die Radar Pro Handschuhe \u00fcber leitf\u00e4higes Material an der Handfl\u00e4che und den Fingern sowie \u00fcber einen nahtlos integrierten Handgelenkriemen.  <\/p>\n<p>Die Radar Pro Rennhandschuhe wurden in enger Zusammenarbeit mit Alpinestars Spitzenathleten entwickelt, um ein schlankeres, minimalistischeres Design zu schaffen, das die Bewegungsfreiheit und Kontrolle auf der Strecke weiter verbessert. Hoch atmungsaktiv, ultraleicht und vollgepackt mit exzellenten Komfortmerkmalen, verf\u00fcgen die Radar Pro Handschuhe \u00fcber eine einlagige Konstruktion mit einer einlagigen 4-Wege-Stretch-Mesh-Oberhand und synthetischen Wildleder-Seitenhandverst\u00e4rkungen f\u00fcr ein hohes Ma\u00df an Komfort und ein verbessertes Gef\u00fchl f\u00fcr die Bedienelemente des Motorrads. F\u00fcr die MX25-Linie sind die Radar Pro Gloves mit leitf\u00e4higem Material auf der Handfl\u00e4che und den Fingern sowie einem nahtlos integrierten Verschlussband am Handgelenk ausgestattet.<\/p>\n","protected":false},"excerpt":{"rendered":"<p>Alpinestars MX Radar Pro Handschuhe<\/p>\n","protected":false},"featured_media":32897,"comment_status":"open","ping_status":"open","template":"","meta":{"_acf_changed":false},"brand":[2111],"gender":[],"product_brand":[],"product_cat":[2028,2070],"product_tag":[],"class_list":{"0":"post-97180","1":"product","2":"type-product","3":"status-publish","4":"has-post-thumbnail","6":"brand-alpinestars-de","7":"product_cat-motocross-ausrustung","8":"product_cat-mx-handschuhe","9":"pa_size-2xl-de","10":"pa_size-l-de","11":"pa_size-m-de","12":"pa_size-s-de","13":"pa_size-xl-de","15":"first","16":"instock","17":"sale","18":"taxable","19":"shipping-taxable","20":"purchasable","21":"product-type-variable"},"acf":[],"_links":{"self":[{"href":"https:\/\/moto-oprema.com\/de\/wp-json\/wp\/v2\/product\/97180","targetHints":{"allow":["GET"]}}],"collection":[{"href":"https:\/\/moto-oprema.com\/de\/wp-json\/wp\/v2\/product"}],"about":[{"href":"https:\/\/moto-oprema.com\/de\/wp-json\/wp\/v2\/types\/product"}],"replies":[{"embeddable":true,"href":"https:\/\/moto-oprema.com\/de\/wp-json\/wp\/v2\/comments?post=97180"}],"wp:featuredmedia":[{"embeddable":true,"href":"https:\/\/moto-oprema.com\/de\/wp-json\/wp\/v2\/media\/32897"}],"wp:attachment":[{"href":"https:\/\/moto-oprema.com\/de\/wp-json\/wp\/v2\/media?parent=97180"}],"wp:term":[{"taxonomy":"brand","embeddable":true,"href":"https:\/\/moto-oprema.com\/de\/wp-json\/wp\/v2\/brand?post=97180"},{"taxonomy":"gender","embeddable":true,"href":"https:\/\/moto-oprema.com\/de\/wp-json\/wp\/v2\/gender?post=97180"},{"taxonomy":"product_brand","embeddable":true,"href":"https:\/\/moto-oprema.com\/de\/wp-json\/wp\/v2\/product_brand?post=97180"},{"taxonomy":"product_cat","embeddable":true,"href":"https:\/\/moto-oprema.com\/de\/wp-json\/wp\/v2\/product_cat?post=97180"},{"taxonomy":"product_tag","embeddable":true,"href":"https:\/\/moto-oprema.com\/de\/wp-json\/wp\/v2\/product_tag?post=97180"}],"curies":[{"name":"wp","href":"https:\/\/api.w.org\/{rel}","templated":true}]}}