{"id":97091,"date":"2024-12-17T11:04:45","date_gmt":"2024-12-17T11:04:45","guid":{"rendered":"https:\/\/moto-oprema.com\/Artikel\/alpinestars-mx-hose-racer-hollow-light-camo-brown-25\/"},"modified":"2024-12-17T11:04:45","modified_gmt":"2024-12-17T11:04:45","slug":"alpinestars-mx-hose-racer-hollow-light-camo-brown-25","status":"publish","type":"product","link":"https:\/\/moto-oprema.com\/de\/Artikel\/alpinestars-mx-hose-racer-hollow-light-camo-brown-25\/","title":{"rendered":"ALPINESTARS MX HOSE RACER HOLLOW LIGHT CAMO BROWN 25"},"content":{"rendered":"<p>Alpinestrars Racer Gear wurde auf dem h\u00e4rtesten Terrain der Welt entwickelt und getestet und ist dank seiner ergonomischen Konstruktion mit vorgeformtem Schnitt und leichten, strapazierf\u00e4higen und feuchtigkeitsableitenden technischen Materialien ideal f\u00fcr viele Arten von Offroad-Fahrten. Das Racer Hollow Trikot und die Racer Hollow Hose sind in einer Reihe von markanten und aggressiven Farbkombinationen erh\u00e4ltlich, die f\u00fcr die Ausr\u00fcstungslinie Racer Gear und Radar Gloves kreiert wurden und den perfekten Look und das perfekte Gef\u00fchl f\u00fcr Leistung bieten. <\/p>\n<p>Das Racer Gear wurde auf einigen der h\u00e4rtesten Terrains rund um den Globus entwickelt und getestet und eignet sich dank der ergonomischen, vorgeformten Konstruktion und der feuchtigkeitsableitenden, leichten und strapazierf\u00e4higen technischen Materialien ideal f\u00fcr viele Formen des Off-Road-Fahrens. Das Racer Hollow Jersey und die Hose wurden entwickelt, um ein optimales Ma\u00df an Komfort und Strapazierf\u00e4higkeit zu bieten, das von Rennfahrern und Alltagsfahrern ben\u00f6tigt wird, und sind in einer Reihe von unverwechselbaren und aggressiven Farbkombinationen erh\u00e4ltlich, die auf die Linie von Racer Gear und Radar Gloves abgestimmt sind. <\/p>\n<p>Das Racer Gear wurde auf einigen der h\u00e4rtesten Terrains rund um den Globus entwickelt und getestet und ist dank der ergonomischen, vorgeformten Konstruktion und der feuchtigkeitsableitenden, leichten und strapazierf\u00e4higen technischen Materialien ideal f\u00fcr viele Formen des Off-Road-Fahrens. Das Racer Hollow Trikot und die Hose wurden entwickelt, um ein optimales Ma\u00df an Komfort und Strapazierf\u00e4higkeit zu bieten, das von Rennfahrern und Alltagsfahrern ben\u00f6tigt wird. Sie sind in einer Reihe von unverwechselbaren und aggressiven Farbkombinationen erh\u00e4ltlich, die auf die Linie von Racer Gear und Radar Handschuhen abgestimmt sind, um einen Look und ein Gef\u00fchl der totalen Performance zu bieten.<\/p>\n","protected":false},"excerpt":{"rendered":"<p>Alpinestars Racer Hollow MX-Hose<\/p>\n","protected":false},"featured_media":32867,"comment_status":"open","ping_status":"open","template":"","meta":{"_acf_changed":false},"brand":[2111],"gender":[],"product_brand":[],"product_cat":[2028,2069],"product_tag":[],"class_list":{"0":"post-97091","1":"product","2":"type-product","3":"status-publish","4":"has-post-thumbnail","6":"brand-alpinestars-de","7":"product_cat-motocross-ausrustung","8":"product_cat-mx-hose","9":"pa_size-28-de","10":"pa_size-30-de","11":"pa_size-32-de","12":"pa_size-34-de","13":"pa_size-36-de","14":"pa_size-38-de","15":"pa_size-40-de","17":"first","18":"instock","19":"sale","20":"taxable","21":"shipping-taxable","22":"purchasable","23":"product-type-variable"},"acf":[],"_links":{"self":[{"href":"https:\/\/moto-oprema.com\/de\/wp-json\/wp\/v2\/product\/97091","targetHints":{"allow":["GET"]}}],"collection":[{"href":"https:\/\/moto-oprema.com\/de\/wp-json\/wp\/v2\/product"}],"about":[{"href":"https:\/\/moto-oprema.com\/de\/wp-json\/wp\/v2\/types\/product"}],"replies":[{"embeddable":true,"href":"https:\/\/moto-oprema.com\/de\/wp-json\/wp\/v2\/comments?post=97091"}],"wp:featuredmedia":[{"embeddable":true,"href":"https:\/\/moto-oprema.com\/de\/wp-json\/wp\/v2\/media\/32867"}],"wp:attachment":[{"href":"https:\/\/moto-oprema.com\/de\/wp-json\/wp\/v2\/media?parent=97091"}],"wp:term":[{"taxonomy":"brand","embeddable":true,"href":"https:\/\/moto-oprema.com\/de\/wp-json\/wp\/v2\/brand?post=97091"},{"taxonomy":"gender","embeddable":true,"href":"https:\/\/moto-oprema.com\/de\/wp-json\/wp\/v2\/gender?post=97091"},{"taxonomy":"product_brand","embeddable":true,"href":"https:\/\/moto-oprema.com\/de\/wp-json\/wp\/v2\/product_brand?post=97091"},{"taxonomy":"product_cat","embeddable":true,"href":"https:\/\/moto-oprema.com\/de\/wp-json\/wp\/v2\/product_cat?post=97091"},{"taxonomy":"product_tag","embeddable":true,"href":"https:\/\/moto-oprema.com\/de\/wp-json\/wp\/v2\/product_tag?post=97091"}],"curies":[{"name":"wp","href":"https:\/\/api.w.org\/{rel}","templated":true}]}}