{"id":97076,"date":"2024-12-17T09:28:01","date_gmt":"2024-12-17T09:28:01","guid":{"rendered":"https:\/\/moto-oprema.com\/Artikel\/alpinestars-mx-techstar-handschuhe-schwarz-blau-25\/"},"modified":"2024-12-17T09:28:01","modified_gmt":"2024-12-17T09:28:01","slug":"alpinestars-mx-techstar-handschuhe-schwarz-blau-25","status":"publish","type":"product","link":"https:\/\/moto-oprema.com\/de\/Artikel\/alpinestars-mx-techstar-handschuhe-schwarz-blau-25\/","title":{"rendered":"ALPINESTARS MX TECHSTAR HANDSCHUHE SCHWARZ BLAU 25"},"content":{"rendered":"<p>Die neuen Alpinestars Techstar Handschuhe sind aus hochentwickeltem Stretch-Gewebe gefertigt, das ein pr\u00e4zises Gef\u00fchl bei der Benutzung der Griffe vermittelt, und wurden entwickelt, um Schutz auf professionellem Niveau zu bieten. Die Techstar-Handschuhe verf\u00fcgen \u00fcber eine hochflexible Oberkonstruktion, einen thermogeformten Kn\u00f6chelbereich und ein Stretch-Micro-Ripstop-Obermaterial f\u00fcr zus\u00e4tzlichen Komfort und Schutz, w\u00e4hrend die verst\u00e4rkte Handfl\u00e4che aus synthetischem Wildleder ein hohes Ma\u00df an Strapazierf\u00e4higkeit gew\u00e4hrleistet. Die Handfl\u00e4chen bestehen aus leitf\u00e4higem Material f\u00fcr die nahtlose Verwendung mit Smartphones und anderen GPS-Touchscreen-Ger\u00e4ten. Die Handschuhe verf\u00fcgen au\u00dferdem \u00fcber einen neu entwickelten nahtlosen Verschluss f\u00fcr einen sicheren Sitz.   <\/p>\n<p>Die neuen Techstar Handschuhe sind aus hochentwickeltem, dehnbarem Material gefertigt, das ein pr\u00e4zises Gef\u00fchl f\u00fcr die Hebel und Griffe vermittelt, und bieten Schutz auf Profi-Niveau. Die Techstar Handschuhe verf\u00fcgen \u00fcber eine hochflexible Oberkonstruktion mit einem thermogeformten Kn\u00f6chelbereich und einer dehnbaren Mikro-Ripstop-Oberhand f\u00fcr zus\u00e4tzlichen Komfort und Schutz und haben eine verst\u00e4rkte Handfl\u00e4che aus synthetischem Wildleder f\u00fcr hohe Strapazierf\u00e4higkeit. Die Handfl\u00e4chen bestehen aus leitf\u00e4higem Material f\u00fcr die problemlose Verwendung mit Smartphones und anderen GPS-Touchscreen-Ger\u00e4ten. Die Handschuhe haben au\u00dferdem einen neuen geformten, nahtlosen Verschluss f\u00fcr einen sicheren Sitz.   <\/p>\n<p>Die neuen Techstar Gloves sind aus hochentwickeltem, dehnbarem Material f\u00fcr ein pr\u00e4zises Gef\u00fchl an den Hebeln und Griffen und bieten Schutz auf Profi-Niveau. Die Techstar Gloves verf\u00fcgen \u00fcber eine hochflexible Oberkonstruktion mit einem thermogeformten Kn\u00f6chelbereich und einer Stretch-Micro-Ripstop-Oberhand f\u00fcr zus\u00e4tzlichen Komfort und Schutz sowie \u00fcber eine verst\u00e4rkte Handfl\u00e4che aus synthetischem Wildleder f\u00fcr hohe Strapazierf\u00e4higkeit. Die Handfl\u00e4chen bestehen aus leitf\u00e4higem Material f\u00fcr den problemlosen Einsatz mit Smartphones und anderen GPS-Touchscreen-Ger\u00e4ten. Die Handschuhe haben au\u00dferdem einen neuen geformten, nahtlosen Verschluss f\u00fcr einen sicheren Sitz.<\/p>\n","protected":false},"excerpt":{"rendered":"<p>Alpinestars MX Techstar Handschuhe<\/p>\n","protected":false},"featured_media":32787,"comment_status":"open","ping_status":"open","template":"","meta":{"_acf_changed":false},"brand":[2111],"gender":[],"product_brand":[],"product_cat":[2028,2070],"product_tag":[],"class_list":{"0":"post-97076","1":"product","2":"type-product","3":"status-publish","4":"has-post-thumbnail","6":"brand-alpinestars-de","7":"product_cat-motocross-ausrustung","8":"product_cat-mx-handschuhe","9":"pa_size-2xl-de","10":"pa_size-l-de","11":"pa_size-m-de","12":"pa_size-s-de","13":"pa_size-xl-de","15":"first","16":"instock","17":"sale","18":"taxable","19":"shipping-taxable","20":"purchasable","21":"product-type-variable"},"acf":[],"_links":{"self":[{"href":"https:\/\/moto-oprema.com\/de\/wp-json\/wp\/v2\/product\/97076","targetHints":{"allow":["GET"]}}],"collection":[{"href":"https:\/\/moto-oprema.com\/de\/wp-json\/wp\/v2\/product"}],"about":[{"href":"https:\/\/moto-oprema.com\/de\/wp-json\/wp\/v2\/types\/product"}],"replies":[{"embeddable":true,"href":"https:\/\/moto-oprema.com\/de\/wp-json\/wp\/v2\/comments?post=97076"}],"wp:featuredmedia":[{"embeddable":true,"href":"https:\/\/moto-oprema.com\/de\/wp-json\/wp\/v2\/media\/32787"}],"wp:attachment":[{"href":"https:\/\/moto-oprema.com\/de\/wp-json\/wp\/v2\/media?parent=97076"}],"wp:term":[{"taxonomy":"brand","embeddable":true,"href":"https:\/\/moto-oprema.com\/de\/wp-json\/wp\/v2\/brand?post=97076"},{"taxonomy":"gender","embeddable":true,"href":"https:\/\/moto-oprema.com\/de\/wp-json\/wp\/v2\/gender?post=97076"},{"taxonomy":"product_brand","embeddable":true,"href":"https:\/\/moto-oprema.com\/de\/wp-json\/wp\/v2\/product_brand?post=97076"},{"taxonomy":"product_cat","embeddable":true,"href":"https:\/\/moto-oprema.com\/de\/wp-json\/wp\/v2\/product_cat?post=97076"},{"taxonomy":"product_tag","embeddable":true,"href":"https:\/\/moto-oprema.com\/de\/wp-json\/wp\/v2\/product_tag?post=97076"}],"curies":[{"name":"wp","href":"https:\/\/api.w.org\/{rel}","templated":true}]}}