{"id":97051,"date":"2024-12-17T09:46:39","date_gmt":"2024-12-17T09:46:39","guid":{"rendered":"https:\/\/moto-oprema.com\/Artikel\/alpinestars-mx-jersey-racer-hohl-grau-camo-orange-fluo-25\/"},"modified":"2024-12-17T09:46:39","modified_gmt":"2024-12-17T09:46:39","slug":"alpinestars-mx-jersey-racer-hohl-grau-camo-orange-fluo-25","status":"publish","type":"product","link":"https:\/\/moto-oprema.com\/de\/Artikel\/alpinestars-mx-jersey-racer-hohl-grau-camo-orange-fluo-25\/","title":{"rendered":"ALPINESTARS MX JERSEY RACER HOHL GRAU CAMO ORANGE FLUO 25"},"content":{"rendered":"<p>Die Alpinestars Racer Bekleidung wurde auf dem h\u00e4rtesten Terrain der Welt entwickelt und getestet und ist dank ihrer ergonomischen Konstruktion mit einem vorgeformten Schnitt und leichten, strapazierf\u00e4higen und feuchtigkeitsableitenden technischen Materialien ideal f\u00fcr viele Arten von Offroad-Fahrten. Das Racer Hollow Trikot und die Racer Hollow Hose sind in einer Reihe von markanten und aggressiven Farbkombinationen erh\u00e4ltlich, die f\u00fcr die Racer Hollow Gear- und Radar Gloves-Linie entwickelt wurden und den perfekten Look und das perfekte Gef\u00fchl f\u00fcr Leistung bieten. <\/p>\n<p>Die Racer Bekleidung wurde auf einigen der h\u00e4rtesten Terrains rund um den Globus entwickelt und getestet und ist dank der ergonomischen, vorgeformten Konstruktion und der feuchtigkeitsableitenden, leichten und strapazierf\u00e4higen technischen Materialien ideal f\u00fcr viele Formen des Off-Road-Fahrens geeignet. Das Racer Hollow Jersey und die Hose wurden entwickelt, um ein optimales Ma\u00df an Komfort und Strapazierf\u00e4higkeit zu bieten, das von Rennfahrern und Alltagsfahrern ben\u00f6tigt wird, und sind in einer Reihe von unverwechselbaren und aggressiven Farbkombinationen erh\u00e4ltlich, die auf die Racer Hollow Gear- und Radar Gloves-Linie abgestimmt sind, um ein rundum leistungsf\u00e4higes Aussehen zu gew\u00e4hrleisten. <\/p>\n<p>Entwickelt und getestet auf einigen der h\u00e4rtesten Terrains rund um den Globus, ist die Racer-Ausr\u00fcstung dank der ergonomischen, vorgeformten Konstruktion und der feuchtigkeitsableitenden, leichten und strapazierf\u00e4higen technischen Materialien ideal f\u00fcr viele Formen des Off-Road-Fahrens. Das Racer Hollow Jersey und die Racer Hollow Pants wurden entwickelt, um ein optimales Ma\u00df an Komfort und Strapazierf\u00e4higkeit zu bieten, das sowohl von Rennfahrern als von Alltagsfahrern ben\u00f6tigt wird. Sie sind in einer Reihe von unverwechselbaren und aggressiven Farbkombinationen erh\u00e4ltlich, die auf die Racer Hollow Gear- und Radar Gloves-Linie abgestimmt sind, um einen Look und ein Gef\u00fchl der totalen Performance zu vermitteln.  <\/p>\n<p>&nbsp;<\/p>\n<p>&nbsp;<\/p>\n","protected":false},"excerpt":{"rendered":"<p>Alpinestars MX Jersey Racer Hollow<\/p>\n","protected":false},"featured_media":32837,"comment_status":"open","ping_status":"open","template":"","meta":{"_acf_changed":false},"brand":[2111],"gender":[],"product_brand":[],"product_cat":[2028,2029],"product_tag":[],"class_list":{"0":"post-97051","1":"product","2":"type-product","3":"status-publish","4":"has-post-thumbnail","6":"brand-alpinestars-de","7":"product_cat-motocross-ausrustung","8":"product_cat-mx-dresi-de","9":"pa_size-2xl-de","10":"pa_size-l-de","11":"pa_size-m-de","12":"pa_size-s-de","13":"pa_size-xl-de","15":"first","16":"instock","17":"sale","18":"taxable","19":"shipping-taxable","20":"purchasable","21":"product-type-variable"},"acf":[],"_links":{"self":[{"href":"https:\/\/moto-oprema.com\/de\/wp-json\/wp\/v2\/product\/97051","targetHints":{"allow":["GET"]}}],"collection":[{"href":"https:\/\/moto-oprema.com\/de\/wp-json\/wp\/v2\/product"}],"about":[{"href":"https:\/\/moto-oprema.com\/de\/wp-json\/wp\/v2\/types\/product"}],"replies":[{"embeddable":true,"href":"https:\/\/moto-oprema.com\/de\/wp-json\/wp\/v2\/comments?post=97051"}],"wp:featuredmedia":[{"embeddable":true,"href":"https:\/\/moto-oprema.com\/de\/wp-json\/wp\/v2\/media\/32837"}],"wp:attachment":[{"href":"https:\/\/moto-oprema.com\/de\/wp-json\/wp\/v2\/media?parent=97051"}],"wp:term":[{"taxonomy":"brand","embeddable":true,"href":"https:\/\/moto-oprema.com\/de\/wp-json\/wp\/v2\/brand?post=97051"},{"taxonomy":"gender","embeddable":true,"href":"https:\/\/moto-oprema.com\/de\/wp-json\/wp\/v2\/gender?post=97051"},{"taxonomy":"product_brand","embeddable":true,"href":"https:\/\/moto-oprema.com\/de\/wp-json\/wp\/v2\/product_brand?post=97051"},{"taxonomy":"product_cat","embeddable":true,"href":"https:\/\/moto-oprema.com\/de\/wp-json\/wp\/v2\/product_cat?post=97051"},{"taxonomy":"product_tag","embeddable":true,"href":"https:\/\/moto-oprema.com\/de\/wp-json\/wp\/v2\/product_tag?post=97051"}],"curies":[{"name":"wp","href":"https:\/\/api.w.org\/{rel}","templated":true}]}}