{"id":96956,"date":"2024-12-17T08:43:11","date_gmt":"2024-12-17T08:43:11","guid":{"rendered":"https:\/\/moto-oprema.com\/Artikel\/alpinestars-mx-hose-techstar-schmelzen-hell-rot-grau-25\/"},"modified":"2024-12-17T08:43:11","modified_gmt":"2024-12-17T08:43:11","slug":"alpinestars-mx-hose-techstar-schmelzen-hell-rot-grau-25","status":"publish","type":"product","link":"https:\/\/moto-oprema.com\/de\/Artikel\/alpinestars-mx-hose-techstar-schmelzen-hell-rot-grau-25\/","title":{"rendered":"ALPINESTARS MX HOSE TECHSTAR SCHMELZEN HELL ROT GRAU 25"},"content":{"rendered":"<p>Die Alpinestrs Techstar Melt Pants verf\u00fcgt \u00fcber eine neue, verst\u00e4rkte Stoffkonstruktion mit mehr Stretch-Ripstop-Materialien, einen aktualisierten, ergonomischen Schnitt und ein optimiertes Rennsport-Multipanel-Muster, das sich wie eine zweite Haut anf\u00fchlt und hervorragende Bewegungsfreiheit und Mobilit\u00e4t bietet.<\/p>\n<p>Die Alpinestrs Techstar Melt Pants hat eine neue, verst\u00e4rkte Materialkonstruktion, die mehr Stretch-Ripstop-Materialien enth\u00e4lt, sowie einen aktualisierten ergonomischen Schnitt und ein optimiertes Rennsport-Multipanel-Muster, das sich wie eine zweite Haut anf\u00fchlt und erstklassige Bewegungsfreiheit und \u00fcberragende Mobilit\u00e4t bietet.<\/p>\n<p>Die Techstar Melt Pants von Alpinestrs hat eine neue, verst\u00e4rkte Materialkonstruktion, die mehr Stretch-Ripstop-Materialien enth\u00e4lt, sowie einen aktualisierten, ergonomischen Schnitt und ein optimiertes Rennsport-Multipanelmuster, das ein Gef\u00fchl wie eine zweite Haut vermittelt und erstklassige Bewegungsfreiheit und \u00fcberragende Mobilit\u00e4t bietet.<\/p>\n<p>&nbsp;<\/p>\n","protected":false},"excerpt":{"rendered":"<p>Alpinestars Techstar Melt MX-Hose<\/p>\n","protected":false},"featured_media":32737,"comment_status":"open","ping_status":"open","template":"","meta":{"_acf_changed":false},"brand":[2111],"gender":[],"product_brand":[],"product_cat":[2028,2069],"product_tag":[],"class_list":{"0":"post-96956","1":"product","2":"type-product","3":"status-publish","4":"has-post-thumbnail","6":"brand-alpinestars-de","7":"product_cat-motocross-ausrustung","8":"product_cat-mx-hose","9":"pa_size-28-de","10":"pa_size-30-de","11":"pa_size-32-de","12":"pa_size-34-de","13":"pa_size-36-de","14":"pa_size-38-de","15":"pa_size-40-de","17":"first","18":"instock","19":"sale","20":"taxable","21":"shipping-taxable","22":"purchasable","23":"product-type-variable"},"acf":[],"_links":{"self":[{"href":"https:\/\/moto-oprema.com\/de\/wp-json\/wp\/v2\/product\/96956","targetHints":{"allow":["GET"]}}],"collection":[{"href":"https:\/\/moto-oprema.com\/de\/wp-json\/wp\/v2\/product"}],"about":[{"href":"https:\/\/moto-oprema.com\/de\/wp-json\/wp\/v2\/types\/product"}],"replies":[{"embeddable":true,"href":"https:\/\/moto-oprema.com\/de\/wp-json\/wp\/v2\/comments?post=96956"}],"wp:featuredmedia":[{"embeddable":true,"href":"https:\/\/moto-oprema.com\/de\/wp-json\/wp\/v2\/media\/32737"}],"wp:attachment":[{"href":"https:\/\/moto-oprema.com\/de\/wp-json\/wp\/v2\/media?parent=96956"}],"wp:term":[{"taxonomy":"brand","embeddable":true,"href":"https:\/\/moto-oprema.com\/de\/wp-json\/wp\/v2\/brand?post=96956"},{"taxonomy":"gender","embeddable":true,"href":"https:\/\/moto-oprema.com\/de\/wp-json\/wp\/v2\/gender?post=96956"},{"taxonomy":"product_brand","embeddable":true,"href":"https:\/\/moto-oprema.com\/de\/wp-json\/wp\/v2\/product_brand?post=96956"},{"taxonomy":"product_cat","embeddable":true,"href":"https:\/\/moto-oprema.com\/de\/wp-json\/wp\/v2\/product_cat?post=96956"},{"taxonomy":"product_tag","embeddable":true,"href":"https:\/\/moto-oprema.com\/de\/wp-json\/wp\/v2\/product_tag?post=96956"}],"curies":[{"name":"wp","href":"https:\/\/api.w.org\/{rel}","templated":true}]}}