{"id":96747,"date":"2024-12-15T09:18:54","date_gmt":"2024-12-15T09:18:54","guid":{"rendered":"https:\/\/moto-oprema.com\/Artikel\/alpinestars-supertech-r10-helm-schwarz-carbon-hellrot\/"},"modified":"2024-12-15T09:18:54","modified_gmt":"2024-12-15T09:18:54","slug":"alpinestars-supertech-r10-helm-schwarz-carbon-hellrot","status":"publish","type":"product","link":"https:\/\/moto-oprema.com\/de\/Artikel\/alpinestars-supertech-r10-helm-schwarz-carbon-hellrot\/","title":{"rendered":"ALPINESTARS SUPERTECH R10 HELM SCHWARZ CARBON HELLROT"},"content":{"rendered":"<p>Alpinestars Supertech R10 Carbon Helm<\/p>\n<p>Entworfen und entwickelt f\u00fcr professionelle MotoGP-Sportler, die schneller fahren und gesch\u00fctzt sein wollen.<\/p>\n<p>Durch die Verringerung des Luftwiderstands und die optimale aerodynamische Stabilit\u00e4t, die Kontrolle der Luft au\u00dferhalb und innerhalb des Helms und die komfortable und flexible Passform verbessert der S-R10 das gesamte Renn- und Sporterlebnis. Der Alpinestars Supertech R10 ist die Kr\u00f6nung der Alpinestars Rennhelme. <\/p>\n<p>Merkmale:<\/p>\n<p>Optimiertes Design des Kinnb\u00fcgels f\u00fcr maximalen Schutz des Schl\u00fcsselbeins<br \/>\nNeben einer aerodynamischen, auf Luftwiderstand optimierten Schale verf\u00fcgt der Helm auch \u00fcber eine Aussparung im Bereich des Schl\u00fcsselbeins, um im Falle eines Kontakts mit dem K\u00f6rper ein weicheres Volumen zu bieten.<br \/>\nDer Kinnb\u00fcgel hat ein leichtes und robustes Profil zum Schutz der Kinnspitze des Fahrers<br \/>\nMehrschichtige Kompositkonstruktion, verbunden mit fortschrittlichem Epoxidharz, um St\u00e4rke, mechanische Leistung und Gewichtsverh\u00e4ltnis zu gew\u00e4hrleisten<br \/>\ndas \u00e4u\u00dfere und innere Design und die Materialdichte wurden f\u00fcr maximalen Schutz gegen lineare und winklige Beschleunigungsst\u00f6\u00dfe optimiert<br \/>\ndie gesamte Helmform ist auf aerodynamische Effizienz und Stabilit\u00e4t ausgelegt; der Rennspoiler und die Fl\u00fcgel reduzieren den Luftwiderstand um zus\u00e4tzliche 4,54%.<br \/>\nder Visiermechanismus muss mit Metallverriegelungshebeln ausgestattet sein, um ein versehentliches Ausl\u00f6sen des Visiers bei Reflexionen zu verhindern, und muss in geschlossener Position durch einen vorderen Metallhaken verriegelt werden<br \/>\nDas Schnellwechselsystem erm\u00f6glicht einen schnellen und einfachen Austausch des Visiers<br \/>\nExtrem gro\u00dfes Sichtfeld (220\u00b0 seitliches Sichtfeld und 57\u00b0 vertikales Sichtfeld)<br \/>\ndas Visier ist bereit f\u00fcr Pinlock<br \/>\nDas Visier ist bereit f\u00fcr Filme, die abrei\u00dfen<br \/>\n11 Bel\u00fcftungs\u00f6ffnungen (Kinnbel\u00fcftung, Dachbel\u00fcftung, Heckspoiler)<br \/>\nEPS-Schaum wurde entwickelt, um St\u00f6\u00dfe genau dort zu absorbieren, wo sie ben\u00f6tigt werden<br \/>\nA-Head: Der EPS ist mit dem patentierten A-Head H\u00f6hen- und Winkelverstellsystem ausgestattet, das von Alpinestars entwickelt und urspr\u00fcnglich erfolgreich im S-M10 Motocross-Helm eingesetzt wurde, um das Produkt pr\u00e4zise an die vom Fahrer bevorzugte H\u00f6he und den Winkel, in dem der Helm auf dem Kopf sitzt, anzupassen.<br \/>\nHochwertiges Innenfutter (herausnehmbar und waschbar)<br \/>\nbereit f\u00fcr das Trinksystem<br \/>\nNotabwurfsystem: sicheres und einfaches Abnehmen der Wangenpolster, w\u00e4hrend der Helm noch auf dem Kopf sitzt<br \/>\nSpezifikationen:<\/p>\n<ul>\n<li>\u00c4u\u00dfere H\u00fclle aus Kohlefaser<\/li>\n<li>EPS-Innenschale<\/li>\n<li>Doppel-D-Ring<\/li>\n<li>ECE 22.06<\/li>\n<li>DOT<\/li>\n<li>FIM<\/li>\n<li>Gewicht: 1540 g +\/- 50 g (Gr\u00f6\u00dfe M)<\/li>\n<\/ul>\n<p>Im Lieferumfang enthalten:<\/p>\n<p>Lieferumfang: 1x Alpinestars Supertech R10 Carbon Helm<br \/>\n1x Visier, dunkel get\u00f6nt 1x klares Visier<br \/>\n1x Pinlock<br \/>\n1x Atmungsabweiser<br \/>\ninkl. Abrei\u00dffolien<\/p>\n","protected":false},"excerpt":{"rendered":"<p>Alpinestars Supertech R10 Carbon Helm Entworfen und entwickelt f\u00fcr professionelle MotoGP-Sportler, die schneller fahren und gesch\u00fctzt&#8230;<\/p>\n","protected":false},"featured_media":96748,"comment_status":"open","ping_status":"closed","template":"","meta":{"_acf_changed":false},"brand":[2111],"gender":[2173],"product_brand":[],"product_cat":[1357,1360,1361],"product_tag":[],"class_list":{"0":"post-96747","1":"product","2":"type-product","3":"status-publish","4":"has-post-thumbnail","6":"brand-alpinestars-de","7":"gender-unisex-de","8":"product_cat-ausrustung-fur-motorradfahrer","9":"product_cat-helme","10":"product_cat-integral","11":"pa_size-l-de","12":"pa_size-m-de","13":"pa_size-s-de","14":"pa_size-xl-de","15":"pa_size-xs-de","16":"pa_size-xxl-de","18":"first","19":"instock","20":"featured","21":"taxable","22":"shipping-taxable","23":"purchasable","24":"product-type-variable"},"acf":[],"_links":{"self":[{"href":"https:\/\/moto-oprema.com\/de\/wp-json\/wp\/v2\/product\/96747","targetHints":{"allow":["GET"]}}],"collection":[{"href":"https:\/\/moto-oprema.com\/de\/wp-json\/wp\/v2\/product"}],"about":[{"href":"https:\/\/moto-oprema.com\/de\/wp-json\/wp\/v2\/types\/product"}],"replies":[{"embeddable":true,"href":"https:\/\/moto-oprema.com\/de\/wp-json\/wp\/v2\/comments?post=96747"}],"wp:featuredmedia":[{"embeddable":true,"href":"https:\/\/moto-oprema.com\/de\/wp-json\/wp\/v2\/media\/96748"}],"wp:attachment":[{"href":"https:\/\/moto-oprema.com\/de\/wp-json\/wp\/v2\/media?parent=96747"}],"wp:term":[{"taxonomy":"brand","embeddable":true,"href":"https:\/\/moto-oprema.com\/de\/wp-json\/wp\/v2\/brand?post=96747"},{"taxonomy":"gender","embeddable":true,"href":"https:\/\/moto-oprema.com\/de\/wp-json\/wp\/v2\/gender?post=96747"},{"taxonomy":"product_brand","embeddable":true,"href":"https:\/\/moto-oprema.com\/de\/wp-json\/wp\/v2\/product_brand?post=96747"},{"taxonomy":"product_cat","embeddable":true,"href":"https:\/\/moto-oprema.com\/de\/wp-json\/wp\/v2\/product_cat?post=96747"},{"taxonomy":"product_tag","embeddable":true,"href":"https:\/\/moto-oprema.com\/de\/wp-json\/wp\/v2\/product_tag?post=96747"}],"curies":[{"name":"wp","href":"https:\/\/api.w.org\/{rel}","templated":true}]}}