{"id":96746,"date":"2024-12-10T10:46:10","date_gmt":"2024-12-10T10:46:10","guid":{"rendered":"https:\/\/moto-oprema.com\/Artikel\/alpinestars-supertech-corp-abrollen-mx-schutzbrille-schwarz\/"},"modified":"2024-12-10T10:46:10","modified_gmt":"2024-12-10T10:46:10","slug":"alpinestars-supertech-corp-abrollen-mx-schutzbrille-schwarz","status":"publish","type":"product","link":"https:\/\/moto-oprema.com\/de\/Artikel\/alpinestars-supertech-corp-abrollen-mx-schutzbrille-schwarz\/","title":{"rendered":"ALPINESTARS SUPERTECH CORP ABROLLEN MX SCHUTZBRILLE SCHWARZ"},"content":{"rendered":"<p>Entwickelt, getestet und bew\u00e4hrt auf h\u00f6chstem Niveau bei Motocross- und Supercross-Rennen. Entwickelt, um un\u00fcbertroffenen Komfort, pr\u00e4zise Sauberkeit und Feuchtigkeitsmanagement zu bieten.  Die neue SUPERTECH-Brille bietet eine \u00fcberragende Sehleistung bei Motocross- und Offroad-Rennen.<\/p>\n<p>Entwickelt, getestet und bew\u00e4hrt auf h\u00f6chstem Niveau bei Motocross- und Supercross-Rennen. Die neue SUPERTECH Goggles bietet unvergleichlichen Komfort, pr\u00e4zise Klarheit und Feuchtigkeitsmanagement. Die neue SUPERTECH Goggles gew\u00e4hrleisten die ultimative Motocross- und Offroad-Sichtleistung.  <\/p>\n<p>Entwickelt, getestet und bew\u00e4hrt auf h\u00f6chstem Niveau bei Motocross- und Supercross-Rennen. Entwickelt, um unvergleichlichen Komfort, pr\u00e4zise Klarheit und Feuchtigkeitsmanagement zu bieten.  Die neuen SUPERTECH Goggles gew\u00e4hrleisten die ultimative Motocross- und Offroad-Sichtleistung.<\/p>\n<ul class=\"group\/features\">\n<li><span class=\"metafield-multi_line_text_field\">SUPERTECH Weitsicht-Roll-Off-Bausatz.<\/span><\/li>\n<li>Klassenbeste periphere Sicht.<\/li>\n<li>Inklusive Schutzbrille, Objektiv, zwei Rollen Film, Schlammvisier und System.<\/li>\n<li>Die spritzgegossene Linse sorgt daf\u00fcr, dass die visuelle Verzerrung nahezu Null ist.<\/li>\n<li>Eingebaute &#8222;Gleitlinien&#8220; aus Silikon verhindern, dass die Folie am Objektiv klebt.<\/li>\n<li>Die SUPERTECH Brillengl\u00e4ser sind aus hochwertigem, schlagfestem Polycarbonat hergestellt. Die spritzgegossenen Gl\u00e4ser sorgen f\u00fcr keinerlei optische Verzerrung <\/li>\n<li>Super-Lock\u00ae: Das Alpinestars Super-Lock\u00ae ist ein innovatives Linsenverschlusssystem, das die ABS Vision eingespritzte Linse sicher und fest versiegelt in Position h\u00e4lt. Dieses System erm\u00f6glicht es dem Fahrer, die Linse mit einer einfachen Daumenbewegung schnell gegen eine andere Linse oder ein Roll-Off-System auszutauschen. <\/li>\n<li>SUPERTECH-Rahmen: Der solide DYAD-Au\u00dfenrahmen h\u00e4lt die Gl\u00e4ser an Ort und Stelle und sorgt f\u00fcr eine Abdichtung gegen umherfliegende Tr\u00fcmmer und Schmutz. Der \u00e4u\u00dfere Rahmen ist mit einem weichen, anpassungsf\u00e4higen Innenrahmen aus exklusivem A-FLEX gesichtsformendem Material doppelt gespritzt, so dass er sich an unterschiedliche Gesichtsformen anpassen kann und eine au\u00dfergew\u00f6hnliche Abdichtung und Passform bietet. <\/li>\n<li>ISP-Bandkeil: Der ISP-Keil (Ideal Strap Position) positioniert das 45-mm-Silikonband jedes Mal perfekt auf dem Helm und sorgt f\u00fcr einen gleichm\u00e4\u00dfigen Zug an der Brille f\u00fcr den bestm\u00f6glichen Sitz.<\/li>\n<li>Wrap-Around Outrigger: Das Wrap-Around Outrigger System ist eine echte Neuerung. Es wurde entwickelt, um die Brille gleichm\u00e4\u00dfig von der Mitte des Rahmens aus ins Gesicht zu ziehen und so eine perfekte, sichere Abdichtung und Passform zu schaffen.<\/li>\n<li>3D-geformter Gesichtsschaum: Der Supertech 3D-geformte, mehrlagige Gesichtsschaum sorgt f\u00fcr eine bequeme Passform f\u00fcr fast jede Gesichtsform. Das strategisch geformte Design sorgt f\u00fcr eine perfekte Abdichtung, ein weit offenes Sichtfeld und ein effektives Schwei\u00dfmanagement, wie es von Profifahrern gefordert wird. <\/li>\n<li>Feuchtigkeitskanal: Der innovative Feuchtigkeitskanal der Brille wirkt wie eine Rinne, die den Schwei\u00df vom Brillenglas wegleitet und so Tropfen oder Spritzer verhindert. Dieser Kanal leitet den Schwei\u00df \u00fcber die Oberseite und an den Seiten des Rahmens hinunter. <\/li>\n<li>Forced-Air-Bel\u00fcftungssystem: Das Forced-Air-Bel\u00fcftungssystem und das Rahmendesign der SUPERTECH Goggles sind angewinkelt, damit die Luft unter der Brille und durch die 100 PPI-Bel\u00fcftungs\u00f6ffnungen str\u00f6men kann, was eine maximale Bel\u00fcftung gew\u00e4hrleistet.<\/li>\n<li>Weite Sicht : Das weite Sichtfeld der SUPERTECH Goggles bietet eine au\u00dfergew\u00f6hnliche periphere Sicht, die sich nahtlos in das ULTRA-WIDE 48mm Roll-Off-System von Alpinestars einf\u00fcgt.<\/li>\n<li>Eingespritzte Schnallen: Die eingespritzten 45-mm-Schnallen ersetzen das traditionelle Falt- und N\u00e4hsystem und bieten ein schlankeres, flaches Band mit einfacher Verstellbarkeit.<\/li>\n<li>Der 45 mm breite gewebte Riemen mit Silikontraktion sorgt daf\u00fcr, dass alles an seinem Platz bleibt, egal ob auf der Strecke oder auf dem Trail.<\/li>\n<\/ul>\n<p>&nbsp;<\/p>\n<p>&nbsp;<\/p>\n<p>&nbsp;<\/p>\n","protected":false},"excerpt":{"rendered":"<p>Alpinestars Supertech Corp Schutzbrille Roll Off Farbe: Schwarz Linse: Grau Klar Roll-Off<\/p>\n","protected":false},"featured_media":32499,"comment_status":"open","ping_status":"open","template":"","meta":{"_acf_changed":false},"brand":[2111],"gender":[2173],"product_brand":[],"product_cat":[2028,2182],"product_tag":[],"class_list":{"0":"post-96746","1":"product","2":"type-product","3":"status-publish","4":"has-post-thumbnail","6":"brand-alpinestars-de","7":"gender-unisex-de","8":"product_cat-motocross-ausrustung","9":"product_cat-mx-brille","11":"first","12":"instock","13":"sale","14":"taxable","15":"shipping-taxable","16":"purchasable","17":"product-type-simple"},"acf":[],"_links":{"self":[{"href":"https:\/\/moto-oprema.com\/de\/wp-json\/wp\/v2\/product\/96746","targetHints":{"allow":["GET"]}}],"collection":[{"href":"https:\/\/moto-oprema.com\/de\/wp-json\/wp\/v2\/product"}],"about":[{"href":"https:\/\/moto-oprema.com\/de\/wp-json\/wp\/v2\/types\/product"}],"replies":[{"embeddable":true,"href":"https:\/\/moto-oprema.com\/de\/wp-json\/wp\/v2\/comments?post=96746"}],"wp:featuredmedia":[{"embeddable":true,"href":"https:\/\/moto-oprema.com\/de\/wp-json\/wp\/v2\/media\/32499"}],"wp:attachment":[{"href":"https:\/\/moto-oprema.com\/de\/wp-json\/wp\/v2\/media?parent=96746"}],"wp:term":[{"taxonomy":"brand","embeddable":true,"href":"https:\/\/moto-oprema.com\/de\/wp-json\/wp\/v2\/brand?post=96746"},{"taxonomy":"gender","embeddable":true,"href":"https:\/\/moto-oprema.com\/de\/wp-json\/wp\/v2\/gender?post=96746"},{"taxonomy":"product_brand","embeddable":true,"href":"https:\/\/moto-oprema.com\/de\/wp-json\/wp\/v2\/product_brand?post=96746"},{"taxonomy":"product_cat","embeddable":true,"href":"https:\/\/moto-oprema.com\/de\/wp-json\/wp\/v2\/product_cat?post=96746"},{"taxonomy":"product_tag","embeddable":true,"href":"https:\/\/moto-oprema.com\/de\/wp-json\/wp\/v2\/product_tag?post=96746"}],"curies":[{"name":"wp","href":"https:\/\/api.w.org\/{rel}","templated":true}]}}