{"id":96407,"date":"2025-03-12T09:00:48","date_gmt":"2025-03-12T09:00:48","guid":{"rendered":"https:\/\/moto-oprema.com\/Artikel\/alpinestars-st-7-gore-tex-jacke-tiefgrau-schwarz-dunkel-khaki\/"},"modified":"2025-03-12T09:00:48","modified_gmt":"2025-03-12T09:00:48","slug":"alpinestars-st-7-gore-tex-jacke-tiefgrau-schwarz-dunkel-khaki","status":"publish","type":"product","link":"https:\/\/moto-oprema.com\/de\/Artikel\/alpinestars-st-7-gore-tex-jacke-tiefgrau-schwarz-dunkel-khaki\/","title":{"rendered":"ALPINESTARS ST-7 GORE-TEX JACKE TIEFGRAU SCHWARZ DUNKEL KHAKI"},"content":{"rendered":"<p>Die ST-7 2L GORE-TEX Jacke von Alpinestars wurde f\u00fcr Motorradfahrer entwickelt, die die \u00fcberlegenen Vorteile der laminierten GORE-TEX Konstruktion und der ergonomischen Beweglichkeit suchen. Sie ist eine leichte Jacke, die f\u00fcr den weniger intensiven Gebrauch bei anspruchsvollen Offroad-Abenteuern konzipiert wurde. Die ST-7 Jacke zeichnet sich durch ein Schnittmuster mit einer speziell zugeschnittenen Passform aus, die f\u00fcr eine nat\u00fcrliche Beweglichkeit auf dem Motorrad sorgt. Die ST-7 Jacke hat eine vollst\u00e4ndig wasserdichte und atmungsaktive GORE-TEX laminierte Au\u00dfenseite, die langlebig, leicht und flexibel ist. Die Jacke bietet eine bequeme Passform mit einem vorgeformten Schnitt und gro\u00dfen Stretcheins\u00e4tzen an Brust, R\u00fccken und Unterarmen f\u00fcr hervorragende Bewegungsfreiheit. Die Au\u00dfenschicht verf\u00fcgt \u00fcber ergonomische und wasserabweisende Taschen, die auch w\u00e4hrend der Fahrt f\u00fcr Komfort sorgen. Dar\u00fcber hinaus verf\u00fcgt die Jacke \u00fcber einen geraden Kragen mit direktem Verschluss und Schockkordelverstellung, um den Halsbereich bei Regen oder k\u00e4lterem Wetter abzudichten, sowie \u00fcber direkte Bel\u00fcftungseins\u00e4tze auf der Brust und Rei\u00dfverschluss\u00f6ffnungen an den Armen f\u00fcr eine bessere Bel\u00fcftung. Innen ist die Tech-Air\u00ae Ready, ST-7 2L GORE-TEX Jacke mit CE Level 2 eingestuften Nucleon Flex Pro Ellbogen- und Schulterpolstern und einem herausnehmbaren Thermofutter ausgestattet, das aus 100 g Isolierung f\u00fcr den Oberk\u00f6rper und 60 g Isolierung an den Armen besteht &#8211; perfekt, um das ganze Jahr \u00fcber die richtige Menge an Klimakontrolle f\u00fcr den Fahrer je nach Fahrbedingungen einzustellen.       <\/p>\n<p>Merkmale:<\/p>\n<ul>\n<li>Tech-Air\u00ae bereit.<\/li>\n<li>2L GORE-TEX laminierte Au\u00dfenseite f\u00fcr 100% Wasserdichtigkeit und Atmungsaktivit\u00e4t.<\/li>\n<li>Direkte Bel\u00fcftungspaneele und herausnehmbares Thermofutter.<\/li>\n<\/ul>\n<p>Zusammensetzung des Rohmaterials: 66 % POLYAMID 34 % POLIESTER<\/p>\n","protected":false},"excerpt":{"rendered":"<p>Die ST-7 2L GORE-TEX Jacke von Alpinestars wurde f\u00fcr Motorradfahrer entwickelt, die die \u00fcberlegenen Vorteile der&#8230;<\/p>\n","protected":false},"featured_media":96386,"comment_status":"open","ping_status":"closed","template":"","meta":{"_acf_changed":false},"brand":[2111],"gender":[2168],"product_brand":[],"product_cat":[1357,2045,2048],"product_tag":[],"class_list":{"0":"post-96407","1":"product","2":"type-product","3":"status-publish","4":"has-post-thumbnail","6":"brand-alpinestars-de","7":"gender-moski-de","8":"product_cat-ausrustung-fur-motorradfahrer","9":"product_cat-jakne-de","10":"product_cat-textil-jacken","11":"pa_size-2xl-de","12":"pa_size-3xl-de","13":"pa_size-4xl-de","14":"pa_size-l-de","15":"pa_size-m-de","16":"pa_size-s-de","17":"pa_size-xl-de","19":"first","20":"instock","21":"sale","22":"taxable","23":"shipping-taxable","24":"purchasable","25":"product-type-variable"},"acf":[],"_links":{"self":[{"href":"https:\/\/moto-oprema.com\/de\/wp-json\/wp\/v2\/product\/96407","targetHints":{"allow":["GET"]}}],"collection":[{"href":"https:\/\/moto-oprema.com\/de\/wp-json\/wp\/v2\/product"}],"about":[{"href":"https:\/\/moto-oprema.com\/de\/wp-json\/wp\/v2\/types\/product"}],"replies":[{"embeddable":true,"href":"https:\/\/moto-oprema.com\/de\/wp-json\/wp\/v2\/comments?post=96407"}],"wp:featuredmedia":[{"embeddable":true,"href":"https:\/\/moto-oprema.com\/de\/wp-json\/wp\/v2\/media\/96386"}],"wp:attachment":[{"href":"https:\/\/moto-oprema.com\/de\/wp-json\/wp\/v2\/media?parent=96407"}],"wp:term":[{"taxonomy":"brand","embeddable":true,"href":"https:\/\/moto-oprema.com\/de\/wp-json\/wp\/v2\/brand?post=96407"},{"taxonomy":"gender","embeddable":true,"href":"https:\/\/moto-oprema.com\/de\/wp-json\/wp\/v2\/gender?post=96407"},{"taxonomy":"product_brand","embeddable":true,"href":"https:\/\/moto-oprema.com\/de\/wp-json\/wp\/v2\/product_brand?post=96407"},{"taxonomy":"product_cat","embeddable":true,"href":"https:\/\/moto-oprema.com\/de\/wp-json\/wp\/v2\/product_cat?post=96407"},{"taxonomy":"product_tag","embeddable":true,"href":"https:\/\/moto-oprema.com\/de\/wp-json\/wp\/v2\/product_tag?post=96407"}],"curies":[{"name":"wp","href":"https:\/\/api.w.org\/{rel}","templated":true}]}}