{"id":96368,"date":"2025-03-11T09:21:05","date_gmt":"2025-03-11T09:21:05","guid":{"rendered":"https:\/\/moto-oprema.com\/Artikel\/alpinestars-gp-plus-r-v3-leder-handschuhe-schwarz-weiss-fluo-rot\/"},"modified":"2025-03-11T09:21:05","modified_gmt":"2025-03-11T09:21:05","slug":"alpinestars-gp-plus-r-v3-leder-handschuhe-schwarz-weiss-fluo-rot","status":"publish","type":"product","link":"https:\/\/moto-oprema.com\/de\/Artikel\/alpinestars-gp-plus-r-v3-leder-handschuhe-schwarz-weiss-fluo-rot\/","title":{"rendered":"ALPINESTARS GP PLUS R V3 LEDER HANDSCHUHE SCHWARZ WEISS FLUO ROT"},"content":{"rendered":"<div id=\"tw-target-text-container\" class=\"tw-ta-container tw-nfl\">\n<p id=\"tw-target-text\" class=\"tw-data-text tw-text-large tw-ta\" dir=\"ltr\" style=\"text-align: left;\">Die GP PLUS R v3 Handschuhe wurden f\u00fcr eine verbesserte Rennleistung und Vielseitigkeit auf der Strecke optimiert. Sie verf\u00fcgen \u00fcber neue Kn\u00f6chelpolster und eine vollst\u00e4ndig aus Leder gefertigte Handfl\u00e4che und obere Handfl\u00e4che f\u00fcr mehr Abriebfestigkeit. Die Stulpe aus Aramid-Stretchmaterial, das von Alpinestars&#8216; Premium-Supertech-Rennhandschuhen abgeleitet ist, sorgt f\u00fcr einen sicheren und bequemen Sitz, w\u00e4hrend die Lederverst\u00e4rkung der Handfl\u00e4che die Haltbarkeit und Sicherheit erh\u00f6ht. Mit einem vorgeformten Design und einer Rennfingerbr\u00fccke bieten diese Handschuhe optimale Ergonomie und Kontrolle auf der Strecke.  <\/p>\n<p dir=\"ltr\">Behaarung:<\/p>\n<ul>\n<li dir=\"ltr\">Diese Handschuhe wurden f\u00fcr optimale Leistung und Atmungsaktivit\u00e4t entwickelt. Strategisch platzierte Perforationen im Leder sorgen f\u00fcr bessere Luftzirkulation und Atmungsaktivit\u00e4t.<\/li>\n<li dir=\"ltr\">Die Alpinestars DFS (Dynamic Friction Shield) Technologie verbessert den Schutz, indem sie Reibung und Abrieb in kritischen Bereichen reduziert.<\/li>\n<li dir=\"ltr\">Die Hybrid-Konstruktion der Zehenn\u00e4hte sorgt f\u00fcr Komfort und R\u00fcckmeldung und reduziert gleichzeitig die Dicke des Materials f\u00fcr ein besseres Gef\u00fchl und mehr Kontrolle.<\/li>\n<\/ul>\n<p>Schutz:<\/p>\n<ul>\n<li>TPU Kn\u00f6chelschutz mit doppelter Dichte.<\/li>\n<li>TPU-Handfl\u00e4chenschieber.<\/li>\n<li>Weicher Aufprallschutz f\u00fcr die Manschette.<\/li>\n<li>TPU-Fingerschlitten.<\/li>\n<li>Fingerr\u00fccken (alle Phalangen).<\/li>\n<li>TPR-Verst\u00e4rkung am Handgelenk.<\/li>\n<li>Handballenauflage.<\/li>\n<li>Daumenfutter.<\/li>\n<li>Schlagfeste Schaumstoffverst\u00e4rkung an Oberarm, Manschette, Handfl\u00e4che und Fingern.<\/li>\n<li>CE-zertifizierter Handschuh &#8211; KP6-Kn\u00f6chelschutz<\/li>\n<\/ul>\n<p>Rohstoffzusammensetzung: 60% PFERDESAMEN 18%POLYURETHAN 15%POLYAMID 3%POLYESTER 2%ARAMIDFASERN 2%GUM<\/p>\n<\/div>\n","protected":false},"excerpt":{"rendered":"<p>Farbe: Schwarz &#8211; Wei\u00df &#8211; Fluo Rot<\/p>\n","protected":false},"featured_media":96366,"comment_status":"open","ping_status":"closed","template":"","meta":{"_acf_changed":false},"brand":[2111],"gender":[2168],"product_brand":[],"product_cat":[1357,2086,2188],"product_tag":[],"class_list":{"0":"post-96368","1":"product","2":"type-product","3":"status-publish","4":"has-post-thumbnail","6":"brand-alpinestars-de","7":"gender-moski-de","8":"product_cat-ausrustung-fur-motorradfahrer","9":"product_cat-handschuhe","10":"product_cat-lederhandschuhe","11":"pa_velikost-st-l-de","12":"pa_velikost-st-m-de","13":"pa_velikost-st-s-de","14":"pa_velikost-st-xl-de","15":"pa_velikost-st-xxl-de","17":"first","18":"instock","19":"sale","20":"featured","21":"taxable","22":"shipping-taxable","23":"purchasable","24":"product-type-variable"},"acf":[],"_links":{"self":[{"href":"https:\/\/moto-oprema.com\/de\/wp-json\/wp\/v2\/product\/96368","targetHints":{"allow":["GET"]}}],"collection":[{"href":"https:\/\/moto-oprema.com\/de\/wp-json\/wp\/v2\/product"}],"about":[{"href":"https:\/\/moto-oprema.com\/de\/wp-json\/wp\/v2\/types\/product"}],"replies":[{"embeddable":true,"href":"https:\/\/moto-oprema.com\/de\/wp-json\/wp\/v2\/comments?post=96368"}],"wp:featuredmedia":[{"embeddable":true,"href":"https:\/\/moto-oprema.com\/de\/wp-json\/wp\/v2\/media\/96366"}],"wp:attachment":[{"href":"https:\/\/moto-oprema.com\/de\/wp-json\/wp\/v2\/media?parent=96368"}],"wp:term":[{"taxonomy":"brand","embeddable":true,"href":"https:\/\/moto-oprema.com\/de\/wp-json\/wp\/v2\/brand?post=96368"},{"taxonomy":"gender","embeddable":true,"href":"https:\/\/moto-oprema.com\/de\/wp-json\/wp\/v2\/gender?post=96368"},{"taxonomy":"product_brand","embeddable":true,"href":"https:\/\/moto-oprema.com\/de\/wp-json\/wp\/v2\/product_brand?post=96368"},{"taxonomy":"product_cat","embeddable":true,"href":"https:\/\/moto-oprema.com\/de\/wp-json\/wp\/v2\/product_cat?post=96368"},{"taxonomy":"product_tag","embeddable":true,"href":"https:\/\/moto-oprema.com\/de\/wp-json\/wp\/v2\/product_tag?post=96368"}],"curies":[{"name":"wp","href":"https:\/\/api.w.org\/{rel}","templated":true}]}}